{"id":780956,"date":"2026-01-20T04:31:23","date_gmt":"2026-01-20T01:31:23","guid":{"rendered":"https:\/\/roveyayinevi.com.tr\/index.php\/urun\/arican-ile-kralice-cok-tatli\/"},"modified":"2026-04-15T03:45:27","modified_gmt":"2026-04-15T00:45:27","slug":"arican-ile-kralice-cok-tatli","status":"publish","type":"product","link":"https:\/\/roveyayinevi.com.tr\/index.php\/urun\/arican-ile-kralice-cok-tatli\/","title":{"rendered":"Ar\u0131can ile Krali\u00e7e &#8211; \u00c7ok Tatl\u0131!"},"content":{"rendered":"<p>M\u0130N\u0130K KAHRAMANLAR D\u00dcNYAYI KURTARMAYA HAZIRLANIYOR!Harika bilgiler, muhte\u015fem \u00e7izimler ve kahkaha dolu bir \u00e7izgi macera!Birbirinden e\u011flenceli 3 \u00f6yk\u00fc ve 4 mini \u00f6yk\u00fc bir arada! \u00d6YK\u00dc: K\u0130B-ARI OL!Ar\u0131can ve Krali\u00e7e tan\u0131\u015f\u0131yor\u2026 ve hemen tart\u0131\u015fmaya ba\u015fl\u0131yor! Bu ar\u0131lar\u0131n da hem i\u011fnesi hem dili \u00e7ok sivri can\u0131m! \u00d6YK\u00dc: G\u0130ZL\u0130 TAR\u0130FBal\u0131n nas\u0131l yap\u0131ld\u0131\u011f\u0131n\u0131 \u00f6\u011frenen ar\u0131can \u015fa\u015fk\u0131na d\u00f6n\u00fcyor! Bal ger\u00e7ekten b\u00f6yle yap\u0131l\u0131yor olamaaaz! \u00d6YK\u00dc: S\u00dcPER KOLON\u0130Ar\u0131can ve V\u0131zo\u2019nun d\u00fcellosuna herkes davetli! Ama sonunda kazanan krali\u00e7e olacak!<\/p>\n","protected":false},"excerpt":{"rendered":"<p>M\u0130N\u0130K KAHRAMANLAR D\u00dcNYAYI KURTARMAYA HAZIRLANIYOR!Harika bilgiler, muhte\u015fem \u00e7izimler ve kahkaha dolu bir \u00e7izgi macera!Birbirinden e\u011flenceli 3 \u00f6yk\u00fc ve 4 mini \u00f6yk\u00fc bir arada! \u00d6YK\u00dc: K\u0130B-ARI OL!Ar\u0131can<span class=\"excerpt-hellip\"> [\u2026]<\/span><\/p>\n","protected":false},"featured_media":0,"template":"","meta":{"_monsterinsights_skip_tracking":false,"_monsterinsights_sitenote_active":false,"_monsterinsights_sitenote_note":"","_monsterinsights_sitenote_category":0},"product_brand":[],"product_cat":[12274,12284],"product_tag":[],"class_list":{"0":"post-780956","1":"product","2":"type-product","3":"status-publish","5":"product_cat-cocuk-ve-genclik-kitaplari","6":"product_cat-hikayeler","7":"pa_cilt-ciltsiz","8":"pa_tur-kitap","9":"pa_yayinevi-ithaki-yayinlari","10":"pa_yazar-raymond-mcgrath","12":"first","13":"instock","14":"sale","15":"shipping-taxable","16":"purchasable","17":"product-type-simple"},"_links":{"self":[{"href":"https:\/\/roveyayinevi.com.tr\/index.php\/wp-json\/wp\/v2\/product\/780956","targetHints":{"allow":["GET"]}}],"collection":[{"href":"https:\/\/roveyayinevi.com.tr\/index.php\/wp-json\/wp\/v2\/product"}],"about":[{"href":"https:\/\/roveyayinevi.com.tr\/index.php\/wp-json\/wp\/v2\/types\/product"}],"wp:attachment":[{"href":"https:\/\/roveyayinevi.com.tr\/index.php\/wp-json\/wp\/v2\/media?parent=780956"}],"wp:term":[{"taxonomy":"product_brand","embeddable":true,"href":"https:\/\/roveyayinevi.com.tr\/index.php\/wp-json\/wp\/v2\/product_brand?post=780956"},{"taxonomy":"product_cat","embeddable":true,"href":"https:\/\/roveyayinevi.com.tr\/index.php\/wp-json\/wp\/v2\/product_cat?post=780956"},{"taxonomy":"product_tag","embeddable":true,"href":"https:\/\/roveyayinevi.com.tr\/index.php\/wp-json\/wp\/v2\/product_tag?post=780956"}],"curies":[{"name":"wp","href":"https:\/\/api.w.org\/{rel}","templated":true}]}}