{"id":780951,"date":"2026-01-20T04:30:57","date_gmt":"2026-01-20T01:30:57","guid":{"rendered":"https:\/\/roveyayinevi.com.tr\/index.php\/urun\/zincir-ceteleri-yildizlar-karmasi\/"},"modified":"2026-04-15T03:45:26","modified_gmt":"2026-04-15T00:45:26","slug":"zincir-ceteleri-yildizlar-karmasi","status":"publish","type":"product","link":"https:\/\/roveyayinevi.com.tr\/index.php\/urun\/zincir-ceteleri-yildizlar-karmasi\/","title":{"rendered":"Zincir \u00c7eteleri: Y\u0131ld\u0131zlar Karmas\u0131"},"content":{"rendered":"<p>\u201cBu kitap \u00e7ok iyi. Vah\u015fi bir konu, harika bir yaz\u0131m. Kalpten yaz\u0131lm\u0131\u015f.\u201d \u2013Stephen King Mahk\u00fbmlar\u0131n birer gladyat\u00f6r gibi d\u00f6v\u00fc\u015ft\u00fcr\u00fcld\u00fc\u011f\u00fc, ac\u0131n\u0131n ve \u00f6l\u00fcm\u00fcn en b\u00fcy\u00fck e\u011flence arac\u0131na d\u00f6n\u00fc\u015ft\u00fcr\u00fcld\u00fc\u011f\u00fc bu yak\u0131n gelecekte kural basit: \u00dc\u00e7 y\u0131l boyunca hayatta kalabilirsen \u00f6zg\u00fcrs\u00fcn. Ancak k\u00fc\u00e7\u00fck bir sorun var: \u015eimdiye dek kimse bunu ba\u015faramad\u0131! Loretta Thurwar, orta\u011f\u0131 Hamara ile ligin tart\u0131\u015fmas\u0131z krali\u00e7esi. Hayranlar\u0131 ona tap\u0131yor, sponsorlar pe\u015finde ko\u015fuyor ve t\u00fcm \u00fclke her vuru\u015funu naklen izliyor. \u00d6zg\u00fcrl\u00fc\u011fe sadece birka\u00e7 ma\u00e7 kald\u0131. Ne var ki birileri en b\u00fcy\u00fck y\u0131ld\u0131zlar\u0131n\u0131 serbest b\u0131rakmaya pek de niyetli de\u011fil. Oyunun kurallar\u0131 de\u011fi\u015firken Thurwar, hem rakipleriyle hem de insanl\u0131\u011f\u0131 birer meta h\u00e2line getiren bu vah\u015fi sistemle sava\u015fmak zorunda. Cuma Karas\u0131\u2019n\u0131n yazar\u0131 Nana Kwame Adjei-Brenyah\u2019tan, A\u00e7l\u0131k Oyunlar\u0131 ile Gladyat\u00f6r\u2018\u00fcn hapishane avlusunda bulu\u015ftu\u011fu sars\u0131c\u0131 bir distopya. \u201cDaha \u00f6nce b\u00f6ylesine h\u0131rpalay\u0131c\u0131, g\u00fc\u00e7l\u00fc, incelikli ve tam k\u0131vam\u0131nda bir hicivle kar\u015f\u0131la\u015fmam\u0131\u015ft\u0131m. Tek kelimeyle d\u00e2hiyane. Mutlaka okuyun!\u201d\u2014Kiese Laymon\u201cOrwell\u2019in 1984\u2019\u00fc ve Atwood\u2019un Dam\u0131zl\u0131k K\u0131z\u0131n \u00d6yk\u00fcs\u00fc gibi, bu kitap da kim oldu\u011fumuzu ve neler yapabilece\u011fimizi kal\u0131c\u0131 olarak de\u011fi\u015ftirecek bir distopya.\u201d\u2014The Washington Post<\/p>\n","protected":false},"excerpt":{"rendered":"<p>\u201cBu kitap \u00e7ok iyi. Vah\u015fi bir konu, harika bir yaz\u0131m. Kalpten yaz\u0131lm\u0131\u015f.\u201d \u2013Stephen King Mahk\u00fbmlar\u0131n birer gladyat\u00f6r gibi d\u00f6v\u00fc\u015ft\u00fcr\u00fcld\u00fc\u011f\u00fc, ac\u0131n\u0131n ve \u00f6l\u00fcm\u00fcn en b\u00fcy\u00fck e\u011flence arac\u0131na<span class=\"excerpt-hellip\"> [\u2026]<\/span><\/p>\n","protected":false},"featured_media":0,"template":"","meta":{"_monsterinsights_skip_tracking":false,"_monsterinsights_sitenote_active":false,"_monsterinsights_sitenote_note":"","_monsterinsights_sitenote_category":0},"product_brand":[],"product_cat":[12540,12291],"product_tag":[],"class_list":{"0":"post-780951","1":"product","2":"type-product","3":"status-publish","5":"product_cat-bilim-kurgu","6":"product_cat-edebiyat","7":"pa_cilt-ciltsiz","8":"pa_tur-kitap","9":"pa_yayinevi-ithaki-yayinlari","10":"pa_yazar-nana-kwame-adjei-brenyah","12":"first","13":"instock","14":"sale","15":"shipping-taxable","16":"purchasable","17":"product-type-simple"},"_links":{"self":[{"href":"https:\/\/roveyayinevi.com.tr\/index.php\/wp-json\/wp\/v2\/product\/780951","targetHints":{"allow":["GET"]}}],"collection":[{"href":"https:\/\/roveyayinevi.com.tr\/index.php\/wp-json\/wp\/v2\/product"}],"about":[{"href":"https:\/\/roveyayinevi.com.tr\/index.php\/wp-json\/wp\/v2\/types\/product"}],"wp:attachment":[{"href":"https:\/\/roveyayinevi.com.tr\/index.php\/wp-json\/wp\/v2\/media?parent=780951"}],"wp:term":[{"taxonomy":"product_brand","embeddable":true,"href":"https:\/\/roveyayinevi.com.tr\/index.php\/wp-json\/wp\/v2\/product_brand?post=780951"},{"taxonomy":"product_cat","embeddable":true,"href":"https:\/\/roveyayinevi.com.tr\/index.php\/wp-json\/wp\/v2\/product_cat?post=780951"},{"taxonomy":"product_tag","embeddable":true,"href":"https:\/\/roveyayinevi.com.tr\/index.php\/wp-json\/wp\/v2\/product_tag?post=780951"}],"curies":[{"name":"wp","href":"https:\/\/api.w.org\/{rel}","templated":true}]}}