{"id":780941,"date":"2026-01-20T04:30:16","date_gmt":"2026-01-20T01:30:16","guid":{"rendered":"https:\/\/roveyayinevi.com.tr\/index.php\/urun\/baskonsolos\/"},"modified":"2026-04-15T03:45:26","modified_gmt":"2026-04-15T00:45:26","slug":"baskonsolos","status":"publish","type":"product","link":"https:\/\/roveyayinevi.com.tr\/index.php\/urun\/baskonsolos\/","title":{"rendered":"Ba\u015fkonsolos"},"content":{"rendered":"<p>1914 Nisan\u2019\u0131nda, onu ta\u015f\u0131yan gemi \u00dcmit Burnu\u2019nu d\u00f6nerken g\u00fcvertede durmu\u015f, r\u00fczg\u00e2r\u0131n y\u00fcz\u00fcn\u00fc yalayan tuzlu serinli\u011fine g\u00fcl\u00fcms\u00fcyordu Mehmet Remzi Bey. Hen\u00fcz \u00f6mr\u00fcn\u00fcn bahar\u0131ndayd\u0131; omuzunda yeni dikilmi\u015f \u00fcniforma, i\u00e7inde \u0130stanbul\u2019un hasreti, yan\u0131nda ilk \u00e7ocu\u011funa hamile gen\u00e7 kar\u0131s\u0131 ile\u2026 Osmanl\u0131\u2019n\u0131n temsil edildi\u011fi en uzak topraklara bayra\u011f\u0131n\u0131 ilk kez dikecekti. Ama B\u00fcy\u00fck Sava\u015f bir gecede her \u015feyi yuttu. Konsolosluk kap\u0131s\u0131na kilit vuruldu, e\u015fyalar\u0131 soka\u011fa at\u0131ld\u0131, ailesi karanl\u0131k bir Johannesburg gecesine terk edildi. Maa\u015f\u0131 yatmad\u0131. Yard\u0131m gelmedi. \u0130ki k\u0131\u015f ge\u00e7ti. Bekledi&#8230; \u00c7ocu\u011fu o hapisteyken do\u011fdu, kar\u0131s\u0131n\u0131n y\u00fcz\u00fcndeki gen\u00e7lik soldu. Mehmet Remzi Bey 14 \u015eubat 1916\u2019da hakka y\u00fcr\u00fcd\u00fc. K\u0131rk alt\u0131 y\u0131l gururla dik tuttu\u011fu ba\u015f\u0131n\u0131, yabanc\u0131 topraklarda bir M\u00fcsl\u00fcman mezarl\u0131\u011f\u0131na e\u011fdi. \u00dczerine konan ta\u015f\u0131n bir y\u00fcz\u00fc Osmanl\u0131ca, \u00f6b\u00fcr y\u00fcz\u00fc \u0130ngilizceydi; sanki iki d\u00fcnya aras\u0131nda s\u0131k\u0131\u015fm\u0131\u015f ruhunun son \u00e7\u0131\u011fl\u0131\u011f\u0131 gibi&#8230;Mehmet Remzi Bey \u00f6lmemi\u015ftir. O, Afrika\u2019n\u0131n bozk\u0131r\u0131nda, cami mihraplar\u0131nda, renkli Bo-Kaap evlerinde, her bayram okunan mevlitte, her Osmanl\u0131 pasaportu hik\u00e2yesinde h\u00e2l\u00e2 vazife ba\u015f\u0131ndad\u0131r. \u00c7\u00fcnk\u00fc o, T\u00fcrklerin Afrika\u2019daki son de\u011fil, ebedi ba\u015fkonsolosudur. \u0130\u015fte bu kitap onun ser\u00fcvenini anlat\u0131r&#8230;<\/p>\n","protected":false},"excerpt":{"rendered":"<p>1914 Nisan\u2019\u0131nda, onu ta\u015f\u0131yan gemi \u00dcmit Burnu\u2019nu d\u00f6nerken g\u00fcvertede durmu\u015f, r\u00fczg\u00e2r\u0131n y\u00fcz\u00fcn\u00fc yalayan tuzlu serinli\u011fine g\u00fcl\u00fcms\u00fcyordu Mehmet Remzi Bey. Hen\u00fcz \u00f6mr\u00fcn\u00fcn bahar\u0131ndayd\u0131; omuzunda yeni dikilmi\u015f \u00fcniforma,<span class=\"excerpt-hellip\"> [\u2026]<\/span><\/p>\n","protected":false},"featured_media":0,"template":"","meta":{"_monsterinsights_skip_tracking":false,"_monsterinsights_sitenote_active":false,"_monsterinsights_sitenote_note":"","_monsterinsights_sitenote_category":0},"product_brand":[],"product_cat":[12291,12711],"product_tag":[],"class_list":{"0":"post-780941","1":"product","2":"type-product","3":"status-publish","5":"product_cat-edebiyat","6":"product_cat-roman-oyku","7":"pa_cilt-ciltsiz","8":"pa_tur-kitap","9":"pa_yayinevi-kirmizi-kedi-yayinevi","10":"pa_yazar-halim-gencoglu","12":"first","13":"instock","14":"sale","15":"shipping-taxable","16":"purchasable","17":"product-type-simple"},"_links":{"self":[{"href":"https:\/\/roveyayinevi.com.tr\/index.php\/wp-json\/wp\/v2\/product\/780941","targetHints":{"allow":["GET"]}}],"collection":[{"href":"https:\/\/roveyayinevi.com.tr\/index.php\/wp-json\/wp\/v2\/product"}],"about":[{"href":"https:\/\/roveyayinevi.com.tr\/index.php\/wp-json\/wp\/v2\/types\/product"}],"wp:attachment":[{"href":"https:\/\/roveyayinevi.com.tr\/index.php\/wp-json\/wp\/v2\/media?parent=780941"}],"wp:term":[{"taxonomy":"product_brand","embeddable":true,"href":"https:\/\/roveyayinevi.com.tr\/index.php\/wp-json\/wp\/v2\/product_brand?post=780941"},{"taxonomy":"product_cat","embeddable":true,"href":"https:\/\/roveyayinevi.com.tr\/index.php\/wp-json\/wp\/v2\/product_cat?post=780941"},{"taxonomy":"product_tag","embeddable":true,"href":"https:\/\/roveyayinevi.com.tr\/index.php\/wp-json\/wp\/v2\/product_tag?post=780941"}],"curies":[{"name":"wp","href":"https:\/\/api.w.org\/{rel}","templated":true}]}}