{"id":780939,"date":"2026-01-20T04:30:11","date_gmt":"2026-01-20T01:30:11","guid":{"rendered":"https:\/\/roveyayinevi.com.tr\/index.php\/urun\/mumtaz-soysal-sempozyumlari\/"},"modified":"2026-04-15T03:45:26","modified_gmt":"2026-04-15T00:45:26","slug":"mumtaz-soysal-sempozyumlari","status":"publish","type":"product","link":"https:\/\/roveyayinevi.com.tr\/index.php\/urun\/mumtaz-soysal-sempozyumlari\/","title":{"rendered":"M\u00fcmtaz Soysal Sempozyumlar\u0131"},"content":{"rendered":"<p>T\u00fcrkiye\u2019de \u201cyeni anayasa\u201d s\u00f6ylemi, uzun s\u00fcredir y\u00fcr\u00fct\u00fclen rejim d\u00f6n\u00fc\u015f\u00fcm\u00fcn\u00fcn son halkas\u0131 olarak yeniden sahnede. Bu s\u00f6ylem, laikli\u011fin tasfiyesi, yurtta\u015fl\u0131\u011f\u0131n \u00e7\u00f6z\u00fclmesi, yarg\u0131n\u0131n y\u00fcr\u00fctmeye ba\u011flanmas\u0131 ve toplumsal iradenin d\u0131\u015flanmas\u0131 \u00fczerinden kurulan yeni d\u00fczenin me\u015fruiyet zeminini olu\u015fturma iddias\u0131n\u0131 ta\u015f\u0131yor. M\u00fcmtaz Soysal Sempozyumlar\u0131-\u201cYeni Anayasa\u201d Dayatmas\u0131 \u00dczerine Tart\u0131\u015fmalar ise tam da bu nedenle, tarihsel bir uyar\u0131y\u0131 kayda ge\u00e7mek ve Cumhuriyet\u2019in kurucu kazan\u0131mlar\u0131n\u0131 savunmak i\u00e7in Laiklik Meclisi taraf\u0131ndan d\u00fczenlendi. Sempozyum kitab\u0131, Prof. Dr. Bilsay Kuru\u00e7\u2019un Cumhuriyet\u2019in \u201cilk hedefler\u201d perspektifinden  bug\u00fcn\u00fcn anayasal krizine a\u00e7t\u0131\u011f\u0131 tarihsel kap\u0131yla a\u00e7\u0131l\u0131yor. Ard\u0131ndan Dr. Cemil Ozans\u00fc, Prof. Dr. \u0130zzeddin \u00d6nder ve Av. Cem Alptekin; anayasan\u0131n hukuk, siyaset teorisi ve ekonomi-politik ba\u011flamdaki d\u00f6n\u00fc\u015f\u00fcm\u00fcn\u00fc irdeleyerek T\u00fcrkiye\u2019de anayasal d\u00fczenin nas\u0131l tahrip edildi\u011fini t\u00fcm boyutlar\u0131yla ortaya koyuyor. Av. Dr. Ba\u015far Yalt\u0131, Prof. Dr. \u015eule \u00d6zsoy Boyunsuz, Av. Do\u011fan Erkan, Prof. Dr. Korkut Kanado\u011flu, Dr. \u00d6\u011fr. \u00dcyesi Ula\u015f Karada\u011f\u2019\u0131n katk\u0131 sundu\u011fu ve Av. Bilg\u00fctay Hakk\u0131 Durna\u2019n\u0131n kapan\u0131\u015f de\u011ferlendirmesini yapt\u0131\u011f\u0131 kitap, Cumhuriyet\u2019in kurucu d\u00fc\u015f\u00fcncesine ve yurtta\u015fl\u0131k onuruna sahip \u00e7\u0131kmak isteyen herkes i\u00e7in vazge\u00e7ilmez bir ba\u015fvuru metni.<\/p>\n","protected":false},"excerpt":{"rendered":"<p>T\u00fcrkiye\u2019de \u201cyeni anayasa\u201d s\u00f6ylemi, uzun s\u00fcredir y\u00fcr\u00fct\u00fclen rejim d\u00f6n\u00fc\u015f\u00fcm\u00fcn\u00fcn son halkas\u0131 olarak yeniden sahnede. Bu s\u00f6ylem, laikli\u011fin tasfiyesi, yurtta\u015fl\u0131\u011f\u0131n \u00e7\u00f6z\u00fclmesi, yarg\u0131n\u0131n y\u00fcr\u00fctmeye ba\u011flanmas\u0131 ve toplumsal iradenin<span class=\"excerpt-hellip\"> [\u2026]<\/span><\/p>\n","protected":false},"featured_media":0,"template":"","meta":{"_monsterinsights_skip_tracking":false,"_monsterinsights_sitenote_active":false,"_monsterinsights_sitenote_note":"","_monsterinsights_sitenote_category":0},"product_brand":[],"product_cat":[15350],"product_tag":[],"class_list":{"0":"post-780939","1":"product","2":"type-product","3":"status-publish","5":"product_cat-hukuk","6":"pa_cilt-ciltsiz","7":"pa_tur-kitap","8":"pa_yayinevi-kirmizi-kedi-yayinevi","9":"pa_yazar-kolektif","11":"first","12":"instock","13":"sale","14":"shipping-taxable","15":"purchasable","16":"product-type-simple"},"_links":{"self":[{"href":"https:\/\/roveyayinevi.com.tr\/index.php\/wp-json\/wp\/v2\/product\/780939","targetHints":{"allow":["GET"]}}],"collection":[{"href":"https:\/\/roveyayinevi.com.tr\/index.php\/wp-json\/wp\/v2\/product"}],"about":[{"href":"https:\/\/roveyayinevi.com.tr\/index.php\/wp-json\/wp\/v2\/types\/product"}],"wp:attachment":[{"href":"https:\/\/roveyayinevi.com.tr\/index.php\/wp-json\/wp\/v2\/media?parent=780939"}],"wp:term":[{"taxonomy":"product_brand","embeddable":true,"href":"https:\/\/roveyayinevi.com.tr\/index.php\/wp-json\/wp\/v2\/product_brand?post=780939"},{"taxonomy":"product_cat","embeddable":true,"href":"https:\/\/roveyayinevi.com.tr\/index.php\/wp-json\/wp\/v2\/product_cat?post=780939"},{"taxonomy":"product_tag","embeddable":true,"href":"https:\/\/roveyayinevi.com.tr\/index.php\/wp-json\/wp\/v2\/product_tag?post=780939"}],"curies":[{"name":"wp","href":"https:\/\/api.w.org\/{rel}","templated":true}]}}