{"id":780938,"date":"2026-01-20T04:30:06","date_gmt":"2026-01-20T01:30:06","guid":{"rendered":"https:\/\/roveyayinevi.com.tr\/index.php\/urun\/sakirpasazade-halikarnas-balikcisi-ailesi\/"},"modified":"2026-04-15T03:45:26","modified_gmt":"2026-04-15T00:45:26","slug":"sakirpasazade-halikarnas-balikcisi-ailesi","status":"publish","type":"product","link":"https:\/\/roveyayinevi.com.tr\/index.php\/urun\/sakirpasazade-halikarnas-balikcisi-ailesi\/","title":{"rendered":"\u015eakirpa\u015fazade Halikarnas Bal\u0131k\u00e7\u0131s\u0131 Ailesi"},"content":{"rendered":"<p>Gazeteci-yazar Ya\u015far Aksoy, \u015eakirpa\u015fazade Halikarnas Bal\u0131k\u00e7\u0131s\u0131 Ailesi adl\u0131 bu kapsaml\u0131 biyografisinde Cevat \u015eakir Kabaa\u011fa\u00e7l\u0131 ile birlikte, bir ku\u015fa\u011f\u0131n ve d\u00fc\u015f\u00fcnce gelene\u011finin portresini \u00e7iziyor. Bodrum\u2019un tuzlu r\u00fczg\u00e2rlar\u0131nda, B\u00fcy\u00fckada\u2019n\u0131n salonlar\u0131nda, Oxford\u2019un ta\u015f duvarlar\u0131nda yank\u0131lanan bir hayat\u0131n ard\u0131ndaki ideolojik damar\u0131 g\u00fcn y\u00fcz\u00fcne \u00e7\u0131kar\u0131yor. Halikarnas Bal\u0131k\u00e7\u0131s\u0131\u2019n\u0131n \u201cMavi Anadolu\u201d \u00fclk\u00fcs\u00fcn\u00fc, Anadolu uygarl\u0131klar\u0131n\u0131n Bat\u0131 d\u00fc\u015f\u00fcncesine arma\u011fan etti\u011fi \u0131\u015f\u0131\u011f\u0131, insan\u0131 ve do\u011fay\u0131 ayn\u0131 potada birle\u015ftiren felsefesini belgeler, mektuplar, hat\u0131ratlar ve ilk kez yay\u0131mlanan \u00f6zel ar\u015fivlerle aktar\u0131yor. Aksoy\u2019un titiz kalemiyle Cevat \u015eakir, yaln\u0131zca bir yazar de\u011fil; Anadolu\u2019nun sesi, Akdeniz\u2019in vicdan\u0131, \u00e7a\u011fda\u015f T\u00fcrk h\u00fcmanizmas\u0131n\u0131n kurucusu olarak yeniden do\u011fuyor. Bu kitap, \u015eakir Pa\u015fa Ailesi\u2019nin i\u00e7 d\u00fcnyas\u0131ndan T\u00fcrkiye\u2019nin k\u00fclt\u00fcrel devrim tarihine uzanan bir yolculuk; sanatla, inan\u00e7la, fikirle \u00f6r\u00fclm\u00fc\u015f bir hayat\u0131n, maviye \u00e7alan sonsuzlu\u011funun hik\u00e2yesi&#8230; \u201cYoku\u015f ba\u015f\u0131na geldi\u011finde Bodrum\u2019u g\u00f6receksin&#8230;\u201d Ve bu kez, yaln\u0131zca bir kenti de\u011fil, bir ideali g\u00f6receksiniz.<\/p>\n","protected":false},"excerpt":{"rendered":"<p>Gazeteci-yazar Ya\u015far Aksoy, \u015eakirpa\u015fazade Halikarnas Bal\u0131k\u00e7\u0131s\u0131 Ailesi adl\u0131 bu kapsaml\u0131 biyografisinde Cevat \u015eakir Kabaa\u011fa\u00e7l\u0131 ile birlikte, bir ku\u015fa\u011f\u0131n ve d\u00fc\u015f\u00fcnce gelene\u011finin portresini \u00e7iziyor. Bodrum\u2019un tuzlu r\u00fczg\u00e2rlar\u0131nda,<span class=\"excerpt-hellip\"> [\u2026]<\/span><\/p>\n","protected":false},"featured_media":0,"template":"","meta":{"_monsterinsights_skip_tracking":false,"_monsterinsights_sitenote_active":false,"_monsterinsights_sitenote_note":"","_monsterinsights_sitenote_category":0},"product_brand":[],"product_cat":[14009,12291],"product_tag":[],"class_list":{"0":"post-780938","1":"product","2":"type-product","3":"status-publish","5":"product_cat-biyografi-otobiyografi-edebiyat","6":"product_cat-edebiyat","7":"pa_cilt-ciltsiz","8":"pa_tur-kitap","9":"pa_yayinevi-kirmizi-kedi-yayinevi","10":"pa_yazar-yasar-aksoy","12":"first","13":"instock","14":"sale","15":"shipping-taxable","16":"purchasable","17":"product-type-simple"},"_links":{"self":[{"href":"https:\/\/roveyayinevi.com.tr\/index.php\/wp-json\/wp\/v2\/product\/780938","targetHints":{"allow":["GET"]}}],"collection":[{"href":"https:\/\/roveyayinevi.com.tr\/index.php\/wp-json\/wp\/v2\/product"}],"about":[{"href":"https:\/\/roveyayinevi.com.tr\/index.php\/wp-json\/wp\/v2\/types\/product"}],"wp:attachment":[{"href":"https:\/\/roveyayinevi.com.tr\/index.php\/wp-json\/wp\/v2\/media?parent=780938"}],"wp:term":[{"taxonomy":"product_brand","embeddable":true,"href":"https:\/\/roveyayinevi.com.tr\/index.php\/wp-json\/wp\/v2\/product_brand?post=780938"},{"taxonomy":"product_cat","embeddable":true,"href":"https:\/\/roveyayinevi.com.tr\/index.php\/wp-json\/wp\/v2\/product_cat?post=780938"},{"taxonomy":"product_tag","embeddable":true,"href":"https:\/\/roveyayinevi.com.tr\/index.php\/wp-json\/wp\/v2\/product_tag?post=780938"}],"curies":[{"name":"wp","href":"https:\/\/api.w.org\/{rel}","templated":true}]}}