{"id":780934,"date":"2026-01-20T04:29:53","date_gmt":"2026-01-20T01:29:53","guid":{"rendered":"https:\/\/roveyayinevi.com.tr\/index.php\/urun\/disney-prenses-satolari-kesfet-etkinlik-kitabi\/"},"modified":"2026-04-15T03:45:26","modified_gmt":"2026-04-15T00:45:26","slug":"disney-prenses-satolari-kesfet-etkinlik-kitabi","status":"publish","type":"product","link":"https:\/\/roveyayinevi.com.tr\/index.php\/urun\/disney-prenses-satolari-kesfet-etkinlik-kitabi\/","title":{"rendered":"Disney Prenses \u2013 \u015eatolar\u0131 Ke\u015ffet Etkinlik Kitab\u0131"},"content":{"rendered":"<p>Prenseslerin sihirli yuvalar\u0131n\u0131 ke\u015ffet!Aurora\u2019n\u0131n \u015fatosundan Jasmine\u2019in saray\u0131na ve daha fazlas\u0131na uzanan bu b\u00fcy\u00fcleyici etkinlik kitab\u0131nda Disney Prenseslerinin ya\u015fad\u0131\u011f\u0131 yerleri ke\u015ffe \u00e7\u0131k\u0131yoruz. Heyecan dolu bulmacalar ve 500\u2019den fazla \u00e7\u0131kartmayla tamamlayabilece\u011fin sihir dolu sahneler e\u015fli\u011finde, birbirinden etkileyici Disney Prenseslerinin muhte\u015fem d\u00fcnyas\u0131na harika bir yolculuk seni bekliyor.<\/p>\n","protected":false},"excerpt":{"rendered":"<p>Prenseslerin sihirli yuvalar\u0131n\u0131 ke\u015ffet!Aurora\u2019n\u0131n \u015fatosundan Jasmine\u2019in saray\u0131na ve daha fazlas\u0131na uzanan bu b\u00fcy\u00fcleyici etkinlik kitab\u0131nda Disney Prenseslerinin ya\u015fad\u0131\u011f\u0131 yerleri ke\u015ffe \u00e7\u0131k\u0131yoruz. Heyecan dolu bulmacalar ve 500\u2019den<span class=\"excerpt-hellip\"> [\u2026]<\/span><\/p>\n","protected":false},"featured_media":0,"template":"","meta":{"_monsterinsights_skip_tracking":false,"_monsterinsights_sitenote_active":false,"_monsterinsights_sitenote_note":"","_monsterinsights_sitenote_category":0},"product_brand":[],"product_cat":[12644,12274],"product_tag":[],"class_list":{"0":"post-780934","1":"product","2":"type-product","3":"status-publish","5":"product_cat-boyama-kitaplari","6":"product_cat-cocuk-ve-genclik-kitaplari","7":"pa_cilt-ciltsiz","8":"pa_tur-kitap","9":"pa_yayinevi-dogan-cocuk","10":"pa_yazar-kolektif","12":"first","13":"instock","14":"sale","15":"shipping-taxable","16":"purchasable","17":"product-type-simple"},"_links":{"self":[{"href":"https:\/\/roveyayinevi.com.tr\/index.php\/wp-json\/wp\/v2\/product\/780934","targetHints":{"allow":["GET"]}}],"collection":[{"href":"https:\/\/roveyayinevi.com.tr\/index.php\/wp-json\/wp\/v2\/product"}],"about":[{"href":"https:\/\/roveyayinevi.com.tr\/index.php\/wp-json\/wp\/v2\/types\/product"}],"wp:attachment":[{"href":"https:\/\/roveyayinevi.com.tr\/index.php\/wp-json\/wp\/v2\/media?parent=780934"}],"wp:term":[{"taxonomy":"product_brand","embeddable":true,"href":"https:\/\/roveyayinevi.com.tr\/index.php\/wp-json\/wp\/v2\/product_brand?post=780934"},{"taxonomy":"product_cat","embeddable":true,"href":"https:\/\/roveyayinevi.com.tr\/index.php\/wp-json\/wp\/v2\/product_cat?post=780934"},{"taxonomy":"product_tag","embeddable":true,"href":"https:\/\/roveyayinevi.com.tr\/index.php\/wp-json\/wp\/v2\/product_tag?post=780934"}],"curies":[{"name":"wp","href":"https:\/\/api.w.org\/{rel}","templated":true}]}}