{"id":780933,"date":"2026-01-20T04:29:49","date_gmt":"2026-01-20T01:29:49","guid":{"rendered":"https:\/\/roveyayinevi.com.tr\/index.php\/urun\/disney-karlar-ulkesi-sihirli-elbiseler\/"},"modified":"2026-04-15T03:45:26","modified_gmt":"2026-04-15T00:45:26","slug":"disney-karlar-ulkesi-sihirli-elbiseler","status":"publish","type":"product","link":"https:\/\/roveyayinevi.com.tr\/index.php\/urun\/disney-karlar-ulkesi-sihirli-elbiseler\/","title":{"rendered":"Disney Karlar \u00dclkesi: Sihirli Elbiseler"},"content":{"rendered":"<p>Kitab\u0131nda yer alan bir dolu \u00e7\u0131kartmayla Elsa, Anna ve arkada\u015flar\u0131n\u0131 istedi\u011fin gibi giydir!<\/p>\n","protected":false},"excerpt":{"rendered":"<p>Kitab\u0131nda yer alan bir dolu \u00e7\u0131kartmayla Elsa, Anna ve arkada\u015flar\u0131n\u0131 istedi\u011fin gibi giydir!<\/p>\n","protected":false},"featured_media":0,"template":"","meta":{"_monsterinsights_skip_tracking":false,"_monsterinsights_sitenote_active":false,"_monsterinsights_sitenote_note":"","_monsterinsights_sitenote_category":0},"product_brand":[],"product_cat":[12554,12274],"product_tag":[],"class_list":{"0":"post-780933","1":"product","2":"type-product","3":"status-publish","5":"product_cat-cikartmali-kitaplar","6":"product_cat-cocuk-ve-genclik-kitaplari","7":"pa_cilt-ciltsiz","8":"pa_tur-kitap","9":"pa_yayinevi-dogan-cocuk","10":"pa_yazar-kolektif","12":"first","13":"instock","14":"sale","15":"shipping-taxable","16":"purchasable","17":"product-type-simple"},"_links":{"self":[{"href":"https:\/\/roveyayinevi.com.tr\/index.php\/wp-json\/wp\/v2\/product\/780933","targetHints":{"allow":["GET"]}}],"collection":[{"href":"https:\/\/roveyayinevi.com.tr\/index.php\/wp-json\/wp\/v2\/product"}],"about":[{"href":"https:\/\/roveyayinevi.com.tr\/index.php\/wp-json\/wp\/v2\/types\/product"}],"wp:attachment":[{"href":"https:\/\/roveyayinevi.com.tr\/index.php\/wp-json\/wp\/v2\/media?parent=780933"}],"wp:term":[{"taxonomy":"product_brand","embeddable":true,"href":"https:\/\/roveyayinevi.com.tr\/index.php\/wp-json\/wp\/v2\/product_brand?post=780933"},{"taxonomy":"product_cat","embeddable":true,"href":"https:\/\/roveyayinevi.com.tr\/index.php\/wp-json\/wp\/v2\/product_cat?post=780933"},{"taxonomy":"product_tag","embeddable":true,"href":"https:\/\/roveyayinevi.com.tr\/index.php\/wp-json\/wp\/v2\/product_tag?post=780933"}],"curies":[{"name":"wp","href":"https:\/\/api.w.org\/{rel}","templated":true}]}}