{"id":780929,"date":"2026-01-20T04:29:37","date_gmt":"2026-01-20T01:29:37","guid":{"rendered":"https:\/\/roveyayinevi.com.tr\/index.php\/urun\/cocuk-ve-mantigin-diyalojik-yuzu\/"},"modified":"2026-04-15T03:45:26","modified_gmt":"2026-04-15T00:45:26","slug":"cocuk-ve-mantigin-diyalojik-yuzu","status":"publish","type":"product","link":"https:\/\/roveyayinevi.com.tr\/index.php\/urun\/cocuk-ve-mantigin-diyalojik-yuzu\/","title":{"rendered":"\u00c7ocuk ve Mant\u0131\u011f\u0131n Diyalojik Y\u00fcz\u00fc"},"content":{"rendered":"<p>D\u00fc\u015f\u00fcnme, \u00e7ocu\u011fun en uzun oyunudur. Kurals\u0131z ama anlaml\u0131, sessiz ama derin&#8230; \u0130nformel mant\u0131\u011f\u0131, P4C metodunun ufuklar\u0131nda doland\u0131rarak \u00e7ocu\u011fun bu sessiz ve derin oyununda bulu\u015fturmak; \u00e7ocuklara yaln\u0131zca d\u00fc\u015f\u00fcnmeyi de\u011fil, d\u00fc\u015f\u00fcncenin yap\u0131s\u0131n\u0131, gerek\u00e7esini ve diyalektik kar\u015f\u0131tl\u0131\u011f\u0131n\u0131 da koyutlar. Bu \u00e7al\u0131\u015fma, pedagoji ile felsefenin sentezinde \u00e7ocuklar\u0131n bu bili\u015fsel oyununa kat\u0131lan herkese bir davet sunar: D\u00fc\u015f\u00fcnmenin oyununa kat\u0131lmak&#8230;<\/p>\n","protected":false},"excerpt":{"rendered":"<p>D\u00fc\u015f\u00fcnme, \u00e7ocu\u011fun en uzun oyunudur. Kurals\u0131z ama anlaml\u0131, sessiz ama derin&#8230; \u0130nformel mant\u0131\u011f\u0131, P4C metodunun ufuklar\u0131nda doland\u0131rarak \u00e7ocu\u011fun bu sessiz ve derin oyununda bulu\u015fturmak; \u00e7ocuklara yaln\u0131zca<span class=\"excerpt-hellip\"> [\u2026]<\/span><\/p>\n","protected":false},"featured_media":0,"template":"","meta":{"_monsterinsights_skip_tracking":false,"_monsterinsights_sitenote_active":false,"_monsterinsights_sitenote_note":"","_monsterinsights_sitenote_category":0},"product_brand":[],"product_cat":[12679,12357],"product_tag":[],"class_list":{"0":"post-780929","1":"product","2":"type-product","3":"status-publish","5":"product_cat-cocuk-psikolojisi","6":"product_cat-psikoloji","7":"pa_cilt-ciltsiz","8":"pa_tur-kitap","9":"pa_yayinevi-soncag-akademik-kitaplar","10":"pa_yazar-abdulkadir-demir","12":"first","13":"instock","14":"sale","15":"shipping-taxable","16":"purchasable","17":"product-type-simple"},"_links":{"self":[{"href":"https:\/\/roveyayinevi.com.tr\/index.php\/wp-json\/wp\/v2\/product\/780929","targetHints":{"allow":["GET"]}}],"collection":[{"href":"https:\/\/roveyayinevi.com.tr\/index.php\/wp-json\/wp\/v2\/product"}],"about":[{"href":"https:\/\/roveyayinevi.com.tr\/index.php\/wp-json\/wp\/v2\/types\/product"}],"wp:attachment":[{"href":"https:\/\/roveyayinevi.com.tr\/index.php\/wp-json\/wp\/v2\/media?parent=780929"}],"wp:term":[{"taxonomy":"product_brand","embeddable":true,"href":"https:\/\/roveyayinevi.com.tr\/index.php\/wp-json\/wp\/v2\/product_brand?post=780929"},{"taxonomy":"product_cat","embeddable":true,"href":"https:\/\/roveyayinevi.com.tr\/index.php\/wp-json\/wp\/v2\/product_cat?post=780929"},{"taxonomy":"product_tag","embeddable":true,"href":"https:\/\/roveyayinevi.com.tr\/index.php\/wp-json\/wp\/v2\/product_tag?post=780929"}],"curies":[{"name":"wp","href":"https:\/\/api.w.org\/{rel}","templated":true}]}}