{"id":780926,"date":"2026-01-20T04:29:26","date_gmt":"2026-01-20T01:29:26","guid":{"rendered":"https:\/\/roveyayinevi.com.tr\/index.php\/urun\/efsane-istanbul\/"},"modified":"2026-04-15T03:45:26","modified_gmt":"2026-04-15T00:45:26","slug":"efsane-istanbul","status":"publish","type":"product","link":"https:\/\/roveyayinevi.com.tr\/index.php\/urun\/efsane-istanbul\/","title":{"rendered":"Efsane \u0130stanbul"},"content":{"rendered":"<p>Efsane Istanbul, \u00e7ocuklar\u0131 Istanbul&#8217;un efsaneleri, tarihi ve k\u00fclt\u00fcrel miras\u0131 ile bulu\u015fturan, \u0130stanbul temal\u0131 nitelikli bir \u00e7ocuk kitab\u0131d\u0131r. \u0130stanbul&#8217;un kurulu\u015fundan Roma, Bizans ve Osmanl\u0131 d\u00f6nemlerine uzanan efsaneler, \u00e7ocuklar\u0131n \u0130stanbul tarihini ve \u015fehrin tarihsel zenginli\u011fini e\u011flenceli hik\u00e2yelerle ke\u015ffetmesini sa\u011flar. Son b\u00f6l\u00fcmde yer alan yarat\u0131c\u0131 yazma etkinlikleri ve hikaye anlat\u0131c\u0131l\u0131\u011f\u0131 \u00e7al\u0131\u015fmalar\u0131, \u00e7ocuklar\u0131n hayal g\u00fcc\u00fcn\u00fc, anlat\u0131m ve okuma becerilerini destekler. Bu Kitap Ne Anlat\u0131yor ? K\u00fclt\u00fcrel Miras Bilinci, \u015eehir Tarihi (\u0130stanbul), Efsaneler ve Tarihi Hikayeler, Ge\u00e7mi\u015ften G\u00fcn\u00fcm\u00fcze \u0130stanbul<\/p>\n","protected":false},"excerpt":{"rendered":"<p>Efsane Istanbul, \u00e7ocuklar\u0131 Istanbul&#8217;un efsaneleri, tarihi ve k\u00fclt\u00fcrel miras\u0131 ile bulu\u015fturan, \u0130stanbul temal\u0131 nitelikli bir \u00e7ocuk kitab\u0131d\u0131r. \u0130stanbul&#8217;un kurulu\u015fundan Roma, Bizans ve Osmanl\u0131 d\u00f6nemlerine uzanan efsaneler,<span class=\"excerpt-hellip\"> [\u2026]<\/span><\/p>\n","protected":false},"featured_media":0,"template":"","meta":{"_monsterinsights_skip_tracking":false,"_monsterinsights_sitenote_active":false,"_monsterinsights_sitenote_note":"","_monsterinsights_sitenote_category":0},"product_brand":[],"product_cat":[12274,12284],"product_tag":[],"class_list":{"0":"post-780926","1":"product","2":"type-product","3":"status-publish","5":"product_cat-cocuk-ve-genclik-kitaplari","6":"product_cat-hikayeler","7":"pa_cilt-ciltsiz","8":"pa_tur-kitap","9":"pa_yayinevi-abm-yayinevi","10":"pa_yazar-yurdanur-ay-pasa","12":"first","13":"instock","14":"sale","15":"shipping-taxable","16":"purchasable","17":"product-type-simple"},"_links":{"self":[{"href":"https:\/\/roveyayinevi.com.tr\/index.php\/wp-json\/wp\/v2\/product\/780926","targetHints":{"allow":["GET"]}}],"collection":[{"href":"https:\/\/roveyayinevi.com.tr\/index.php\/wp-json\/wp\/v2\/product"}],"about":[{"href":"https:\/\/roveyayinevi.com.tr\/index.php\/wp-json\/wp\/v2\/types\/product"}],"wp:attachment":[{"href":"https:\/\/roveyayinevi.com.tr\/index.php\/wp-json\/wp\/v2\/media?parent=780926"}],"wp:term":[{"taxonomy":"product_brand","embeddable":true,"href":"https:\/\/roveyayinevi.com.tr\/index.php\/wp-json\/wp\/v2\/product_brand?post=780926"},{"taxonomy":"product_cat","embeddable":true,"href":"https:\/\/roveyayinevi.com.tr\/index.php\/wp-json\/wp\/v2\/product_cat?post=780926"},{"taxonomy":"product_tag","embeddable":true,"href":"https:\/\/roveyayinevi.com.tr\/index.php\/wp-json\/wp\/v2\/product_tag?post=780926"}],"curies":[{"name":"wp","href":"https:\/\/api.w.org\/{rel}","templated":true}]}}