{"id":780923,"date":"2026-01-20T04:29:14","date_gmt":"2026-01-20T01:29:14","guid":{"rendered":"https:\/\/roveyayinevi.com.tr\/index.php\/urun\/bana-gecmisimi-anlat-sen-harsit-cayi\/"},"modified":"2026-03-12T03:42:39","modified_gmt":"2026-03-12T00:42:39","slug":"bana-gecmisimi-anlat-sen-harsit-cayi","status":"publish","type":"product","link":"https:\/\/roveyayinevi.com.tr\/index.php\/urun\/bana-gecmisimi-anlat-sen-harsit-cayi\/","title":{"rendered":"Bana Ge\u00e7mi\u015fimi Anlat Sen Har\u015fit \u00c7ay\u0131"},"content":{"rendered":"<p>Y\u00fckseklere \u00e7\u0131k g\u00f6r\u00fcrs\u00fcn yaylalar\u0131. Seyredersin ormanlar\u0131, meralar\u0131, \u00e7ay\u0131rlar\u0131. Dereler, \u00e7aylar kenar\u0131nda yollar\u0131. Gez, g\u00f6r, bul Karadeniz de s\u0131rlar\u0131.   Har\u015fit \u00c7ay\u0131 G\u00fcm\u00fc\u015fhane\u2019den akar. Gelevera\u2019n\u0131n g\u00f6z\u00fc Kaz\u0131kbeli\u2019nden \u00e7\u0131kar. Ak\u0131lbaba Tepesinden \u015fim\u015fekler \u00e7akar. Ya\u011fl\u0131dere Kurtbeli\u2019nden Karadeniz\u2019e akar.<\/p>\n","protected":false},"excerpt":{"rendered":"<p>Y\u00fckseklere \u00e7\u0131k g\u00f6r\u00fcrs\u00fcn yaylalar\u0131. Seyredersin ormanlar\u0131, meralar\u0131, \u00e7ay\u0131rlar\u0131. Dereler, \u00e7aylar kenar\u0131nda yollar\u0131. Gez, g\u00f6r, bul Karadeniz de s\u0131rlar\u0131. Har\u015fit \u00c7ay\u0131 G\u00fcm\u00fc\u015fhane\u2019den akar. Gelevera\u2019n\u0131n g\u00f6z\u00fc Kaz\u0131kbeli\u2019nden \u00e7\u0131kar.<span class=\"excerpt-hellip\"> [\u2026]<\/span><\/p>\n","protected":false},"featured_media":0,"template":"","meta":{"_monsterinsights_skip_tracking":false,"_monsterinsights_sitenote_active":false,"_monsterinsights_sitenote_note":"","_monsterinsights_sitenote_category":0},"product_brand":[],"product_cat":[12291,12509],"product_tag":[],"class_list":{"0":"post-780923","1":"product","2":"type-product","3":"status-publish","5":"product_cat-edebiyat","6":"product_cat-siir","7":"pa_cilt-ciltsiz","8":"pa_tur-kitap","9":"pa_yayinevi-kirmizi-cati-yayinlari","10":"pa_yazar-hursit-kose","12":"first","13":"instock","14":"sale","15":"shipping-taxable","16":"purchasable","17":"product-type-simple"},"_links":{"self":[{"href":"https:\/\/roveyayinevi.com.tr\/index.php\/wp-json\/wp\/v2\/product\/780923","targetHints":{"allow":["GET"]}}],"collection":[{"href":"https:\/\/roveyayinevi.com.tr\/index.php\/wp-json\/wp\/v2\/product"}],"about":[{"href":"https:\/\/roveyayinevi.com.tr\/index.php\/wp-json\/wp\/v2\/types\/product"}],"wp:attachment":[{"href":"https:\/\/roveyayinevi.com.tr\/index.php\/wp-json\/wp\/v2\/media?parent=780923"}],"wp:term":[{"taxonomy":"product_brand","embeddable":true,"href":"https:\/\/roveyayinevi.com.tr\/index.php\/wp-json\/wp\/v2\/product_brand?post=780923"},{"taxonomy":"product_cat","embeddable":true,"href":"https:\/\/roveyayinevi.com.tr\/index.php\/wp-json\/wp\/v2\/product_cat?post=780923"},{"taxonomy":"product_tag","embeddable":true,"href":"https:\/\/roveyayinevi.com.tr\/index.php\/wp-json\/wp\/v2\/product_tag?post=780923"}],"curies":[{"name":"wp","href":"https:\/\/api.w.org\/{rel}","templated":true}]}}