{"id":780920,"date":"2026-01-20T04:29:00","date_gmt":"2026-01-20T01:29:00","guid":{"rendered":"https:\/\/roveyayinevi.com.tr\/index.php\/urun\/dar-kapi-6\/"},"modified":"2026-04-07T03:38:56","modified_gmt":"2026-04-07T00:38:56","slug":"dar-kapi-6","status":"publish","type":"product","link":"https:\/\/roveyayinevi.com.tr\/index.php\/urun\/dar-kapi-6\/","title":{"rendered":"Dar Kap\u0131"},"content":{"rendered":"<p>\u201cHayata g\u00f6t\u00fcren kap\u0131 dar, yol s\u0131k\u0131\u015f\u0131kt\u0131r.\u201dJ\u00e9r\u00f4me ile Alissa aras\u0131ndaki a\u015fk, hayata giden dar ge\u00e7itte s\u0131nanan bir duygudur. Alissa,  Tanr\u0131\u2019ya adanm\u0131\u015f bir safl\u0131k idealini se\u00e7erken J\u00e9r\u00f4me, sevginin arzu, inan\u00e7 ve vazge\u00e7i\u015f aras\u0131nda  nas\u0131l d\u00f6n\u00fc\u015ft\u00fc\u011f\u00fcne tan\u0131k olur. Gide, bu sessiz \u00e7at\u0131\u015fma \u00fczerinden tek bir soruya yo\u011funla\u015f\u0131r: A\u015fk, kendinden vazge\u00e7ti\u011finde mi y\u00fccelir, yoksa ya\u015fanmad\u0131\u011f\u0131nda m\u0131 eksilir? Dar Kap\u0131, insan\u0131n kendi ahlaki idealleriyle y\u00fczle\u015fti\u011fi, incelikli ve sars\u0131c\u0131 bir roman.<\/p>\n","protected":false},"excerpt":{"rendered":"<p>\u201cHayata g\u00f6t\u00fcren kap\u0131 dar, yol s\u0131k\u0131\u015f\u0131kt\u0131r.\u201dJ\u00e9r\u00f4me ile Alissa aras\u0131ndaki a\u015fk, hayata giden dar ge\u00e7itte s\u0131nanan bir duygudur. Alissa, Tanr\u0131\u2019ya adanm\u0131\u015f bir safl\u0131k idealini se\u00e7erken J\u00e9r\u00f4me, sevginin<span class=\"excerpt-hellip\"> [\u2026]<\/span><\/p>\n","protected":false},"featured_media":0,"template":"","meta":{"_monsterinsights_skip_tracking":false,"_monsterinsights_sitenote_active":false,"_monsterinsights_sitenote_note":"","_monsterinsights_sitenote_category":0},"product_brand":[],"product_cat":[12291,12711],"product_tag":[],"class_list":{"0":"post-780920","1":"product","2":"type-product","3":"status-publish","5":"product_cat-edebiyat","6":"product_cat-roman-oyku","7":"pa_cilt-ciltsiz","8":"pa_tur-kitap","9":"pa_yayinevi-dogan-kitap","10":"pa_yazar-andre-gide","12":"first","13":"instock","14":"sale","15":"shipping-taxable","16":"purchasable","17":"product-type-simple"},"_links":{"self":[{"href":"https:\/\/roveyayinevi.com.tr\/index.php\/wp-json\/wp\/v2\/product\/780920","targetHints":{"allow":["GET"]}}],"collection":[{"href":"https:\/\/roveyayinevi.com.tr\/index.php\/wp-json\/wp\/v2\/product"}],"about":[{"href":"https:\/\/roveyayinevi.com.tr\/index.php\/wp-json\/wp\/v2\/types\/product"}],"wp:attachment":[{"href":"https:\/\/roveyayinevi.com.tr\/index.php\/wp-json\/wp\/v2\/media?parent=780920"}],"wp:term":[{"taxonomy":"product_brand","embeddable":true,"href":"https:\/\/roveyayinevi.com.tr\/index.php\/wp-json\/wp\/v2\/product_brand?post=780920"},{"taxonomy":"product_cat","embeddable":true,"href":"https:\/\/roveyayinevi.com.tr\/index.php\/wp-json\/wp\/v2\/product_cat?post=780920"},{"taxonomy":"product_tag","embeddable":true,"href":"https:\/\/roveyayinevi.com.tr\/index.php\/wp-json\/wp\/v2\/product_tag?post=780920"}],"curies":[{"name":"wp","href":"https:\/\/api.w.org\/{rel}","templated":true}]}}