{"id":780918,"date":"2026-01-20T04:28:54","date_gmt":"2026-01-20T01:28:54","guid":{"rendered":"https:\/\/roveyayinevi.com.tr\/index.php\/urun\/copler-faciasi\/"},"modified":"2026-04-15T03:45:25","modified_gmt":"2026-04-15T00:45:25","slug":"copler-faciasi","status":"publish","type":"product","link":"https:\/\/roveyayinevi.com.tr\/index.php\/urun\/copler-faciasi\/","title":{"rendered":"\u00c7\u00f6pler Facias\u0131"},"content":{"rendered":"<p>&#8220;13 \u015eubat 2024 tarihinde ya\u015fanan ve 9 insan\u0131m\u0131z\u0131 ya\u015famdan koparan \u0130li\u00e7 \u00c7\u00f6pler Alt\u0131n Madeni Facias\u0131, \u00fcst\u00fc \u00f6rt\u00fclemeyecek kadar b\u00fcy\u00fck bir felakettir. Bu kitapta, \u00c7\u00f6pler Facias\u0131na giden s\u00fcre\u00e7 ve facia g\u00fcn\u00fc ya\u015fananlar b\u00fct\u00fcn detaylar\u0131yla anlat\u0131lmakta; birileri milyarlarca dolar kazan\u0131rken, insanlar\u0131n hayatlar\u0131n\u0131n nas\u0131l karart\u0131ld\u0131\u011f\u0131 ortaya konulmaktad\u0131r.      S\u0131n\u0131r yok, plan yok, strateji yok&#8230; Tek bir ama\u00e7 var: ya\u011fmalamak&#8230; Hem de devletin kurumlar\u0131n\u0131n i\u015ftiraki ve deste\u011fiyle&#8230; Emperyalist ya\u011fman\u0131n aparat\u0131 olmu\u015flar fark\u0131nda bile de\u011filler&#8230;       \u0130brahim G\u00fcnd\u00fcz d\u0131\u015f politika kulvarlar\u0131nda, TBMM kulislerinde uzun y\u0131llar s\u00fcrd\u00fcrd\u00fc\u011f\u00fc ba\u015far\u0131l\u0131 gazetecili\u011fine bir s\u00fcredir de T\u00fcrkiye\u2019nin do\u011fas\u0131n\u0131 korumak i\u00e7in devam ediyor. Belki de daha \u00f6nce harcad\u0131\u011f\u0131 enerjinin iki kat\u0131n\u0131, T\u00fcrkiye\u2019nin talan edilen g\u00fczelliklerini korumak i\u00e7in harc\u0131yor. Bir g\u00fcn Kazda\u011flar\u0131 i\u00e7in ses y\u00fckseltiyor, bir g\u00fcn \u0130li\u00e7 Facias\u0131 i\u00e7in aya\u011fa kalk\u0131yor; bir g\u00fcn g\u00fczeller g\u00fczeli Per\u015fembe Yaylas\u0131, Sandras Da\u011f\u0131, Seyfe G\u00f6l\u00fc i\u00e7in yollara d\u00fc\u015f\u00fcyor&#8230; Yeni do\u011fan bir \u00e7ocu\u011fa sahip \u00e7\u0131kar gibi \u00fclkesinin do\u011fal zenginliklerini korumak i\u00e7in n\u00f6bete kalk\u0131yor \u0130brahim her sabah&#8230;      Bu kitap da o n\u00f6betlerden biridir\u2026&#8221;                                                            Serhan Asker<\/p>\n","protected":false},"excerpt":{"rendered":"<p>&#8220;13 \u015eubat 2024 tarihinde ya\u015fanan ve 9 insan\u0131m\u0131z\u0131 ya\u015famdan koparan \u0130li\u00e7 \u00c7\u00f6pler Alt\u0131n Madeni Facias\u0131, \u00fcst\u00fc \u00f6rt\u00fclemeyecek kadar b\u00fcy\u00fck bir felakettir. Bu kitapta, \u00c7\u00f6pler Facias\u0131na giden<span class=\"excerpt-hellip\"> [\u2026]<\/span><\/p>\n","protected":false},"featured_media":0,"template":"","meta":{"_monsterinsights_skip_tracking":false,"_monsterinsights_sitenote_active":false,"_monsterinsights_sitenote_note":"","_monsterinsights_sitenote_category":0},"product_brand":[],"product_cat":[12337],"product_tag":[],"class_list":{"0":"post-780918","1":"product","2":"type-product","3":"status-publish","5":"product_cat-politika-siyaset","6":"pa_cilt-ciltsiz","7":"pa_tur-kitap","8":"pa_yayinevi-galeati-yayincilik","9":"pa_yazar-ibrahim-gunduz","11":"first","12":"instock","13":"sale","14":"shipping-taxable","15":"purchasable","16":"product-type-simple"},"_links":{"self":[{"href":"https:\/\/roveyayinevi.com.tr\/index.php\/wp-json\/wp\/v2\/product\/780918","targetHints":{"allow":["GET"]}}],"collection":[{"href":"https:\/\/roveyayinevi.com.tr\/index.php\/wp-json\/wp\/v2\/product"}],"about":[{"href":"https:\/\/roveyayinevi.com.tr\/index.php\/wp-json\/wp\/v2\/types\/product"}],"wp:attachment":[{"href":"https:\/\/roveyayinevi.com.tr\/index.php\/wp-json\/wp\/v2\/media?parent=780918"}],"wp:term":[{"taxonomy":"product_brand","embeddable":true,"href":"https:\/\/roveyayinevi.com.tr\/index.php\/wp-json\/wp\/v2\/product_brand?post=780918"},{"taxonomy":"product_cat","embeddable":true,"href":"https:\/\/roveyayinevi.com.tr\/index.php\/wp-json\/wp\/v2\/product_cat?post=780918"},{"taxonomy":"product_tag","embeddable":true,"href":"https:\/\/roveyayinevi.com.tr\/index.php\/wp-json\/wp\/v2\/product_tag?post=780918"}],"curies":[{"name":"wp","href":"https:\/\/api.w.org\/{rel}","templated":true}]}}