{"id":780913,"date":"2026-01-20T04:28:37","date_gmt":"2026-01-20T01:28:37","guid":{"rendered":"https:\/\/roveyayinevi.com.tr\/index.php\/urun\/kedi-cocuk-cizgi-roman-kulubu-fenomenler\/"},"modified":"2026-04-15T03:45:25","modified_gmt":"2026-04-15T00:45:25","slug":"kedi-cocuk-cizgi-roman-kulubu-fenomenler","status":"publish","type":"product","link":"https:\/\/roveyayinevi.com.tr\/index.php\/urun\/kedi-cocuk-cizgi-roman-kulubu-fenomenler\/","title":{"rendered":"Kedi \u00c7ocuk \u00c7izgi Roman Kul\u00fcb\u00fc Fenomenler"},"content":{"rendered":"<p>K\u00f6pek Adam ve Kaptan D\u00fc\u015f\u00fckdon serilerinin uluslararas\u0131 \u00e7ok satan yazar\u0131 ve \u00e7izeri Dav Pilkey&#8217;den yine a\u015f\u0131r\u0131 komik bir \u00e7izgi roman serisi!Kedi \u00c7ocuk \u00c7izgi Roman Kul\u00fcb\u00fc krizde! \u00c7izgi romanlar\u0131ndan birinin yay\u0131mlanaca\u011f\u0131n\u0131 \u00f6\u011frenen, yavru kurba\u011falar endi\u015fe ve \u015f\u00fcpheye kap\u0131l\u0131rlar. Yarat\u0131c\u0131l\u0131klar\u0131n\u0131 nas\u0131l geri kazanacaklar? Naomi mi yoksa Melvin mi lider olarak ortaya \u00e7\u0131kacak? Flippy onlar\u0131 sonunda do\u011fru yola girmeye ve d\u00fczg\u00fcn u\u00e7maya ikna edebilecek mi? -gibi sorular\u0131n cevaplar\u0131n\u0131 bulmak zorundalard\u0131r.Hikaye, son derece komik, d\u00fc\u015f\u00fcnd\u00fcr\u00fcc\u00fc ve aksiyon dolu mini \u00e7izgi romanlarla dolu, \u00e7ok satan yazar ve \u00e7izer Dav Pilkey, okuyucuya insanlar\u0131 etkilemenin en iyi yolunun a\u00e7\u0131k, nazik, kibar oldu\u011funu g\u00f6steriyor.Pilkey&#8217;in kendine \u00f6zg\u00fc hik\u00e2ye anlat\u0131m\u0131 ve mizah\u0131yla birle\u015ferek her ya\u015ftan okuyucu i\u00e7in hayal g\u00fcc\u00fcn\u00fc ve yenili\u011fi te\u015fvik ediyor.<\/p>\n","protected":false},"excerpt":{"rendered":"<p>K\u00f6pek Adam ve Kaptan D\u00fc\u015f\u00fckdon serilerinin uluslararas\u0131 \u00e7ok satan yazar\u0131 ve \u00e7izeri Dav Pilkey&#8217;den yine a\u015f\u0131r\u0131 komik bir \u00e7izgi roman serisi!Kedi \u00c7ocuk \u00c7izgi Roman Kul\u00fcb\u00fc krizde!<span class=\"excerpt-hellip\"> [\u2026]<\/span><\/p>\n","protected":false},"featured_media":0,"template":"","meta":{"_monsterinsights_skip_tracking":false,"_monsterinsights_sitenote_active":false,"_monsterinsights_sitenote_note":"","_monsterinsights_sitenote_category":0},"product_brand":[],"product_cat":[12689,12274],"product_tag":[],"class_list":{"0":"post-780913","1":"product","2":"type-product","3":"status-publish","5":"product_cat-cizgi-roman-cocuk-ve-genclik-kitaplari","6":"product_cat-cocuk-ve-genclik-kitaplari","7":"pa_cilt-ciltsiz","8":"pa_tur-kitap","9":"pa_yayinevi-altin-kitaplar","10":"pa_yazar-dav-pilkey","12":"first","13":"instock","14":"sale","15":"shipping-taxable","16":"purchasable","17":"product-type-simple"},"_links":{"self":[{"href":"https:\/\/roveyayinevi.com.tr\/index.php\/wp-json\/wp\/v2\/product\/780913","targetHints":{"allow":["GET"]}}],"collection":[{"href":"https:\/\/roveyayinevi.com.tr\/index.php\/wp-json\/wp\/v2\/product"}],"about":[{"href":"https:\/\/roveyayinevi.com.tr\/index.php\/wp-json\/wp\/v2\/types\/product"}],"wp:attachment":[{"href":"https:\/\/roveyayinevi.com.tr\/index.php\/wp-json\/wp\/v2\/media?parent=780913"}],"wp:term":[{"taxonomy":"product_brand","embeddable":true,"href":"https:\/\/roveyayinevi.com.tr\/index.php\/wp-json\/wp\/v2\/product_brand?post=780913"},{"taxonomy":"product_cat","embeddable":true,"href":"https:\/\/roveyayinevi.com.tr\/index.php\/wp-json\/wp\/v2\/product_cat?post=780913"},{"taxonomy":"product_tag","embeddable":true,"href":"https:\/\/roveyayinevi.com.tr\/index.php\/wp-json\/wp\/v2\/product_tag?post=780913"}],"curies":[{"name":"wp","href":"https:\/\/api.w.org\/{rel}","templated":true}]}}