{"id":780912,"date":"2026-01-20T04:28:32","date_gmt":"2026-01-20T01:28:32","guid":{"rendered":"https:\/\/roveyayinevi.com.tr\/index.php\/urun\/karanligi-seversin\/"},"modified":"2026-04-15T03:45:25","modified_gmt":"2026-04-15T00:45:25","slug":"karanligi-seversin","status":"publish","type":"product","link":"https:\/\/roveyayinevi.com.tr\/index.php\/urun\/karanligi-seversin\/","title":{"rendered":"Karanl\u0131\u011f\u0131 Seversin"},"content":{"rendered":"<p>Daha m\u0131 karanl\u0131k seviyorsunuz. Al\u0131n size daha karanl\u0131k! Stephen King&#8217;in \u015fa\u015f\u0131rtma, okuru hayran b\u0131rakma, korkuyu da teselliyi de ayn\u0131 anda sunma konusundaki e\u015fsiz yetene\u011fi h\u00e2l\u00e2 doruk noktas\u0131nda. Hayat\u0131n hem mecazi hem de ger\u00e7ek anlamda daha karanl\u0131k y\u00f6nlerine inen bu on iki \u00f6yk\u00fcde yazar fanilik, \u015fans ve ger\u00e7eklik \u00fczerine muhte\u015fem hik\u00e2yeler anlat\u0131yor.Kitaptaki &#8220;\u0130ki Yetenekli Serseri&#8221; adl\u0131 \u00f6yk\u00fcde uzun s\u00fcredir baz\u0131 yeteneklerin ard\u0131nda sakl\u0131 kalan s\u0131rlar ortaya \u00e7\u0131k\u0131yor. &#8220;Danny Coughlin&#8217;in K\u00f6t\u00fc R\u00fcyas\u0131&#8221; k\u0131sa ve benzeri g\u00f6r\u00fclmemi\u015f bir r\u00fcyan\u0131n onlarca hayat\u0131 alt\u00fcst etmesini anlat\u0131yor. &#8220;\u00c7\u0131ng\u0131rakl\u0131 Y\u0131lanlar&#8221; Kujo&#8217;nun devam\u0131 niteli\u011finde bir \u00f6yk\u00fc; yasl\u0131 bir adam, biraz huzur bulmak i\u00e7in Florida&#8217;ya gidiyor ama orada \u015fartlar\u0131 \u00e7ok a\u011f\u0131r, beklenmedik bir mirasla kar\u015f\u0131la\u015f\u0131yor. &#8220;R\u00fcya G\u00f6renler&#8221;, i\u00e7ine kapan\u0131k bir Vietnam gazisinin bir i\u015f ilan\u0131na yan\u0131t vermesi ve evrenin baz\u0131 k\u00f6\u015felerinin ke\u015ffedilmemesi gerekti\u011fini \u00f6\u011frenmesi \u00fczerine. &#8220;Cevap\u00e7\u0131&#8221; ise \u00f6nsezinin iyi \u015fans m\u0131 yoksa k\u00f6t\u00fc \u015fans m\u0131 oldu\u011funu sorguluyor ve dayan\u0131lmaz trajedilerle dolu bir hayat\u0131n bile anlaml\u0131 olabilece\u011fini hat \u0131rlat\u0131yor.Efsanevi yazar Stephen King&#8217;in bu yeni derlemesindeki \u00f6yk\u00fclerin her biri kendi ba\u015f\u0131na heyecanl\u0131, ne\u015feli, gizemli ve ikonik.<\/p>\n","protected":false},"excerpt":{"rendered":"<p>Daha m\u0131 karanl\u0131k seviyorsunuz. Al\u0131n size daha karanl\u0131k! Stephen King&#8217;in \u015fa\u015f\u0131rtma, okuru hayran b\u0131rakma, korkuyu da teselliyi de ayn\u0131 anda sunma konusundaki e\u015fsiz yetene\u011fi h\u00e2l\u00e2 doruk<span class=\"excerpt-hellip\"> [\u2026]<\/span><\/p>\n","protected":false},"featured_media":0,"template":"","meta":{"_monsterinsights_skip_tracking":false,"_monsterinsights_sitenote_active":false,"_monsterinsights_sitenote_note":"","_monsterinsights_sitenote_category":0},"product_brand":[],"product_cat":[12291,17033],"product_tag":[],"class_list":{"0":"post-780912","1":"product","2":"type-product","3":"status-publish","5":"product_cat-edebiyat","6":"product_cat-korku-gerilim","7":"pa_cilt-ciltsiz","8":"pa_tur-kitap","9":"pa_yayinevi-altin-kitaplar","10":"pa_yazar-stephen-king","12":"first","13":"instock","14":"sale","15":"shipping-taxable","16":"purchasable","17":"product-type-simple"},"_links":{"self":[{"href":"https:\/\/roveyayinevi.com.tr\/index.php\/wp-json\/wp\/v2\/product\/780912","targetHints":{"allow":["GET"]}}],"collection":[{"href":"https:\/\/roveyayinevi.com.tr\/index.php\/wp-json\/wp\/v2\/product"}],"about":[{"href":"https:\/\/roveyayinevi.com.tr\/index.php\/wp-json\/wp\/v2\/types\/product"}],"wp:attachment":[{"href":"https:\/\/roveyayinevi.com.tr\/index.php\/wp-json\/wp\/v2\/media?parent=780912"}],"wp:term":[{"taxonomy":"product_brand","embeddable":true,"href":"https:\/\/roveyayinevi.com.tr\/index.php\/wp-json\/wp\/v2\/product_brand?post=780912"},{"taxonomy":"product_cat","embeddable":true,"href":"https:\/\/roveyayinevi.com.tr\/index.php\/wp-json\/wp\/v2\/product_cat?post=780912"},{"taxonomy":"product_tag","embeddable":true,"href":"https:\/\/roveyayinevi.com.tr\/index.php\/wp-json\/wp\/v2\/product_tag?post=780912"}],"curies":[{"name":"wp","href":"https:\/\/api.w.org\/{rel}","templated":true}]}}