{"id":780909,"date":"2026-01-20T04:28:20","date_gmt":"2026-01-20T01:28:20","guid":{"rendered":"https:\/\/roveyayinevi.com.tr\/index.php\/urun\/boyle-daha-guzelbencillik-karsisinda-paylasim\/"},"modified":"2026-04-07T03:38:55","modified_gmt":"2026-04-07T00:38:55","slug":"boyle-daha-guzelbencillik-karsisinda-paylasim","status":"publish","type":"product","link":"https:\/\/roveyayinevi.com.tr\/index.php\/urun\/boyle-daha-guzelbencillik-karsisinda-paylasim\/","title":{"rendered":"B\u00f6yle Daha G\u00fczelBencillik Kar\u015f\u0131s\u0131nda Payla\u015f\u0131m"},"content":{"rendered":"<p>Bazen elindekileri payla\u015fmak seni daha mutlu eder. Ve payla\u015fmay\u0131 se\u00e7ti\u011finde, i\u015fte o zaman anlars\u0131n B\u00d6YLE DAHA G\u00dcZEL! Dr. Mehmet Teber&#8217;in kaleminden, s\u0131cac\u0131k bir \u201cG\u00dcZEL DAVRANI\u015eI SE\u00c7ME\u201d hik\u00e2yesi. Minik Ser\u00e7eyle birlikte sen de \u201cpayla\u015fman\u0131n g\u00fczelli\u011fini\u201d yeniden ke\u015ffetmeye var m\u0131s\u0131n?<\/p>\n","protected":false},"excerpt":{"rendered":"<p>Bazen elindekileri payla\u015fmak seni daha mutlu eder. Ve payla\u015fmay\u0131 se\u00e7ti\u011finde, i\u015fte o zaman anlars\u0131n B\u00d6YLE DAHA G\u00dcZEL! Dr. Mehmet Teber&#8217;in kaleminden, s\u0131cac\u0131k bir \u201cG\u00dcZEL DAVRANI\u015eI SE\u00c7ME\u201d<span class=\"excerpt-hellip\"> [\u2026]<\/span><\/p>\n","protected":false},"featured_media":0,"template":"","meta":{"_monsterinsights_skip_tracking":false,"_monsterinsights_sitenote_active":false,"_monsterinsights_sitenote_note":"","_monsterinsights_sitenote_category":0},"product_brand":[],"product_cat":[12274,12284],"product_tag":[],"class_list":{"0":"post-780909","1":"product","2":"type-product","3":"status-publish","5":"product_cat-cocuk-ve-genclik-kitaplari","6":"product_cat-hikayeler","7":"pa_cilt-ciltsiz","8":"pa_tur-kitap","9":"pa_yayinevi-sincap-kitap","10":"pa_yazar-mehmet-teber","12":"first","13":"instock","14":"sale","15":"shipping-taxable","16":"purchasable","17":"product-type-simple"},"_links":{"self":[{"href":"https:\/\/roveyayinevi.com.tr\/index.php\/wp-json\/wp\/v2\/product\/780909","targetHints":{"allow":["GET"]}}],"collection":[{"href":"https:\/\/roveyayinevi.com.tr\/index.php\/wp-json\/wp\/v2\/product"}],"about":[{"href":"https:\/\/roveyayinevi.com.tr\/index.php\/wp-json\/wp\/v2\/types\/product"}],"wp:attachment":[{"href":"https:\/\/roveyayinevi.com.tr\/index.php\/wp-json\/wp\/v2\/media?parent=780909"}],"wp:term":[{"taxonomy":"product_brand","embeddable":true,"href":"https:\/\/roveyayinevi.com.tr\/index.php\/wp-json\/wp\/v2\/product_brand?post=780909"},{"taxonomy":"product_cat","embeddable":true,"href":"https:\/\/roveyayinevi.com.tr\/index.php\/wp-json\/wp\/v2\/product_cat?post=780909"},{"taxonomy":"product_tag","embeddable":true,"href":"https:\/\/roveyayinevi.com.tr\/index.php\/wp-json\/wp\/v2\/product_tag?post=780909"}],"curies":[{"name":"wp","href":"https:\/\/api.w.org\/{rel}","templated":true}]}}