{"id":780908,"date":"2026-01-20T04:28:16","date_gmt":"2026-01-20T01:28:16","guid":{"rendered":"https:\/\/roveyayinevi.com.tr\/index.php\/urun\/boyle-daha-guzelzorbalik-karsisinda-yardim\/"},"modified":"2026-04-07T03:38:55","modified_gmt":"2026-04-07T00:38:55","slug":"boyle-daha-guzelzorbalik-karsisinda-yardim","status":"publish","type":"product","link":"https:\/\/roveyayinevi.com.tr\/index.php\/urun\/boyle-daha-guzelzorbalik-karsisinda-yardim\/","title":{"rendered":"B\u00f6yle Daha G\u00fczel;Zorbal\u0131k Kar\u015f\u0131s\u0131nda Yard\u0131m"},"content":{"rendered":"<p>Bazen biri yere d\u00fc\u015f\u00fcnce herkes g\u00fcler, ta ki birisi yard\u0131m edene kadar. Ve yard\u0131m etmeyi se\u00e7ti\u011findei i\u015fte o zaman anlars\u0131n B\u00f6yle Daha G\u00fczel! Dr. Mehmet Teber\u2019in kaleminden s\u0131cac\u0131k bir \u2018\u2018G\u00fczel Davran\u0131\u015f\u0131 Se\u00e7me Hik\u00e2yesi\u2019\u2019. Beyaz Leylekle birlikte sen de \u2018\u2018yard\u0131m etmenin g\u00fczelli\u011fini\u2019\u2019 yeniden ke\u015ffetmeye var m\u0131s\u0131n?<\/p>\n","protected":false},"excerpt":{"rendered":"<p>Bazen biri yere d\u00fc\u015f\u00fcnce herkes g\u00fcler, ta ki birisi yard\u0131m edene kadar. Ve yard\u0131m etmeyi se\u00e7ti\u011findei i\u015fte o zaman anlars\u0131n B\u00f6yle Daha G\u00fczel! Dr. Mehmet Teber\u2019in<span class=\"excerpt-hellip\"> [\u2026]<\/span><\/p>\n","protected":false},"featured_media":0,"template":"","meta":{"_monsterinsights_skip_tracking":false,"_monsterinsights_sitenote_active":false,"_monsterinsights_sitenote_note":"","_monsterinsights_sitenote_category":0},"product_brand":[],"product_cat":[12274,12284],"product_tag":[],"class_list":{"0":"post-780908","1":"product","2":"type-product","3":"status-publish","5":"product_cat-cocuk-ve-genclik-kitaplari","6":"product_cat-hikayeler","7":"pa_cilt-ciltsiz","8":"pa_tur-kitap","9":"pa_yayinevi-sincap-kitap","10":"pa_yazar-mehmet-teber","12":"first","13":"instock","14":"sale","15":"shipping-taxable","16":"purchasable","17":"product-type-simple"},"_links":{"self":[{"href":"https:\/\/roveyayinevi.com.tr\/index.php\/wp-json\/wp\/v2\/product\/780908","targetHints":{"allow":["GET"]}}],"collection":[{"href":"https:\/\/roveyayinevi.com.tr\/index.php\/wp-json\/wp\/v2\/product"}],"about":[{"href":"https:\/\/roveyayinevi.com.tr\/index.php\/wp-json\/wp\/v2\/types\/product"}],"wp:attachment":[{"href":"https:\/\/roveyayinevi.com.tr\/index.php\/wp-json\/wp\/v2\/media?parent=780908"}],"wp:term":[{"taxonomy":"product_brand","embeddable":true,"href":"https:\/\/roveyayinevi.com.tr\/index.php\/wp-json\/wp\/v2\/product_brand?post=780908"},{"taxonomy":"product_cat","embeddable":true,"href":"https:\/\/roveyayinevi.com.tr\/index.php\/wp-json\/wp\/v2\/product_cat?post=780908"},{"taxonomy":"product_tag","embeddable":true,"href":"https:\/\/roveyayinevi.com.tr\/index.php\/wp-json\/wp\/v2\/product_tag?post=780908"}],"curies":[{"name":"wp","href":"https:\/\/api.w.org\/{rel}","templated":true}]}}