{"id":780907,"date":"2026-01-20T04:28:13","date_gmt":"2026-01-20T01:28:13","guid":{"rendered":"https:\/\/roveyayinevi.com.tr\/index.php\/urun\/turkce-egitimi-ve-ogretimi-kuramsal-temeller-ve-uygulama-ornekleri\/"},"modified":"2026-04-03T03:37:10","modified_gmt":"2026-04-03T00:37:10","slug":"turkce-egitimi-ve-ogretimi-kuramsal-temeller-ve-uygulama-ornekleri","status":"publish","type":"product","link":"https:\/\/roveyayinevi.com.tr\/index.php\/urun\/turkce-egitimi-ve-ogretimi-kuramsal-temeller-ve-uygulama-ornekleri\/","title":{"rendered":"T\u00fcrk\u00e7e E\u011fitimi ve \u00d6\u011fretimi Kuramsal Temeller ve Uygulama \u00d6rnekleri"},"content":{"rendered":"<p>Ana dili, bireylerin duygu ve d\u00fc\u015f\u00fcnce d\u00fcnyalar\u0131n\u0131 ifade etmelerine olanak sunarken bir yandan da duygu ve d\u00fc\u015f\u00fcnce ba\u011flamlar\u0131n\u0131 \u015fekillendirir. Bu bak\u0131mdan ana dili e\u011fitimi insan\u0131n geli\u015fiminde \u00f6nemli bir yere sahiptir. K\u00f6kl\u00fc bir ge\u00e7mi\u015fe sahip ana dilimiz T\u00fcrk\u00e7enin e\u011fitimi ve \u00f6\u011fretiminin, bu ba\u011flamda ele al\u0131nmas\u0131, e\u011fitim alan\u0131ndaki geli\u015fmelerle b\u00fct\u00fcnle\u015ftirilmesi ve b\u00fct\u00fcn kapsam\u0131yla detayland\u0131r\u0131lmas\u0131 gerekmektedir.   Bu kitab\u0131n amac\u0131 T\u00fcrk\u00e7e e\u011fitimi ve \u00f6\u011fretimini  alt boyutlar\u0131yla ele alarak kuramsal temelleri uygulama \u00f6rnekleri ile b\u00fct\u00fcnle\u015ftirmektir. Bu ama\u00e7 do\u011frultusunda kitapta \u00fczerinde durulan unsurlar;  dil \u00f6\u011fretimindeki \u00f6\u011frenme ve \u00f6\u011fretim kavramlar\u0131; dinleme, okuma, konu\u015fma ve yazma becerilerinin \u00f6\u011fretimi; dil bilgisi \u00f6\u011fretimi; s\u00f6zc\u00fck \u00f6\u011fretimi; i\u00e7erik d\u00fczenleme ve metin i\u015fleme s\u00fcreci; d\u00fc\u015f\u00fcnme becerileri; yabanc\u0131 dil olarak T\u00fcrk\u00e7e \u00f6\u011fretimi; T\u00fcrk\u00e7e e\u011fitiminde anlama ve anlatma becerilerine y\u00f6nelik \u00f6l\u00e7me ve de\u011ferlendirme yakla\u015f\u0131mlar\u0131 ve dijital \u00e7a\u011fda T\u00fcrk\u00e7e \u00f6\u011fretimidir.<\/p>\n","protected":false},"excerpt":{"rendered":"<p>Ana dili, bireylerin duygu ve d\u00fc\u015f\u00fcnce d\u00fcnyalar\u0131n\u0131 ifade etmelerine olanak sunarken bir yandan da duygu ve d\u00fc\u015f\u00fcnce ba\u011flamlar\u0131n\u0131 \u015fekillendirir. Bu bak\u0131mdan ana dili e\u011fitimi insan\u0131n geli\u015fiminde<span class=\"excerpt-hellip\"> [\u2026]<\/span><\/p>\n","protected":false},"featured_media":0,"template":"","meta":{"_monsterinsights_skip_tracking":false,"_monsterinsights_sitenote_active":false,"_monsterinsights_sitenote_note":"","_monsterinsights_sitenote_category":0},"product_brand":[],"product_cat":[12566],"product_tag":[],"class_list":{"0":"post-780907","1":"product","2":"type-product","3":"status-publish","5":"product_cat-egitim","6":"pa_cilt-ciltsiz","7":"pa_tur-kitap","8":"pa_yayinevi-ani-yayincilik","9":"pa_yazar-kolektif","11":"first","12":"instock","13":"sale","14":"shipping-taxable","15":"purchasable","16":"product-type-simple"},"_links":{"self":[{"href":"https:\/\/roveyayinevi.com.tr\/index.php\/wp-json\/wp\/v2\/product\/780907","targetHints":{"allow":["GET"]}}],"collection":[{"href":"https:\/\/roveyayinevi.com.tr\/index.php\/wp-json\/wp\/v2\/product"}],"about":[{"href":"https:\/\/roveyayinevi.com.tr\/index.php\/wp-json\/wp\/v2\/types\/product"}],"wp:attachment":[{"href":"https:\/\/roveyayinevi.com.tr\/index.php\/wp-json\/wp\/v2\/media?parent=780907"}],"wp:term":[{"taxonomy":"product_brand","embeddable":true,"href":"https:\/\/roveyayinevi.com.tr\/index.php\/wp-json\/wp\/v2\/product_brand?post=780907"},{"taxonomy":"product_cat","embeddable":true,"href":"https:\/\/roveyayinevi.com.tr\/index.php\/wp-json\/wp\/v2\/product_cat?post=780907"},{"taxonomy":"product_tag","embeddable":true,"href":"https:\/\/roveyayinevi.com.tr\/index.php\/wp-json\/wp\/v2\/product_tag?post=780907"}],"curies":[{"name":"wp","href":"https:\/\/api.w.org\/{rel}","templated":true}]}}