{"id":780906,"date":"2026-01-20T04:28:09","date_gmt":"2026-01-20T01:28:09","guid":{"rendered":"https:\/\/roveyayinevi.com.tr\/index.php\/urun\/kodlamali-egitici-boyama-kitabi-5-6-yas-2-kitap-takim\/"},"modified":"2026-04-15T03:45:25","modified_gmt":"2026-04-15T00:45:25","slug":"kodlamali-egitici-boyama-kitabi-5-6-yas-2-kitap-takim","status":"publish","type":"product","link":"https:\/\/roveyayinevi.com.tr\/index.php\/urun\/kodlamali-egitici-boyama-kitabi-5-6-yas-2-kitap-takim\/","title":{"rendered":"Kodlamal\u0131 E\u011fitici Boyama Kitab\u0131 5-6 Ya\u015f (2 Kitap Tak\u0131m)"},"content":{"rendered":"<p>\u00d6\u011frenmek Kodlamal\u0131 E\u011fitici Boyama Kitab\u0131 ile \u00c7ocuk Oyunca\u011f\u0131.Say\u0131lara, \u015eekillere, Renklere ve Okuma-Yazmaya Haz\u0131rl\u0131k \u00c7al\u0131\u015fmalar\u0131na E\u011flenceli Bir Ba\u015flang\u0131\u00e7!Kodlamal\u0131 E\u011fitici Boyama Kitaplar\u0131 ile \u00e7ocuklar\u0131n,- \u0130nce Motor Geli\u015fimi- Hayal G\u00fcc\u00fc- Yer- Y\u00f6n Kavram\u0131- Matematiksel Beceri- Resim Yapma ve Yaz\u0131 Yazma Becerisi- El-g\u00f6z Koordinasyonu- Ad\u0131m ad\u0131m kodlama mant\u0131\u011f\u0131n\u0131 kavrama- Dikkat ve Odaklanma- Algoritmik ve analitik bak\u0131\u015f a\u00e7\u0131s\u0131- Par\u00e7a- b\u00fct\u00fcn ili\u015fkisini kavrama- Problemleri \u00c7\u00f6zme- Problemleri Farkl\u0131 Yollardan \u00c7\u00f6zme Yetene\u011fi geli\u015fir.\u00c7ocuklar\u0131n erken ya\u015fta temel algoritma ve kodlama d\u00fcnyas\u0131n\u0131 ad\u0131m ad\u0131m ke\u015ffedecekleri Kodlamal\u0131 E\u011fitici Boyama Kitaplar\u0131, e\u011flenerek \u00f6\u011frenme f\u0131rsat\u0131 sa\u011flayacak. Zorluk seviyeleri artan \u00e7al\u0131\u015fmalarla dikkat, alg\u0131 ve odaklanmay\u0131 destekleyen bu e\u011fitici ve e\u011flenceli kitaplar, \u00e7ocuklara problem \u00e7\u00f6zme s\u00fcrecinde s\u0131ral\u0131 mant\u0131ksal ad\u0131mlar atmay\u0131 \u00f6\u011fretecek.Okul \u00d6ncesi Uzman \u00d6\u011fretmen- Ay\u015fe Uzun<\/p>\n","protected":false},"excerpt":{"rendered":"<p>\u00d6\u011frenmek Kodlamal\u0131 E\u011fitici Boyama Kitab\u0131 ile \u00c7ocuk Oyunca\u011f\u0131.Say\u0131lara, \u015eekillere, Renklere ve Okuma-Yazmaya Haz\u0131rl\u0131k \u00c7al\u0131\u015fmalar\u0131na E\u011flenceli Bir Ba\u015flang\u0131\u00e7!Kodlamal\u0131 E\u011fitici Boyama Kitaplar\u0131 ile \u00e7ocuklar\u0131n,- \u0130nce Motor Geli\u015fimi- Hayal<span class=\"excerpt-hellip\"> [\u2026]<\/span><\/p>\n","protected":false},"featured_media":0,"template":"","meta":{"_monsterinsights_skip_tracking":false,"_monsterinsights_sitenote_active":false,"_monsterinsights_sitenote_note":"","_monsterinsights_sitenote_category":0},"product_brand":[],"product_cat":[12644,12274],"product_tag":[],"class_list":{"0":"post-780906","1":"product","2":"type-product","3":"status-publish","5":"product_cat-boyama-kitaplari","6":"product_cat-cocuk-ve-genclik-kitaplari","7":"pa_cilt-ciltsiz","8":"pa_tur-kitap","9":"pa_yayinevi-sincap-kitap","10":"pa_yazar-kolektif","12":"first","13":"instock","14":"sale","15":"shipping-taxable","16":"purchasable","17":"product-type-simple"},"_links":{"self":[{"href":"https:\/\/roveyayinevi.com.tr\/index.php\/wp-json\/wp\/v2\/product\/780906","targetHints":{"allow":["GET"]}}],"collection":[{"href":"https:\/\/roveyayinevi.com.tr\/index.php\/wp-json\/wp\/v2\/product"}],"about":[{"href":"https:\/\/roveyayinevi.com.tr\/index.php\/wp-json\/wp\/v2\/types\/product"}],"wp:attachment":[{"href":"https:\/\/roveyayinevi.com.tr\/index.php\/wp-json\/wp\/v2\/media?parent=780906"}],"wp:term":[{"taxonomy":"product_brand","embeddable":true,"href":"https:\/\/roveyayinevi.com.tr\/index.php\/wp-json\/wp\/v2\/product_brand?post=780906"},{"taxonomy":"product_cat","embeddable":true,"href":"https:\/\/roveyayinevi.com.tr\/index.php\/wp-json\/wp\/v2\/product_cat?post=780906"},{"taxonomy":"product_tag","embeddable":true,"href":"https:\/\/roveyayinevi.com.tr\/index.php\/wp-json\/wp\/v2\/product_tag?post=780906"}],"curies":[{"name":"wp","href":"https:\/\/api.w.org\/{rel}","templated":true}]}}