{"id":780905,"date":"2026-01-20T04:28:06","date_gmt":"2026-01-20T01:28:06","guid":{"rendered":"https:\/\/roveyayinevi.com.tr\/index.php\/urun\/elestirel-sosyoloji\/"},"modified":"2026-04-15T03:45:25","modified_gmt":"2026-04-15T00:45:25","slug":"elestirel-sosyoloji","status":"publish","type":"product","link":"https:\/\/roveyayinevi.com.tr\/index.php\/urun\/elestirel-sosyoloji\/","title":{"rendered":"Ele\u015ftirel Sosyoloji"},"content":{"rendered":"<p>Bu eser, ele\u015ftirel sosyolojiye odaklanm\u0131\u015ft\u0131r. Bu kitap, i\u00e7eri\u011fi ve \u00e7er\u00e7evesi bak\u0131m\u0131ndan d\u00fcnyada ele\u015ftirel sosyoloji \u00fczerine yaz\u0131lm\u0131\u015f ilk kapsaml\u0131 metindir. Bu yap\u0131tta, ele\u015ftirel sosyolojinin k\u00f6klerine, kurucu babalar\u0131na ve \u00e7a\u011fda\u015f temsilcilerine ayr\u0131nt\u0131l\u0131 bir bi\u00e7imde yer verilmi\u015ftir. Bu metinde, ku\u015fkuya ve ele\u015ftiriye \u00e7ok \u00f6nem veren, ele\u015ftirel d\u00fc\u015f\u00fcnceyi ba\u015f tac\u0131 yapan, ya\u015fad\u0131klar\u0131 \u00e7a\u011f\u0131 ve toplumu radikal bir bi\u00e7imde ele\u015ftiren Sokrates, Montaigne, Descartes, Rousseau, Kant, Marx, Nietzsche, Freud, Horkheimer, Adorno, Marcuse, Habermas, Mills, Gouldner, Bauman ve Bourdieu\u2019n\u00fcn ele\u015ftirel sosyolojisi incelenmi\u015ftir. Bu kitapta, ilk ele\u015ftirel sosyolog olarak Sokrates ele al\u0131nm\u0131\u015f ve Sokrates\u2019in g\u00f6r\u00fc\u015fleri \u00e7er\u00e7evesinde bir ele\u015ftirel sosyoloji okumas\u0131 yap\u0131lm\u0131\u015ft\u0131r. Sokrates\u2019ten yola \u00e7\u0131kan bu yap\u0131tta, s\u00f6z konusu ayk\u0131r\u0131 simalar\u0131n g\u00f6r\u00fc\u015fleri \u0131\u015f\u0131\u011f\u0131nda, stat\u00fckocu sosyolojinin ele\u015ftiriyi negatif bir \u015fey olarak g\u00f6ren, \u201cele\u015ftirinin sonu\u201dnu haz\u0131rlayan, insan\u0131 ku\u015fkulanmaktan, sorgulamaktan, d\u00fc\u015f\u00fcnmekten ve ele\u015ftirmekten uzakla\u015ft\u0131ran, var olan ger\u00e7eklere yo\u011funla\u015fmayan, \u00e7eli\u015fkileri g\u00f6rmezlikten gelen, sorunlarla y\u00fczle\u015fmeyen, d\u00fczenin g\u00f6z\u00fcn\u00fcn i\u00e7ine bakan ve bir d\u00fczen bilimi haline gelen anlay\u0131\u015f\u0131 kritik edilmi\u015ftir. Ele\u015ftirel sosyoloji, bu anlamda, ele\u015ftiriyi oda\u011f\u0131na yerle\u015ftiren, ku\u015fku ve ele\u015ftiri ile hareket eden, her daim \u201cele\u015ftiriye d\u00f6n\u00fc\u015f\u201d\u00fc kendisine pusula edinen, insana, topluma, uygarl\u0131\u011fa ve d\u00fcnyaya i\u011fneleyici sorular soran, d\u00fczene ele\u015ftirel yakla\u015fan, stat\u00fckoyu sorgulayan, birey \u00fczerinde tahakk\u00fcm kuran yap\u0131lar\u0131n mekanizmas\u0131n\u0131 kurcalayan, \u00fcst\u00fc \u00f6rt\u00fclen ve gizlenen ger\u00e7ekleri a\u00e7\u0131\u011fa \u00e7\u0131karan, bireyi ezenlerin konforunu bozan, mikro ve makro g\u00fc\u00e7 odaklar\u0131n\u0131 rahats\u0131z eden, totaliter sistemlerin huzurunu ka\u00e7\u0131ran, otoriter tiplerin sinirlerini bozan, bireyin g\u00f6z\u00fcn\u00fc ve ufkunu a\u00e7an, \u00f6zg\u00fcrl\u00fc\u011f\u00fc oda\u011f\u0131na yerle\u015ftiren, barbar d\u00fcnya d\u00fczenini de\u011fi\u015ftirmeyi ama\u00e7 edinen, daha iyi bir d\u00fcnyan\u0131n in\u015fas\u0131 i\u00e7in kavga eden, ufuk a\u00e7\u0131c\u0131 olan ve \u00f6zg\u00fcrl\u00fc\u011f\u00fc esas alan ger\u00e7ek sosyoloji olarak ele al\u0131nm\u0131\u015ft\u0131r. Bu kitap, sosyolojide ku\u015fkunun ve ele\u015ftirinin merkez\u00ee \u00f6neme sahip oldu\u011funu, ele\u015ftiriye d\u00f6n\u00fc\u015f\u00fcn ka\u00e7\u0131n\u0131lmaz h\u00e2le geldi\u011fini \u00f6n plana \u00e7\u0131kar\u0131yor, gittik\u00e7e otoriterle\u015fen kapitalist sistemle ve di\u011fer totaliter yap\u0131larla nas\u0131l m\u00fccadele edece\u011fimize dair bir yol haritas\u0131 sunuyor. Sokrates\u2019in a\u00e7t\u0131\u011f\u0131 yoldan giderek, insana, hayata, d\u00fczene, sisteme ve d\u00fcnyaya ili\u015fkin sorular soran ele\u015ftirel sosyolojiyi merak edenlere\u2026 Ku\u015fkucu bak\u0131\u015f a\u00e7\u0131s\u0131yla ve ele\u015ftirel duru\u015fla, toplumun ve d\u00fcnyan\u0131n bask\u0131c\u0131 y\u00f6nlerinden kurtulabilece\u011fimizi ve \u00f6zg\u00fcrle\u015febilece\u011fimizi savunan ele\u015ftirel sosyolojiyle yol y\u00fcr\u00fcmek isteyenlere&#8230; \u0130nsanl\u0131\u011fa nefes ald\u0131racak ve insanlar\u0131n \u00f6zg\u00fcrle\u015fmesini sa\u011flayacak mekanizmalardan biri olarak ele\u015ftirel sosyolojiyi d\u00fc\u015f\u00fcnmeyi arzulayanlara\u2026 Ele\u015ftirel sosyolojiyle d\u00fcnyay\u0131 de\u011fi\u015ftirebilece\u011fimizi umut edenlere\u2026<\/p>\n","protected":false},"excerpt":{"rendered":"<p>Bu eser, ele\u015ftirel sosyolojiye odaklanm\u0131\u015ft\u0131r. Bu kitap, i\u00e7eri\u011fi ve \u00e7er\u00e7evesi bak\u0131m\u0131ndan d\u00fcnyada ele\u015ftirel sosyoloji \u00fczerine yaz\u0131lm\u0131\u015f ilk kapsaml\u0131 metindir. Bu yap\u0131tta, ele\u015ftirel sosyolojinin k\u00f6klerine, kurucu babalar\u0131na<span class=\"excerpt-hellip\"> [\u2026]<\/span><\/p>\n","protected":false},"featured_media":0,"template":"","meta":{"_monsterinsights_skip_tracking":false,"_monsterinsights_sitenote_active":false,"_monsterinsights_sitenote_note":"","_monsterinsights_sitenote_category":0},"product_brand":[],"product_cat":[12324],"product_tag":[],"class_list":{"0":"post-780905","1":"product","2":"type-product","3":"status-publish","5":"product_cat-sosyoloji","6":"pa_cilt-ciltsiz","7":"pa_tur-kitap","8":"pa_yayinevi-ani-yayincilik","9":"pa_yazar-sezgin-kizilcelik","11":"first","12":"instock","13":"sale","14":"shipping-taxable","15":"purchasable","16":"product-type-simple"},"_links":{"self":[{"href":"https:\/\/roveyayinevi.com.tr\/index.php\/wp-json\/wp\/v2\/product\/780905","targetHints":{"allow":["GET"]}}],"collection":[{"href":"https:\/\/roveyayinevi.com.tr\/index.php\/wp-json\/wp\/v2\/product"}],"about":[{"href":"https:\/\/roveyayinevi.com.tr\/index.php\/wp-json\/wp\/v2\/types\/product"}],"wp:attachment":[{"href":"https:\/\/roveyayinevi.com.tr\/index.php\/wp-json\/wp\/v2\/media?parent=780905"}],"wp:term":[{"taxonomy":"product_brand","embeddable":true,"href":"https:\/\/roveyayinevi.com.tr\/index.php\/wp-json\/wp\/v2\/product_brand?post=780905"},{"taxonomy":"product_cat","embeddable":true,"href":"https:\/\/roveyayinevi.com.tr\/index.php\/wp-json\/wp\/v2\/product_cat?post=780905"},{"taxonomy":"product_tag","embeddable":true,"href":"https:\/\/roveyayinevi.com.tr\/index.php\/wp-json\/wp\/v2\/product_tag?post=780905"}],"curies":[{"name":"wp","href":"https:\/\/api.w.org\/{rel}","templated":true}]}}