{"id":780902,"date":"2026-01-20T04:27:55","date_gmt":"2026-01-20T01:27:55","guid":{"rendered":"https:\/\/roveyayinevi.com.tr\/index.php\/urun\/buyuk-asya-seferi\/"},"modified":"2026-04-15T03:45:25","modified_gmt":"2026-04-15T00:45:25","slug":"buyuk-asya-seferi","status":"publish","type":"product","link":"https:\/\/roveyayinevi.com.tr\/index.php\/urun\/buyuk-asya-seferi\/","title":{"rendered":"B\u00fcy\u00fck Asya Seferi"},"content":{"rendered":"<p>K\u00f6t\u00fcl\u00fck kar\u015f\u0131m\u0131za her zaman en sevdi\u011fimiz \u015feyin k\u0131l\u0131\u011f\u0131nda \u00e7\u0131kar. S\u00f6zleri tatl\u0131d\u0131r. \u00c7a\u011fr\u0131s\u0131 ak\u0131l \u00e7eler. K\u00f6t\u00fcl\u00fck kar\u015f\u0131m\u0131za hep zaaflar\u0131m\u0131zla \u00e7\u0131kar. Bizi yoldan \u00e7\u0131karan hep eri\u015femedi\u011fimiz arzular\u0131m\u0131zd\u0131r. Beni yoldan \u00e7\u0131karansa Benjamin oldu. \u0130yi dostum, sevdi\u011fim Benjamin\u2026 Onun da beni sevdi\u011fine eminim. Arada s\u0131rada ortadan kaybolsa ve beni habersiz b\u0131raksa bile onun c\u00fcretk\u00e2r g\u00fcl\u00fc\u015f\u00fcn\u00fc tan\u0131yorum. Cehennemde tan\u0131\u015ft\u0131k, bir s\u00fcre ayn\u0131 evi payla\u015ft\u0131k. \u00dczg\u00fcnd\u00fc, a\u011fl\u0131yordu. Sordu\u011fumda: \u201cYaln\u0131z\u0131m, o y\u00fczden,\u201d diye yan\u0131t verdi. \u201cBir arkada\u015fa, bir yolda\u015fa ihtiyac\u0131m var.\u201d<\/p>\n","protected":false},"excerpt":{"rendered":"<p>K\u00f6t\u00fcl\u00fck kar\u015f\u0131m\u0131za her zaman en sevdi\u011fimiz \u015feyin k\u0131l\u0131\u011f\u0131nda \u00e7\u0131kar. S\u00f6zleri tatl\u0131d\u0131r. \u00c7a\u011fr\u0131s\u0131 ak\u0131l \u00e7eler. K\u00f6t\u00fcl\u00fck kar\u015f\u0131m\u0131za hep zaaflar\u0131m\u0131zla \u00e7\u0131kar. Bizi yoldan \u00e7\u0131karan hep eri\u015femedi\u011fimiz arzular\u0131m\u0131zd\u0131r. Beni<span class=\"excerpt-hellip\"> [\u2026]<\/span><\/p>\n","protected":false},"featured_media":0,"template":"","meta":{"_monsterinsights_skip_tracking":false,"_monsterinsights_sitenote_active":false,"_monsterinsights_sitenote_note":"","_monsterinsights_sitenote_category":0},"product_brand":[],"product_cat":[12291,18202],"product_tag":[],"class_list":{"0":"post-780902","1":"product","2":"type-product","3":"status-publish","5":"product_cat-edebiyat","6":"product_cat-hikaye","7":"pa_cilt-ciltsiz","8":"pa_tur-kitap","9":"pa_yayinevi-karizma-yayinlari","10":"pa_yazar-gokhan-tok","12":"first","13":"instock","14":"sale","15":"shipping-taxable","16":"purchasable","17":"product-type-simple"},"_links":{"self":[{"href":"https:\/\/roveyayinevi.com.tr\/index.php\/wp-json\/wp\/v2\/product\/780902","targetHints":{"allow":["GET"]}}],"collection":[{"href":"https:\/\/roveyayinevi.com.tr\/index.php\/wp-json\/wp\/v2\/product"}],"about":[{"href":"https:\/\/roveyayinevi.com.tr\/index.php\/wp-json\/wp\/v2\/types\/product"}],"wp:attachment":[{"href":"https:\/\/roveyayinevi.com.tr\/index.php\/wp-json\/wp\/v2\/media?parent=780902"}],"wp:term":[{"taxonomy":"product_brand","embeddable":true,"href":"https:\/\/roveyayinevi.com.tr\/index.php\/wp-json\/wp\/v2\/product_brand?post=780902"},{"taxonomy":"product_cat","embeddable":true,"href":"https:\/\/roveyayinevi.com.tr\/index.php\/wp-json\/wp\/v2\/product_cat?post=780902"},{"taxonomy":"product_tag","embeddable":true,"href":"https:\/\/roveyayinevi.com.tr\/index.php\/wp-json\/wp\/v2\/product_tag?post=780902"}],"curies":[{"name":"wp","href":"https:\/\/api.w.org\/{rel}","templated":true}]}}