{"id":780901,"date":"2026-01-20T04:27:52","date_gmt":"2026-01-20T01:27:52","guid":{"rendered":"https:\/\/roveyayinevi.com.tr\/index.php\/urun\/bunu-yazan-iki-kisi\/"},"modified":"2026-04-15T03:45:25","modified_gmt":"2026-04-15T00:45:25","slug":"bunu-yazan-iki-kisi","status":"publish","type":"product","link":"https:\/\/roveyayinevi.com.tr\/index.php\/urun\/bunu-yazan-iki-kisi\/","title":{"rendered":"Bunu Yazan \u0130ki Ki\u015fi"},"content":{"rendered":"<p>en b\u00fcy\u00fc\u011f\u00fcm\u00fcz filozoftu, her \u015feyi bilirdi de, bilmezdi tanr\u0131\u2019y\u0131. ona inan\u0131r, ona g\u00fcvenirdik biz de. \u00e7ok kere test ettim d\u00fc\u015f\u00fcnd\u00fcklerini; tersinden sorarak! mutlu de\u011fildim ve ona inanmaya, ona s\u0131\u011f\u0131nmaya karar verdim. en k\u00fc\u00e7\u00fc\u011f\u00fcm\u00fcz rahatt\u0131, beni filozof san\u0131yor, can\u0131 kime inanmak isterse ona inan\u0131p, yan\u0131tlar sorular\u0131n\u0131 kar\u015f\u0131lamad\u0131\u011f\u0131nda, b\u00fcy\u00fck karde\u015fe s\u0131\u011f\u0131n\u0131yordu. sorular\u0131m\u0131 k\u00fc\u00e7\u00fck karde\u015fe sormaya, yan\u0131tlar\u0131 b\u00fcy\u00fck karde\u015fe s\u00f6ylemeye ba\u015flad\u0131m. b\u00fcy\u00fck karde\u015f d\u00fc\u015f\u00fcnmek, k\u00fc\u00e7\u00fck karde\u015fle konu\u015fmak zorunda kald\u0131. al\u0131p sat\u0131yor, b\u00fcy\u00fct\u00fcyordum ben de i\u015fimi<\/p>\n","protected":false},"excerpt":{"rendered":"<p>en b\u00fcy\u00fc\u011f\u00fcm\u00fcz filozoftu, her \u015feyi bilirdi de, bilmezdi tanr\u0131\u2019y\u0131. ona inan\u0131r, ona g\u00fcvenirdik biz de. \u00e7ok kere test ettim d\u00fc\u015f\u00fcnd\u00fcklerini; tersinden sorarak! mutlu de\u011fildim ve ona<span class=\"excerpt-hellip\"> [\u2026]<\/span><\/p>\n","protected":false},"featured_media":0,"template":"","meta":{"_monsterinsights_skip_tracking":false,"_monsterinsights_sitenote_active":false,"_monsterinsights_sitenote_note":"","_monsterinsights_sitenote_category":0},"product_brand":[],"product_cat":[12291,18202],"product_tag":[],"class_list":{"0":"post-780901","1":"product","2":"type-product","3":"status-publish","5":"product_cat-edebiyat","6":"product_cat-hikaye","7":"pa_cilt-ciltsiz","8":"pa_tur-kitap","9":"pa_yayinevi-karizma-yayinlari","10":"pa_yazar-ali-hikmet-eren","12":"first","13":"instock","14":"sale","15":"shipping-taxable","16":"purchasable","17":"product-type-simple"},"_links":{"self":[{"href":"https:\/\/roveyayinevi.com.tr\/index.php\/wp-json\/wp\/v2\/product\/780901","targetHints":{"allow":["GET"]}}],"collection":[{"href":"https:\/\/roveyayinevi.com.tr\/index.php\/wp-json\/wp\/v2\/product"}],"about":[{"href":"https:\/\/roveyayinevi.com.tr\/index.php\/wp-json\/wp\/v2\/types\/product"}],"wp:attachment":[{"href":"https:\/\/roveyayinevi.com.tr\/index.php\/wp-json\/wp\/v2\/media?parent=780901"}],"wp:term":[{"taxonomy":"product_brand","embeddable":true,"href":"https:\/\/roveyayinevi.com.tr\/index.php\/wp-json\/wp\/v2\/product_brand?post=780901"},{"taxonomy":"product_cat","embeddable":true,"href":"https:\/\/roveyayinevi.com.tr\/index.php\/wp-json\/wp\/v2\/product_cat?post=780901"},{"taxonomy":"product_tag","embeddable":true,"href":"https:\/\/roveyayinevi.com.tr\/index.php\/wp-json\/wp\/v2\/product_tag?post=780901"}],"curies":[{"name":"wp","href":"https:\/\/api.w.org\/{rel}","templated":true}]}}