{"id":780899,"date":"2026-01-20T04:27:47","date_gmt":"2026-01-20T01:27:47","guid":{"rendered":"https:\/\/roveyayinevi.com.tr\/index.php\/urun\/yeni-dunyali-olmak\/"},"modified":"2026-04-15T03:45:25","modified_gmt":"2026-04-15T00:45:25","slug":"yeni-dunyali-olmak","status":"publish","type":"product","link":"https:\/\/roveyayinevi.com.tr\/index.php\/urun\/yeni-dunyali-olmak\/","title":{"rendered":"Yeni D\u00fcnyal\u0131 Olmak"},"content":{"rendered":"<p>\u201cYeni d\u00fcnyan\u0131n seni nas\u0131l \u015fekillendirdi\u011fini fark etti\u011finde, gelece\u011fini kendin yazabilirsin.\u201d   \u015eu an buray\u0131 okudu\u011funa g\u00f6re \u201cYapay zek\u00e2 \u00e7a\u011f\u0131na eski ben yeter mi?\u201d sorusunda akl\u0131na yatmayan, seni merakland\u0131ran bir \u015fey var. Peki \u015fu sorular da sana tan\u0131d\u0131k geliyor mu?   Yapay zek\u00e2 i\u015fimi elimden alacak m\u0131? \u0130htiyac\u0131m olmayan \u015feyleri neden sat\u0131n al\u0131yorum? Ben \u015fimdi neye inanmal\u0131y\u0131m? Gelecek neye benzeyecek? T\u00fcm bu h\u0131z\u0131n i\u00e7inde, ben bu treni nas\u0131l yakalayaca\u011f\u0131m?   Elinde tuttu\u011fun kitab\u0131n sayfalar\u0131nda sosyal medya algoritmalar\u0131n\u0131n arka plan\u0131n\u0131 ve dikkat ekonomisi, dopamin d\u00f6ng\u00fcs\u00fc, b\u00fck\u00fclen ger\u00e7eklik gibi daha pek \u00e7ok yeni d\u00fcnya kavram\u0131n\u0131n \u00fcst\u00fcm\u00fczdeki etkilerini ve bunlarla ba\u015fa \u00e7\u0131kma \u00f6nerilerini okuyacaks\u0131n.   Yapay zek\u00e2n\u0131n ne oldu\u011funu, nas\u0131l kullanabilece\u011fini, sundu\u011fu f\u0131rsatlar\u0131 ve riskleri; yeni teknolojileri ve bu teknolojilerin mimarlar\u0131n\u0131n gelecek planlar\u0131n\u0131 da&#8230;   Sana sihirli form\u00fcller sunamam. Ancak bu kaotik \u00e7a\u011fda fark\u0131ndal\u0131\u011f\u0131n\u0131 art\u0131rman ve kontrol\u00fc yeniden eline alman i\u00e7in ihtiya\u00e7 duydu\u011fun bak\u0131\u015f a\u00e7\u0131s\u0131n\u0131 olu\u015fturmana destek olabilirim. Bu kitab\u0131 gelece\u011fe haz\u0131rlanmak i\u00e7in kendini g\u00fcncelleme rehberi olarak d\u00fc\u015f\u00fcnebilirsin.   2030\u2019da ya\u015fam, kariyer, vatanda\u015fl\u0131k hatta ebeveynlik bile bug\u00fcnk\u00fcnden farkl\u0131 olacak. Peki sen nerede olacaks\u0131n?   Haz\u0131rsan yeni d\u00fcnyal\u0131, ba\u015flayal\u0131m m\u0131?<\/p>\n","protected":false},"excerpt":{"rendered":"<p>\u201cYeni d\u00fcnyan\u0131n seni nas\u0131l \u015fekillendirdi\u011fini fark etti\u011finde, gelece\u011fini kendin yazabilirsin.\u201d \u015eu an buray\u0131 okudu\u011funa g\u00f6re \u201cYapay zek\u00e2 \u00e7a\u011f\u0131na eski ben yeter mi?\u201d sorusunda akl\u0131na yatmayan, seni<span class=\"excerpt-hellip\"> [\u2026]<\/span><\/p>\n","protected":false},"featured_media":0,"template":"","meta":{"_monsterinsights_skip_tracking":false,"_monsterinsights_sitenote_active":false,"_monsterinsights_sitenote_note":"","_monsterinsights_sitenote_category":0},"product_brand":[],"product_cat":[13005],"product_tag":[],"class_list":{"0":"post-780899","1":"product","2":"type-product","3":"status-publish","5":"product_cat-bilim-muhendislik","6":"pa_cilt-ciltsiz","7":"pa_tur-kitap","8":"pa_yayinevi-destek-yayinlari","9":"pa_yazar-hande-aydin","11":"first","12":"instock","13":"sale","14":"shipping-taxable","15":"purchasable","16":"product-type-simple"},"_links":{"self":[{"href":"https:\/\/roveyayinevi.com.tr\/index.php\/wp-json\/wp\/v2\/product\/780899","targetHints":{"allow":["GET"]}}],"collection":[{"href":"https:\/\/roveyayinevi.com.tr\/index.php\/wp-json\/wp\/v2\/product"}],"about":[{"href":"https:\/\/roveyayinevi.com.tr\/index.php\/wp-json\/wp\/v2\/types\/product"}],"wp:attachment":[{"href":"https:\/\/roveyayinevi.com.tr\/index.php\/wp-json\/wp\/v2\/media?parent=780899"}],"wp:term":[{"taxonomy":"product_brand","embeddable":true,"href":"https:\/\/roveyayinevi.com.tr\/index.php\/wp-json\/wp\/v2\/product_brand?post=780899"},{"taxonomy":"product_cat","embeddable":true,"href":"https:\/\/roveyayinevi.com.tr\/index.php\/wp-json\/wp\/v2\/product_cat?post=780899"},{"taxonomy":"product_tag","embeddable":true,"href":"https:\/\/roveyayinevi.com.tr\/index.php\/wp-json\/wp\/v2\/product_tag?post=780899"}],"curies":[{"name":"wp","href":"https:\/\/api.w.org\/{rel}","templated":true}]}}