{"id":780898,"date":"2026-01-20T04:27:43","date_gmt":"2026-01-20T01:27:43","guid":{"rendered":"https:\/\/roveyayinevi.com.tr\/index.php\/urun\/kimi-konusur-kimi-susar\/"},"modified":"2026-04-15T03:45:25","modified_gmt":"2026-04-15T00:45:25","slug":"kimi-konusur-kimi-susar","status":"publish","type":"product","link":"https:\/\/roveyayinevi.com.tr\/index.php\/urun\/kimi-konusur-kimi-susar\/","title":{"rendered":"Kimi Konu\u015fur Kimi Susar"},"content":{"rendered":"<p>En suskun olanlar en b\u00fcy\u00fck s\u0131rlar\u0131 m\u0131 saklar?   \u0130talya\u2019n\u0131n k\u00fc\u00e7\u00fck sahil kasabas\u0131 Scauri\u2019de, Vittoria\u2019n\u0131n ani ve \u015f\u00fcpheli \u00f6l\u00fcm\u00fc \u201ctalihsiz bir kaza\u201d olarak kabul edilir. Herkes susar\u2026 Ama Lea konu\u015fur\u2026 Bu \u00f6l\u00fcm, Lea\u2019n\u0131n zihninde \u015fa\u015f\u0131rt\u0131c\u0131 bir bilmeceye, ruhunun derinlerinden y\u00fckselen kar\u015f\u0131 konulmaz bir \u00e7a\u011fr\u0131ya d\u00f6n\u00fc\u015f\u00fcr ve onu ilerlemesi zor, geri d\u00f6n\u00fclmesi imk\u00e2ns\u0131z bir aray\u0131\u015fa s\u00fcr\u00fckler. Vittoria\u2019n\u0131n \u00f6l\u00fcm\u00fcn\u00fcn ard\u0131ndaki ger\u00e7e\u011fi ararken, onun asl\u0131nda kim oldu\u011funa dair bir sorgulama i\u00e7inde bulur kendini. Her yeni ipucuyla Lea\u2019n\u0131n bildi\u011fini sand\u0131\u011f\u0131 her \u015fey yeniden \u015fekillenir, ger\u00e7ekler a\u00e7\u0131\u011fa \u00e7\u0131kar ve onu kendiyle y\u00fczle\u015fmek zorunda b\u0131rak\u0131r. Chiara Valerio, merak uyand\u0131ran bir olay \u00f6rg\u00fcs\u00fc ve gizemli karakterler e\u015fli\u011finde, cinsel kimli\u011fin karma\u015f\u0131kl\u0131\u011f\u0131n\u0131, toplumsal cinsiyetin kat\u0131 kurallar\u0131n\u0131, g\u00fc\u00e7 ili\u015fkilerinin sars\u0131c\u0131l\u0131\u011f\u0131n\u0131, \u00f6nyarg\u0131lar\u0131n ac\u0131mas\u0131zl\u0131\u011f\u0131n\u0131, arzunun b\u00fcy\u00fcleyici cazibesini ve \u00f6zg\u00fcrl\u00fc\u011f\u00fcn s\u0131n\u0131rlar\u0131n\u0131 keskin ama incelikli bir dille anlat\u0131yor.<\/p>\n","protected":false},"excerpt":{"rendered":"<p>En suskun olanlar en b\u00fcy\u00fck s\u0131rlar\u0131 m\u0131 saklar? \u0130talya\u2019n\u0131n k\u00fc\u00e7\u00fck sahil kasabas\u0131 Scauri\u2019de, Vittoria\u2019n\u0131n ani ve \u015f\u00fcpheli \u00f6l\u00fcm\u00fc \u201ctalihsiz bir kaza\u201d olarak kabul edilir. Herkes susar\u2026<span class=\"excerpt-hellip\"> [\u2026]<\/span><\/p>\n","protected":false},"featured_media":0,"template":"","meta":{"_monsterinsights_skip_tracking":false,"_monsterinsights_sitenote_active":false,"_monsterinsights_sitenote_note":"","_monsterinsights_sitenote_category":0},"product_brand":[],"product_cat":[12291,12711],"product_tag":[],"class_list":{"0":"post-780898","1":"product","2":"type-product","3":"status-publish","5":"product_cat-edebiyat","6":"product_cat-roman-oyku","7":"pa_cilt-ciltsiz","8":"pa_tur-kitap","9":"pa_yayinevi-eriken-yayinlari","10":"pa_yazar-chiara-valerio","12":"first","13":"instock","14":"sale","15":"shipping-taxable","16":"purchasable","17":"product-type-simple"},"_links":{"self":[{"href":"https:\/\/roveyayinevi.com.tr\/index.php\/wp-json\/wp\/v2\/product\/780898","targetHints":{"allow":["GET"]}}],"collection":[{"href":"https:\/\/roveyayinevi.com.tr\/index.php\/wp-json\/wp\/v2\/product"}],"about":[{"href":"https:\/\/roveyayinevi.com.tr\/index.php\/wp-json\/wp\/v2\/types\/product"}],"wp:attachment":[{"href":"https:\/\/roveyayinevi.com.tr\/index.php\/wp-json\/wp\/v2\/media?parent=780898"}],"wp:term":[{"taxonomy":"product_brand","embeddable":true,"href":"https:\/\/roveyayinevi.com.tr\/index.php\/wp-json\/wp\/v2\/product_brand?post=780898"},{"taxonomy":"product_cat","embeddable":true,"href":"https:\/\/roveyayinevi.com.tr\/index.php\/wp-json\/wp\/v2\/product_cat?post=780898"},{"taxonomy":"product_tag","embeddable":true,"href":"https:\/\/roveyayinevi.com.tr\/index.php\/wp-json\/wp\/v2\/product_tag?post=780898"}],"curies":[{"name":"wp","href":"https:\/\/api.w.org\/{rel}","templated":true}]}}