{"id":780897,"date":"2026-01-20T04:27:39","date_gmt":"2026-01-20T01:27:39","guid":{"rendered":"https:\/\/roveyayinevi.com.tr\/index.php\/urun\/guzel-metinler\/"},"modified":"2026-03-12T03:42:38","modified_gmt":"2026-03-12T00:42:38","slug":"guzel-metinler","status":"publish","type":"product","link":"https:\/\/roveyayinevi.com.tr\/index.php\/urun\/guzel-metinler\/","title":{"rendered":"G\u00fczel Metinler"},"content":{"rendered":"<p>Okuma ser\u00fcvenimden dima\u011f\u0131mda kalan metinleri, sat\u0131rlar\u0131: bazen bir m\u0131sra birka\u00e7 sat\u0131r bazen koca bir \u00f6mr\u00fc anlatan biyo\u011frafiler. \u201c\u0130yi ki okumu\u015fum ba\u015fkalar\u0131 da okusun ve yeniden okuyay\u0131m\u201d diye akl\u0131mda tuttu\u011fum silinmeyen metinler bunlar. Kimi zaman bir edebi tad kimi zaman ilmi bir iz b\u0131rakacak bu metinler haf\u0131zam\u0131zda. Hem \u00f6\u011fretici hem feyizlendirici edebi metinler.. Harflerden sat\u0131rlara. Sat\u0131rlar\u0131 dizenlere. Nun\u2019un titre\u015fimlerinden kam\u0131\u015f kalemin k\u0131vrakl\u0131\u011f\u0131na \u015fahit olacaks\u0131n\u0131z. Harfleri, harflerden m\u00fcte\u015fekkil s\u00f6zleri, s\u00f6zlerin tesirlerini hissedeceksiniz. \u015eiirde, mektupta, bir g\u00f6zlemde ve tasvirde ac\u0131y\u0131, a\u015fk\u0131, \u00f6\u011f\u00fcd\u00fc, ikaz\u0131, h\u00fczn\u00fc, \u00fclfeti, muhabbeti,firak\u0131 ve vuslat\u0131 ya\u015fayacaks\u0131n\u0131z bazen kalem sahibi bazen de yazd\u0131klar\u0131nda. Dergah\u0131ndan m\u00fcridine, sevdi\u011fine yaz\u0131lan mektuplar. okuyacaks\u0131n\u0131z Bazen nefsi a\u015fk\u0131 bazen ilahi a\u015fk\u0131 hissedeceksiniz. Yusuf\u2019un kayg\u0131s\u0131n\u0131, Musa\u2019n\u0131n iffetini, Muhammed\u2019in muhabbetini g\u00f6receksiniz. G\u00f6receksiniz ve adeta g\u00f6zleriniz bu\u011fulanacak, kalbiniz atacak, akl\u0131n\u0131z idrakiniz hafsalan\u0131z hayrete ge\u00e7ecek belki de in\u015firah\u0131 sadr olma yolunda olacaks\u0131n\u0131z.<\/p>\n","protected":false},"excerpt":{"rendered":"<p>Okuma ser\u00fcvenimden dima\u011f\u0131mda kalan metinleri, sat\u0131rlar\u0131: bazen bir m\u0131sra birka\u00e7 sat\u0131r bazen koca bir \u00f6mr\u00fc anlatan biyo\u011frafiler. \u201c\u0130yi ki okumu\u015fum ba\u015fkalar\u0131 da okusun ve yeniden okuyay\u0131m\u201d<span class=\"excerpt-hellip\"> [\u2026]<\/span><\/p>\n","protected":false},"featured_media":0,"template":"","meta":{"_monsterinsights_skip_tracking":false,"_monsterinsights_sitenote_active":false,"_monsterinsights_sitenote_note":"","_monsterinsights_sitenote_category":0},"product_brand":[],"product_cat":[13072,12291],"product_tag":[],"class_list":{"0":"post-780897","1":"product","2":"type-product","3":"status-publish","5":"product_cat-arastirma-inceleme-referans","6":"product_cat-edebiyat","7":"pa_cilt-ciltsiz","8":"pa_tur-kitap","9":"pa_yayinevi-kirmizi-cati-yayinlari","10":"pa_yazar-ismail-muezinoglu","12":"first","13":"instock","14":"sale","15":"shipping-taxable","16":"purchasable","17":"product-type-simple"},"_links":{"self":[{"href":"https:\/\/roveyayinevi.com.tr\/index.php\/wp-json\/wp\/v2\/product\/780897","targetHints":{"allow":["GET"]}}],"collection":[{"href":"https:\/\/roveyayinevi.com.tr\/index.php\/wp-json\/wp\/v2\/product"}],"about":[{"href":"https:\/\/roveyayinevi.com.tr\/index.php\/wp-json\/wp\/v2\/types\/product"}],"wp:attachment":[{"href":"https:\/\/roveyayinevi.com.tr\/index.php\/wp-json\/wp\/v2\/media?parent=780897"}],"wp:term":[{"taxonomy":"product_brand","embeddable":true,"href":"https:\/\/roveyayinevi.com.tr\/index.php\/wp-json\/wp\/v2\/product_brand?post=780897"},{"taxonomy":"product_cat","embeddable":true,"href":"https:\/\/roveyayinevi.com.tr\/index.php\/wp-json\/wp\/v2\/product_cat?post=780897"},{"taxonomy":"product_tag","embeddable":true,"href":"https:\/\/roveyayinevi.com.tr\/index.php\/wp-json\/wp\/v2\/product_tag?post=780897"}],"curies":[{"name":"wp","href":"https:\/\/api.w.org\/{rel}","templated":true}]}}