{"id":780894,"date":"2026-01-20T04:27:30","date_gmt":"2026-01-20T01:27:30","guid":{"rendered":"https:\/\/roveyayinevi.com.tr\/index.php\/urun\/silifke-muzesi-taki-katologu-kilikia-arkeolojisi-serisi-6\/"},"modified":"2026-04-15T03:45:25","modified_gmt":"2026-04-15T00:45:25","slug":"silifke-muzesi-taki-katologu-kilikia-arkeolojisi-serisi-6","status":"publish","type":"product","link":"https:\/\/roveyayinevi.com.tr\/index.php\/urun\/silifke-muzesi-taki-katologu-kilikia-arkeolojisi-serisi-6\/","title":{"rendered":"Silifke M\u00fczesi Tak\u0131 Katolo\u011fu &#8211; Kilikia Arkeolojisi Serisi 6"},"content":{"rendered":"<p>Silifke M\u00fczesi Tak\u0131 Katalo\u011fu Ba\u015fl\u0131kl\u0131 bu \u00e7al\u0131\u015fmayla Kilikia B\u00f6lgesi&#8217;nin \u00f6nemli kentlerinin eserlerini b\u00fcnyesinde bar\u0131nd\u0131ran il\u00e7e m\u00fczesindeki eserler do\u011frultusunda Tun\u00e7 \u00c7a\u011f&#8217;da Bizans D\u00f6nemi sonuna kadar Anadolu k\u00fclt\u00fcrlerindeki kuyumculuk hakk\u0131nda tipoloji, malzeme-teknik, fonksiyon ve \u0130konografi alt ba\u015fl\u0131klar\u0131 \u00e7er\u00e7evesinde okuyucuyu bilgi vermek ama\u00e7lanm\u0131\u015ft\u0131r. Bu \u00e7al\u0131\u015fmada, Silifke M\u00fczesi koleksiyonuna a\u011f\u0131rl\u0131kl\u0131 olarak sat\u0131n alma veya zor al\u0131m yoluyla kazand\u0131r\u0131lm\u0131\u015f 141 tak\u0131 \u00f6rne\u011fi, teknik \u00f6zellikleri, \u00fcslup ve \u0130konografi a\u00e7\u0131dan kapsaml\u0131 bir bi\u00e7imde incelenmi\u015ftir. Belgeleme s\u00fcrecinde daha fazla say\u0131da esere ula\u015f\u0131lm\u0131\u015f olmakla birlikte, form tekrar\u0131 nedeniyle baz\u0131 \u00f6rnekler \u00e7al\u0131\u015fma d\u0131\u015f\u0131nda b\u0131rak\u0131lacak katalog kapsam\u0131na al\u0131nmam\u0131\u015ft\u0131r. Diadem, k\u00fcpe, kolye, y\u00fcz\u00fck, bilezik gibi tak\u0131 gruplar\u0131na ek olarak, sa\u00e7 ya da giyside kullan\u0131lan i\u011fne ile tek bir \u00f6rnekle bilinen bro\u015f \u00e7al\u0131\u015fmada de\u011ferlendirilen tak\u0131 formlar\u0131d\u0131r. Gemme ve kameolardan olu\u015fan y\u00fcz\u00fck ta\u015flar\u0131 ve boncuklar orijinal tak\u0131 formunu kaybetti\u011finden ba\u011f\u0131ms\u0131z de\u011ferlendirilmi\u015flerdir.<\/p>\n","protected":false},"excerpt":{"rendered":"<p>Silifke M\u00fczesi Tak\u0131 Katalo\u011fu Ba\u015fl\u0131kl\u0131 bu \u00e7al\u0131\u015fmayla Kilikia B\u00f6lgesi&#8217;nin \u00f6nemli kentlerinin eserlerini b\u00fcnyesinde bar\u0131nd\u0131ran il\u00e7e m\u00fczesindeki eserler do\u011frultusunda Tun\u00e7 \u00c7a\u011f&#8217;da Bizans D\u00f6nemi sonuna kadar Anadolu k\u00fclt\u00fcrlerindeki<span class=\"excerpt-hellip\"> [\u2026]<\/span><\/p>\n","protected":false},"featured_media":0,"template":"","meta":{"_monsterinsights_skip_tracking":false,"_monsterinsights_sitenote_active":false,"_monsterinsights_sitenote_note":"","_monsterinsights_sitenote_category":0},"product_brand":[],"product_cat":[52477,52478],"product_tag":[],"class_list":{"0":"post-780894","1":"product","2":"type-product","3":"status-publish","5":"product_cat-arastirma","6":"product_cat-arkeoloji","7":"pa_cilt-ciltsiz","8":"pa_tur-kitap","9":"pa_yayinevi-bilgin-kultur-sanat","10":"pa_yazar-cilem-uygun","12":"first","13":"instock","14":"sale","15":"shipping-taxable","16":"purchasable","17":"product-type-simple"},"_links":{"self":[{"href":"https:\/\/roveyayinevi.com.tr\/index.php\/wp-json\/wp\/v2\/product\/780894","targetHints":{"allow":["GET"]}}],"collection":[{"href":"https:\/\/roveyayinevi.com.tr\/index.php\/wp-json\/wp\/v2\/product"}],"about":[{"href":"https:\/\/roveyayinevi.com.tr\/index.php\/wp-json\/wp\/v2\/types\/product"}],"wp:attachment":[{"href":"https:\/\/roveyayinevi.com.tr\/index.php\/wp-json\/wp\/v2\/media?parent=780894"}],"wp:term":[{"taxonomy":"product_brand","embeddable":true,"href":"https:\/\/roveyayinevi.com.tr\/index.php\/wp-json\/wp\/v2\/product_brand?post=780894"},{"taxonomy":"product_cat","embeddable":true,"href":"https:\/\/roveyayinevi.com.tr\/index.php\/wp-json\/wp\/v2\/product_cat?post=780894"},{"taxonomy":"product_tag","embeddable":true,"href":"https:\/\/roveyayinevi.com.tr\/index.php\/wp-json\/wp\/v2\/product_tag?post=780894"}],"curies":[{"name":"wp","href":"https:\/\/api.w.org\/{rel}","templated":true}]}}