{"id":780893,"date":"2026-01-20T04:27:26","date_gmt":"2026-01-20T01:27:26","guid":{"rendered":"https:\/\/roveyayinevi.com.tr\/index.php\/urun\/cocuk-oykulerindeki-gizli-sirlar-ogretisi\/"},"modified":"2026-04-15T03:45:25","modified_gmt":"2026-04-15T00:45:25","slug":"cocuk-oykulerindeki-gizli-sirlar-ogretisi","status":"publish","type":"product","link":"https:\/\/roveyayinevi.com.tr\/index.php\/urun\/cocuk-oykulerindeki-gizli-sirlar-ogretisi\/","title":{"rendered":"\u00c7ocuk \u00d6yk\u00fclerindeki Gizli Sirlar \u00d6\u011fretisi"},"content":{"rendered":"<p>Yeni ve s\u0131ra d\u0131\u015f\u0131 bir kitapla daha, siz de\u011ferli okuyucular\u0131m\u0131z\u0131 bulu\u015fturman\u0131n heyecan\u0131 i\u00e7indeyiz.   Bu yolculu\u011fa \u00e7\u0131kmadan \u00f6nce, \u201c\u00c7ocuk Edebiyat\u0131\u201dn\u0131n \u00f6nde gelen isimlerinden Nuran Turan\u2019\u0131n de\u011ferli kaleminden \u00e7\u0131kan \u00e7ocuk \u00f6yk\u00fcleri, done olarak elimizde bulunmaktayd\u0131. Biz de yay\u0131nevi olarak bu \u00f6yk\u00fcleri  \u201cEzoterizm\u2019in I\u015f\u0131\u011f\u0131\u201dnda Ergun Candan\u2019\u0131n kaleminden b\u00fcy\u00fcklere anlatmaya karar verdik. \u0130\u015fte o zaman bu yolculuk, \u00e7ok daha keyifli bir h\u00e2le geldi ve T\u00fcrkiye\u2019de yeni bir ilke daha imza att\u0131k.   \u201c\u00c7ocuk Edebiyat\u0131\u201dn\u0131n ve \u201cEzoterizm\u201din iki de\u011ferli kalemini bulu\u015fturarak, nesiller boyu devam edecek yolculu\u011fun, temel ta\u015flar\u0131n\u0131 tek tek dizmeye ba\u015flad\u0131k.   Evrensel bir dile sahip bulunan ve Ezoterizm\u2019in temeli olan sembolik \u00f6\u011fretim sisteminden; b\u00fct\u00fcn dinler, mitolojiler, baz\u0131 felsefeler yararland\u0131\u011f\u0131 gibi bir\u00e7ok \u00e7ocuk \u00f6yk\u00fcleri hatta masallar da \u00fcst\u00fc \u00f6rt\u00fcl\u00fc bir \u015fekilde bu bilgilere yer vermi\u015ftir. Bu ortak dille anlatmaya \u00e7al\u0131\u015ft\u0131klar\u0131n\u0131, gelecek ku\u015faklara aktarm\u0131\u015flard\u0131r.   Bu kitab\u0131m\u0131zda \u201c\u00c7ocuk \u00d6yk\u00fcleri\u201dnde kullan\u0131lan sembollerin anlamlar\u0131, Ergun Candan taraf\u0131ndan b\u00fcy\u00fcklerle payla\u015f\u0131lm\u0131\u015f ve b\u00fcy\u00fcklere \u00f6yk\u00fcler h\u00e2line getirilmi\u015ftir.   Bug\u00fcn bu \u00f6yk\u00fcleri okuyan \u00e7ocuklar da bir g\u00fcn yeti\u015fkin olduklar\u0131nda, bu kitab\u0131 tekrar ele alacaklar ve k\u00fc\u00e7\u00fckken okuduklar\u0131 \u00f6yk\u00fclerin i\u00e7inde ne kadar b\u00fcy\u00fck bir hazinenin gizlenmi\u015f oldu\u011funu g\u00f6receklerdir.   B\u00fcy\u00fcklere ise hemen okumaya ba\u015flayabilir.   \u0130lgiyle okuyaca\u011f\u0131n\u0131z\u0131 d\u00fc\u015f\u00fcn\u00fcyoruz\u2026<\/p>\n","protected":false},"excerpt":{"rendered":"<p>Yeni ve s\u0131ra d\u0131\u015f\u0131 bir kitapla daha, siz de\u011ferli okuyucular\u0131m\u0131z\u0131 bulu\u015fturman\u0131n heyecan\u0131 i\u00e7indeyiz. Bu yolculu\u011fa \u00e7\u0131kmadan \u00f6nce, \u201c\u00c7ocuk Edebiyat\u0131\u201dn\u0131n \u00f6nde gelen isimlerinden Nuran Turan\u2019\u0131n de\u011ferli kaleminden<span class=\"excerpt-hellip\"> [\u2026]<\/span><\/p>\n","protected":false},"featured_media":0,"template":"","meta":{"_monsterinsights_skip_tracking":false,"_monsterinsights_sitenote_active":false,"_monsterinsights_sitenote_note":"","_monsterinsights_sitenote_category":0},"product_brand":[],"product_cat":[12274,12284],"product_tag":[],"class_list":{"0":"post-780893","1":"product","2":"type-product","3":"status-publish","5":"product_cat-cocuk-ve-genclik-kitaplari","6":"product_cat-hikayeler","7":"pa_cilt-ciltsiz","8":"pa_tur-kitap","9":"pa_yayinevi-sinir-otesi-yayinlari","10":"pa_yazar-nuran-turan-ergun-candan","12":"first","13":"instock","14":"sale","15":"shipping-taxable","16":"purchasable","17":"product-type-simple"},"_links":{"self":[{"href":"https:\/\/roveyayinevi.com.tr\/index.php\/wp-json\/wp\/v2\/product\/780893","targetHints":{"allow":["GET"]}}],"collection":[{"href":"https:\/\/roveyayinevi.com.tr\/index.php\/wp-json\/wp\/v2\/product"}],"about":[{"href":"https:\/\/roveyayinevi.com.tr\/index.php\/wp-json\/wp\/v2\/types\/product"}],"wp:attachment":[{"href":"https:\/\/roveyayinevi.com.tr\/index.php\/wp-json\/wp\/v2\/media?parent=780893"}],"wp:term":[{"taxonomy":"product_brand","embeddable":true,"href":"https:\/\/roveyayinevi.com.tr\/index.php\/wp-json\/wp\/v2\/product_brand?post=780893"},{"taxonomy":"product_cat","embeddable":true,"href":"https:\/\/roveyayinevi.com.tr\/index.php\/wp-json\/wp\/v2\/product_cat?post=780893"},{"taxonomy":"product_tag","embeddable":true,"href":"https:\/\/roveyayinevi.com.tr\/index.php\/wp-json\/wp\/v2\/product_tag?post=780893"}],"curies":[{"name":"wp","href":"https:\/\/api.w.org\/{rel}","templated":true}]}}