{"id":780892,"date":"2026-01-20T04:27:22","date_gmt":"2026-01-20T01:27:22","guid":{"rendered":"https:\/\/roveyayinevi.com.tr\/index.php\/urun\/girl-crush-cilt-1\/"},"modified":"2026-04-15T03:45:25","modified_gmt":"2026-04-15T00:45:25","slug":"girl-crush-cilt-1","status":"publish","type":"product","link":"https:\/\/roveyayinevi.com.tr\/index.php\/urun\/girl-crush-cilt-1\/","title":{"rendered":"Girl Crush Cilt 1"},"content":{"rendered":"<p>K-POP idol\u00fc olma hayaliyle yola \u00e7\u0131kan gen\u00e7 k\u0131zlar\u0131n hik\u00e2yesi ba\u015fl\u0131yor. Ser\u00fcvenin ilk cildi! \u015eark\u0131 s\u00f6yleyip dans edebilen ve m\u00fckemmel bir fizi\u011fe sahip olan lise 1. s\u0131n\u0131f \u00f6\u011frencisi Tenka Momose, her \u015feyi ustal\u0131kla yapabiliyor ama i\u015f a\u015fka gelince hep t\u00f6kezliyor. Bir g\u00fcn K-Pop tutkunu Erian Satou ile kar\u015f\u0131la\u015f\u0131yor ve onun saf ve azimli duru\u015funa hayran kal\u0131yor.<\/p>\n","protected":false},"excerpt":{"rendered":"<p>K-POP idol\u00fc olma hayaliyle yola \u00e7\u0131kan gen\u00e7 k\u0131zlar\u0131n hik\u00e2yesi ba\u015fl\u0131yor. Ser\u00fcvenin ilk cildi! \u015eark\u0131 s\u00f6yleyip dans edebilen ve m\u00fckemmel bir fizi\u011fe sahip olan lise 1. s\u0131n\u0131f<span class=\"excerpt-hellip\"> [\u2026]<\/span><\/p>\n","protected":false},"featured_media":0,"template":"","meta":{"_monsterinsights_skip_tracking":false,"_monsterinsights_sitenote_active":false,"_monsterinsights_sitenote_note":"","_monsterinsights_sitenote_category":0},"product_brand":[],"product_cat":[12416,12291],"product_tag":[],"class_list":{"0":"post-780892","1":"product","2":"type-product","3":"status-publish","5":"product_cat-cizgi-roman","6":"product_cat-edebiyat","7":"pa_cilt-ciltsiz","8":"pa_tur-kitap","9":"pa_yayinevi-kayip-kita-yayinlari","10":"pa_yazar-midori-tayama","12":"first","13":"instock","14":"sale","15":"shipping-taxable","16":"purchasable","17":"product-type-simple"},"_links":{"self":[{"href":"https:\/\/roveyayinevi.com.tr\/index.php\/wp-json\/wp\/v2\/product\/780892","targetHints":{"allow":["GET"]}}],"collection":[{"href":"https:\/\/roveyayinevi.com.tr\/index.php\/wp-json\/wp\/v2\/product"}],"about":[{"href":"https:\/\/roveyayinevi.com.tr\/index.php\/wp-json\/wp\/v2\/types\/product"}],"wp:attachment":[{"href":"https:\/\/roveyayinevi.com.tr\/index.php\/wp-json\/wp\/v2\/media?parent=780892"}],"wp:term":[{"taxonomy":"product_brand","embeddable":true,"href":"https:\/\/roveyayinevi.com.tr\/index.php\/wp-json\/wp\/v2\/product_brand?post=780892"},{"taxonomy":"product_cat","embeddable":true,"href":"https:\/\/roveyayinevi.com.tr\/index.php\/wp-json\/wp\/v2\/product_cat?post=780892"},{"taxonomy":"product_tag","embeddable":true,"href":"https:\/\/roveyayinevi.com.tr\/index.php\/wp-json\/wp\/v2\/product_tag?post=780892"}],"curies":[{"name":"wp","href":"https:\/\/api.w.org\/{rel}","templated":true}]}}