{"id":780888,"date":"2026-01-20T04:27:04","date_gmt":"2026-01-20T01:27:04","guid":{"rendered":"https:\/\/roveyayinevi.com.tr\/index.php\/urun\/ilk-dokun-hisset-kitabim-okyanusa-dokun\/"},"modified":"2026-04-15T03:45:22","modified_gmt":"2026-04-15T00:45:22","slug":"ilk-dokun-hisset-kitabim-okyanusa-dokun","status":"publish","type":"product","link":"https:\/\/roveyayinevi.com.tr\/index.php\/urun\/ilk-dokun-hisset-kitabim-okyanusa-dokun\/","title":{"rendered":"\u0130lk Dokun Hisset Kitab\u0131m &#8211; Okyanusa Dokun"},"content":{"rendered":"<p>Okyanusu \u00e7ok seven bir deniz kaplumba\u011fas\u0131, uykucu bir palya\u00e7o bal\u0131\u011f\u0131, oyun oynamay\u0131 seven bir yunus ve di\u011fer okyanus dostlar\u0131m\u0131z bu kitapta hayat buluyor. Okyanusta reng\u00e2renk bir gezinti seni bekliyor. Bu kitap merak, ke\u015fif ve dokunsal deneyim i\u00e7eriyor. Minik parmaklar bu okyanusa tekrar tekrar dokunmak isteyecek. Derin bir maceraya dalmaya haz\u0131r m\u0131s\u0131n?<\/p>\n","protected":false},"excerpt":{"rendered":"<p>Okyanusu \u00e7ok seven bir deniz kaplumba\u011fas\u0131, uykucu bir palya\u00e7o bal\u0131\u011f\u0131, oyun oynamay\u0131 seven bir yunus ve di\u011fer okyanus dostlar\u0131m\u0131z bu kitapta hayat buluyor. Okyanusta reng\u00e2renk bir<span class=\"excerpt-hellip\"> [\u2026]<\/span><\/p>\n","protected":false},"featured_media":0,"template":"","meta":{"_monsterinsights_skip_tracking":false,"_monsterinsights_sitenote_active":false,"_monsterinsights_sitenote_note":"","_monsterinsights_sitenote_category":0},"product_brand":[],"product_cat":[12274,12518],"product_tag":[],"class_list":{"0":"post-780888","1":"product","2":"type-product","3":"status-publish","5":"product_cat-cocuk-ve-genclik-kitaplari","6":"product_cat-okul-oncesi-kitaplar","7":"pa_cilt-ciltli","8":"pa_tur-kitap","9":"pa_yayinevi-sincap-kitap","10":"pa_yazar-melek-dincer","12":"first","13":"instock","14":"sale","15":"shipping-taxable","16":"purchasable","17":"product-type-simple"},"_links":{"self":[{"href":"https:\/\/roveyayinevi.com.tr\/index.php\/wp-json\/wp\/v2\/product\/780888","targetHints":{"allow":["GET"]}}],"collection":[{"href":"https:\/\/roveyayinevi.com.tr\/index.php\/wp-json\/wp\/v2\/product"}],"about":[{"href":"https:\/\/roveyayinevi.com.tr\/index.php\/wp-json\/wp\/v2\/types\/product"}],"wp:attachment":[{"href":"https:\/\/roveyayinevi.com.tr\/index.php\/wp-json\/wp\/v2\/media?parent=780888"}],"wp:term":[{"taxonomy":"product_brand","embeddable":true,"href":"https:\/\/roveyayinevi.com.tr\/index.php\/wp-json\/wp\/v2\/product_brand?post=780888"},{"taxonomy":"product_cat","embeddable":true,"href":"https:\/\/roveyayinevi.com.tr\/index.php\/wp-json\/wp\/v2\/product_cat?post=780888"},{"taxonomy":"product_tag","embeddable":true,"href":"https:\/\/roveyayinevi.com.tr\/index.php\/wp-json\/wp\/v2\/product_tag?post=780888"}],"curies":[{"name":"wp","href":"https:\/\/api.w.org\/{rel}","templated":true}]}}