{"id":780887,"date":"2026-01-20T04:27:00","date_gmt":"2026-01-20T01:27:00","guid":{"rendered":"https:\/\/roveyayinevi.com.tr\/index.php\/urun\/azicik-aklim-karisti-kardesim-beni-seviyor-mu\/"},"modified":"2026-04-15T03:45:22","modified_gmt":"2026-04-15T00:45:22","slug":"azicik-aklim-karisti-kardesim-beni-seviyor-mu","status":"publish","type":"product","link":"https:\/\/roveyayinevi.com.tr\/index.php\/urun\/azicik-aklim-karisti-kardesim-beni-seviyor-mu\/","title":{"rendered":"Az\u0131c\u0131k Akl\u0131m Kar\u0131\u015ft\u0131-Karde\u015fim beni Seviyor mu?"},"content":{"rendered":"<p>Az\u0131c\u0131k Akl\u0131m Kar\u0131\u015ft\u0131-Karde\u015fim Beni seviyor mu? Karde\u015fimiz bir \u015feyini payla\u015fmay\u0131nca, \u00fczd\u00fc\u011f\u00fcn\u00fc fark etmeyince, umursamaz davran\u0131nca hangimizin az\u0131c\u0131k da olsa akl\u0131 kar\u0131\u015fmaz ki? \u2018\u2019Karde\u015fim beni seviyor mu?\u2019\u2019 diye d\u00fc\u015f\u00fcn\u00fcr\u00fcz. Bu hik\u00e2yenin az\u0131c\u0131k akl\u0131 kar\u0131\u015fan miniklere iyi gelecek birka\u00e7 tavsiyesi var! Haydi gel, k\u00f6t\u00fc d\u00fc\u015f\u00fcncelerle vedala\u015f\u0131p birlikte yerine g\u00fczellerini koyal\u0131m.<\/p>\n","protected":false},"excerpt":{"rendered":"<p>Az\u0131c\u0131k Akl\u0131m Kar\u0131\u015ft\u0131-Karde\u015fim Beni seviyor mu? Karde\u015fimiz bir \u015feyini payla\u015fmay\u0131nca, \u00fczd\u00fc\u011f\u00fcn\u00fc fark etmeyince, umursamaz davran\u0131nca hangimizin az\u0131c\u0131k da olsa akl\u0131 kar\u0131\u015fmaz ki? \u2018\u2019Karde\u015fim beni seviyor mu?\u2019\u2019<span class=\"excerpt-hellip\"> [\u2026]<\/span><\/p>\n","protected":false},"featured_media":0,"template":"","meta":{"_monsterinsights_skip_tracking":false,"_monsterinsights_sitenote_active":false,"_monsterinsights_sitenote_note":"","_monsterinsights_sitenote_category":0},"product_brand":[],"product_cat":[12274,12284],"product_tag":[],"class_list":{"0":"post-780887","1":"product","2":"type-product","3":"status-publish","5":"product_cat-cocuk-ve-genclik-kitaplari","6":"product_cat-hikayeler","7":"pa_cilt-ciltsiz","8":"pa_tur-kitap","9":"pa_yayinevi-sincap-kitap","10":"pa_yazar-mehmet-teber","12":"first","13":"instock","14":"sale","15":"shipping-taxable","16":"purchasable","17":"product-type-simple"},"_links":{"self":[{"href":"https:\/\/roveyayinevi.com.tr\/index.php\/wp-json\/wp\/v2\/product\/780887","targetHints":{"allow":["GET"]}}],"collection":[{"href":"https:\/\/roveyayinevi.com.tr\/index.php\/wp-json\/wp\/v2\/product"}],"about":[{"href":"https:\/\/roveyayinevi.com.tr\/index.php\/wp-json\/wp\/v2\/types\/product"}],"wp:attachment":[{"href":"https:\/\/roveyayinevi.com.tr\/index.php\/wp-json\/wp\/v2\/media?parent=780887"}],"wp:term":[{"taxonomy":"product_brand","embeddable":true,"href":"https:\/\/roveyayinevi.com.tr\/index.php\/wp-json\/wp\/v2\/product_brand?post=780887"},{"taxonomy":"product_cat","embeddable":true,"href":"https:\/\/roveyayinevi.com.tr\/index.php\/wp-json\/wp\/v2\/product_cat?post=780887"},{"taxonomy":"product_tag","embeddable":true,"href":"https:\/\/roveyayinevi.com.tr\/index.php\/wp-json\/wp\/v2\/product_tag?post=780887"}],"curies":[{"name":"wp","href":"https:\/\/api.w.org\/{rel}","templated":true}]}}