{"id":780886,"date":"2026-01-20T04:26:57","date_gmt":"2026-01-20T01:26:57","guid":{"rendered":"https:\/\/roveyayinevi.com.tr\/index.php\/urun\/bulurum-seni-okulda\/"},"modified":"2026-04-15T03:45:22","modified_gmt":"2026-04-15T00:45:22","slug":"bulurum-seni-okulda","status":"publish","type":"product","link":"https:\/\/roveyayinevi.com.tr\/index.php\/urun\/bulurum-seni-okulda\/","title":{"rendered":"Bulurum Seni Okulda"},"content":{"rendered":"<p>Bulurum Seni OkuldaSincap Simsim okulda, bir\u00e7ok e\u011flence var s\u0131n\u0131fta! Feneri hi\u00e7 b\u0131rakma! \u0130pu\u00e7lar\u0131 yard\u0131m edecek sana.Birbirinden e\u011flenceli \u00e7izimleriyle bu kitapta fenerli bir ke\u015fif ba\u015fl\u0131yor.Dikkat! Bu kitap fenersiz okunmaz.<\/p>\n","protected":false},"excerpt":{"rendered":"<p>Bulurum Seni OkuldaSincap Simsim okulda, bir\u00e7ok e\u011flence var s\u0131n\u0131fta! Feneri hi\u00e7 b\u0131rakma! \u0130pu\u00e7lar\u0131 yard\u0131m edecek sana.Birbirinden e\u011flenceli \u00e7izimleriyle bu kitapta fenerli bir ke\u015fif ba\u015fl\u0131yor.Dikkat! Bu kitap<span class=\"excerpt-hellip\"> [\u2026]<\/span><\/p>\n","protected":false},"featured_media":0,"template":"","meta":{"_monsterinsights_skip_tracking":false,"_monsterinsights_sitenote_active":false,"_monsterinsights_sitenote_note":"","_monsterinsights_sitenote_category":0},"product_brand":[],"product_cat":[12274,12523],"product_tag":[],"class_list":{"0":"post-780886","1":"product","2":"type-product","3":"status-publish","5":"product_cat-cocuk-ve-genclik-kitaplari","6":"product_cat-masallar","7":"pa_cilt-ciltsiz","8":"pa_tur-kitap","9":"pa_yayinevi-sincap-kitap","10":"pa_yazar-m-sacide-kafali","12":"first","13":"instock","14":"sale","15":"shipping-taxable","16":"purchasable","17":"product-type-simple"},"_links":{"self":[{"href":"https:\/\/roveyayinevi.com.tr\/index.php\/wp-json\/wp\/v2\/product\/780886","targetHints":{"allow":["GET"]}}],"collection":[{"href":"https:\/\/roveyayinevi.com.tr\/index.php\/wp-json\/wp\/v2\/product"}],"about":[{"href":"https:\/\/roveyayinevi.com.tr\/index.php\/wp-json\/wp\/v2\/types\/product"}],"wp:attachment":[{"href":"https:\/\/roveyayinevi.com.tr\/index.php\/wp-json\/wp\/v2\/media?parent=780886"}],"wp:term":[{"taxonomy":"product_brand","embeddable":true,"href":"https:\/\/roveyayinevi.com.tr\/index.php\/wp-json\/wp\/v2\/product_brand?post=780886"},{"taxonomy":"product_cat","embeddable":true,"href":"https:\/\/roveyayinevi.com.tr\/index.php\/wp-json\/wp\/v2\/product_cat?post=780886"},{"taxonomy":"product_tag","embeddable":true,"href":"https:\/\/roveyayinevi.com.tr\/index.php\/wp-json\/wp\/v2\/product_tag?post=780886"}],"curies":[{"name":"wp","href":"https:\/\/api.w.org\/{rel}","templated":true}]}}