{"id":780884,"date":"2026-01-20T04:26:49","date_gmt":"2026-01-20T01:26:49","guid":{"rendered":"https:\/\/roveyayinevi.com.tr\/index.php\/urun\/benim-ilk-oz-bakim-kitabim-yaparsam-olur\/"},"modified":"2026-04-15T03:45:22","modified_gmt":"2026-04-15T00:45:22","slug":"benim-ilk-oz-bakim-kitabim-yaparsam-olur","status":"publish","type":"product","link":"https:\/\/roveyayinevi.com.tr\/index.php\/urun\/benim-ilk-oz-bakim-kitabim-yaparsam-olur\/","title":{"rendered":"Benim \u0130lk \u00d6z Bak\u0131m Kitab\u0131m Yaparsam Olur"},"content":{"rendered":"<p>Benim \u0130lk \u00d6z Bak\u0131m Kitab\u0131m Yaparsam Olur\u015eimdi \u00f6z bak\u0131m zaman\u0131! Kedi gibi ellerini y\u0131kad\u0131n m\u0131? Pekii, koyun gibi sa\u00e7lar\u0131n\u0131 tarad\u0131n m\u0131? Kendi ihtiya\u00e7lar\u0131n\u0131 yerine getirebilmek \u00e7ok g\u00fczel bir his \u00f6yle de\u011fil mi? Yap-boz par\u00e7alar\u0131n\u0131 birle\u015ftir sen de \u00f6z bak\u0131m\u0131n\u0131 tamamla.<\/p>\n","protected":false},"excerpt":{"rendered":"<p>Benim \u0130lk \u00d6z Bak\u0131m Kitab\u0131m Yaparsam Olur\u015eimdi \u00f6z bak\u0131m zaman\u0131! Kedi gibi ellerini y\u0131kad\u0131n m\u0131? Pekii, koyun gibi sa\u00e7lar\u0131n\u0131 tarad\u0131n m\u0131? Kendi ihtiya\u00e7lar\u0131n\u0131 yerine getirebilmek \u00e7ok<span class=\"excerpt-hellip\"> [\u2026]<\/span><\/p>\n","protected":false},"featured_media":0,"template":"","meta":{"_monsterinsights_skip_tracking":false,"_monsterinsights_sitenote_active":false,"_monsterinsights_sitenote_note":"","_monsterinsights_sitenote_category":0},"product_brand":[],"product_cat":[12274,12284],"product_tag":[],"class_list":{"0":"post-780884","1":"product","2":"type-product","3":"status-publish","5":"product_cat-cocuk-ve-genclik-kitaplari","6":"product_cat-hikayeler","7":"pa_cilt-ciltsiz","8":"pa_tur-kitap","9":"pa_yayinevi-sincap-kitap","10":"pa_yazar-kolektif","12":"first","13":"instock","14":"sale","15":"shipping-taxable","16":"purchasable","17":"product-type-simple"},"_links":{"self":[{"href":"https:\/\/roveyayinevi.com.tr\/index.php\/wp-json\/wp\/v2\/product\/780884","targetHints":{"allow":["GET"]}}],"collection":[{"href":"https:\/\/roveyayinevi.com.tr\/index.php\/wp-json\/wp\/v2\/product"}],"about":[{"href":"https:\/\/roveyayinevi.com.tr\/index.php\/wp-json\/wp\/v2\/types\/product"}],"wp:attachment":[{"href":"https:\/\/roveyayinevi.com.tr\/index.php\/wp-json\/wp\/v2\/media?parent=780884"}],"wp:term":[{"taxonomy":"product_brand","embeddable":true,"href":"https:\/\/roveyayinevi.com.tr\/index.php\/wp-json\/wp\/v2\/product_brand?post=780884"},{"taxonomy":"product_cat","embeddable":true,"href":"https:\/\/roveyayinevi.com.tr\/index.php\/wp-json\/wp\/v2\/product_cat?post=780884"},{"taxonomy":"product_tag","embeddable":true,"href":"https:\/\/roveyayinevi.com.tr\/index.php\/wp-json\/wp\/v2\/product_tag?post=780884"}],"curies":[{"name":"wp","href":"https:\/\/api.w.org\/{rel}","templated":true}]}}