{"id":780883,"date":"2026-01-20T04:26:44","date_gmt":"2026-01-20T01:26:44","guid":{"rendered":"https:\/\/roveyayinevi.com.tr\/index.php\/urun\/benim-ilk-kavramlar-kitabim-yaparsam-olur\/"},"modified":"2026-04-15T03:45:22","modified_gmt":"2026-04-15T00:45:22","slug":"benim-ilk-kavramlar-kitabim-yaparsam-olur","status":"publish","type":"product","link":"https:\/\/roveyayinevi.com.tr\/index.php\/urun\/benim-ilk-kavramlar-kitabim-yaparsam-olur\/","title":{"rendered":"Benim \u0130lk Kavramlar Kitab\u0131m &#8211; Yaparsam Olur"},"content":{"rendered":"<p>Benim \u0130lk Kavramlar Kitab\u0131m  Yaparsam Olur \u015eimdi kavramlar\u0131 \u00f6\u011frenme zaman\u0131! Civciv gibi ya\u011fmurda \u0131slanmay\u0131 m\u0131 seversin? Yoksa bir salyangoz gibi mantar\u0131n alt\u0131nda g\u00fcne\u015flenmeyi mi? Kurba\u011fan\u0131n d\u00f6n\u00fc\u015f\u00fcm hik\u00e2yesiyle kavramlar\u0131 ke\u015ffetmek \u00e7ok e\u011flenceli, \u00f6yle de\u011fil mi?  Yap-boz-ke\u015ffet par\u00e7alar\u0131 birle\u015ftir ve sen de kavramlar\u0131 tamamla.<\/p>\n","protected":false},"excerpt":{"rendered":"<p>Benim \u0130lk Kavramlar Kitab\u0131m Yaparsam Olur \u015eimdi kavramlar\u0131 \u00f6\u011frenme zaman\u0131! Civciv gibi ya\u011fmurda \u0131slanmay\u0131 m\u0131 seversin? Yoksa bir salyangoz gibi mantar\u0131n alt\u0131nda g\u00fcne\u015flenmeyi mi? Kurba\u011fan\u0131n d\u00f6n\u00fc\u015f\u00fcm<span class=\"excerpt-hellip\"> [\u2026]<\/span><\/p>\n","protected":false},"featured_media":0,"template":"","meta":{"_monsterinsights_skip_tracking":false,"_monsterinsights_sitenote_active":false,"_monsterinsights_sitenote_note":"","_monsterinsights_sitenote_category":0},"product_brand":[],"product_cat":[12274,12284],"product_tag":[],"class_list":{"0":"post-780883","1":"product","2":"type-product","3":"status-publish","5":"product_cat-cocuk-ve-genclik-kitaplari","6":"product_cat-hikayeler","7":"pa_cilt-ciltsiz","8":"pa_tur-kitap","9":"pa_yayinevi-sincap-kitap","10":"pa_yazar-kolektif","12":"first","13":"instock","14":"sale","15":"shipping-taxable","16":"purchasable","17":"product-type-simple"},"_links":{"self":[{"href":"https:\/\/roveyayinevi.com.tr\/index.php\/wp-json\/wp\/v2\/product\/780883","targetHints":{"allow":["GET"]}}],"collection":[{"href":"https:\/\/roveyayinevi.com.tr\/index.php\/wp-json\/wp\/v2\/product"}],"about":[{"href":"https:\/\/roveyayinevi.com.tr\/index.php\/wp-json\/wp\/v2\/types\/product"}],"wp:attachment":[{"href":"https:\/\/roveyayinevi.com.tr\/index.php\/wp-json\/wp\/v2\/media?parent=780883"}],"wp:term":[{"taxonomy":"product_brand","embeddable":true,"href":"https:\/\/roveyayinevi.com.tr\/index.php\/wp-json\/wp\/v2\/product_brand?post=780883"},{"taxonomy":"product_cat","embeddable":true,"href":"https:\/\/roveyayinevi.com.tr\/index.php\/wp-json\/wp\/v2\/product_cat?post=780883"},{"taxonomy":"product_tag","embeddable":true,"href":"https:\/\/roveyayinevi.com.tr\/index.php\/wp-json\/wp\/v2\/product_tag?post=780883"}],"curies":[{"name":"wp","href":"https:\/\/api.w.org\/{rel}","templated":true}]}}