{"id":780882,"date":"2026-01-20T04:26:40","date_gmt":"2026-01-20T01:26:40","guid":{"rendered":"https:\/\/roveyayinevi.com.tr\/index.php\/urun\/cocuk-universitesi-duygular\/"},"modified":"2026-04-15T03:45:22","modified_gmt":"2026-04-15T00:45:22","slug":"cocuk-universitesi-duygular","status":"publish","type":"product","link":"https:\/\/roveyayinevi.com.tr\/index.php\/urun\/cocuk-universitesi-duygular\/","title":{"rendered":"\u00c7ocuk \u00dcniversitesi-Duygular"},"content":{"rendered":"<p>Bilimin En Kolay Hali \u00c7ocuk \u00dcniversitesi \u201cBu kitab\u0131n, \u00fclkemin \u00e7ocuklar\u0131na \u2018bilimin \u0131\u015f\u0131\u011f\u0131nda bir hayat\u2019 ilham\u0131 vermesi dileklerimle.\u201d                                                                                               Prof. Dr. Aziz Sancar Duygular\u0131n de\u011fi\u015febilir ve d\u00f6n\u00fc\u015febilir biliyorsun de\u011fil mi? G\u00fcn i\u00e7erisinde say\u0131s\u0131z yeni duygu hissedersin. Bazen profesyonel bir destek, duygular\u0131n\u0131 ifade etmende sana yard\u0131mc\u0131 olur ve bu sana \u00e7ok iyi hissettirebilir.<\/p>\n","protected":false},"excerpt":{"rendered":"<p>Bilimin En Kolay Hali \u00c7ocuk \u00dcniversitesi \u201cBu kitab\u0131n, \u00fclkemin \u00e7ocuklar\u0131na \u2018bilimin \u0131\u015f\u0131\u011f\u0131nda bir hayat\u2019 ilham\u0131 vermesi dileklerimle.\u201d Prof. Dr. Aziz Sancar Duygular\u0131n de\u011fi\u015febilir ve d\u00f6n\u00fc\u015febilir biliyorsun<span class=\"excerpt-hellip\"> [\u2026]<\/span><\/p>\n","protected":false},"featured_media":0,"template":"","meta":{"_monsterinsights_skip_tracking":false,"_monsterinsights_sitenote_active":false,"_monsterinsights_sitenote_note":"","_monsterinsights_sitenote_category":0},"product_brand":[],"product_cat":[12274,12284],"product_tag":[],"class_list":{"0":"post-780882","1":"product","2":"type-product","3":"status-publish","5":"product_cat-cocuk-ve-genclik-kitaplari","6":"product_cat-hikayeler","7":"pa_cilt-ciltsiz","8":"pa_tur-kitap","9":"pa_yayinevi-sincap-kitap","10":"pa_yazar-cagri-odabasi","12":"first","13":"instock","14":"sale","15":"shipping-taxable","16":"purchasable","17":"product-type-simple"},"_links":{"self":[{"href":"https:\/\/roveyayinevi.com.tr\/index.php\/wp-json\/wp\/v2\/product\/780882","targetHints":{"allow":["GET"]}}],"collection":[{"href":"https:\/\/roveyayinevi.com.tr\/index.php\/wp-json\/wp\/v2\/product"}],"about":[{"href":"https:\/\/roveyayinevi.com.tr\/index.php\/wp-json\/wp\/v2\/types\/product"}],"wp:attachment":[{"href":"https:\/\/roveyayinevi.com.tr\/index.php\/wp-json\/wp\/v2\/media?parent=780882"}],"wp:term":[{"taxonomy":"product_brand","embeddable":true,"href":"https:\/\/roveyayinevi.com.tr\/index.php\/wp-json\/wp\/v2\/product_brand?post=780882"},{"taxonomy":"product_cat","embeddable":true,"href":"https:\/\/roveyayinevi.com.tr\/index.php\/wp-json\/wp\/v2\/product_cat?post=780882"},{"taxonomy":"product_tag","embeddable":true,"href":"https:\/\/roveyayinevi.com.tr\/index.php\/wp-json\/wp\/v2\/product_tag?post=780882"}],"curies":[{"name":"wp","href":"https:\/\/api.w.org\/{rel}","templated":true}]}}