{"id":780881,"date":"2026-01-20T04:26:36","date_gmt":"2026-01-20T01:26:36","guid":{"rendered":"https:\/\/roveyayinevi.com.tr\/index.php\/urun\/cocuk-universitesi-ifadeler\/"},"modified":"2026-04-15T03:45:22","modified_gmt":"2026-04-15T00:45:22","slug":"cocuk-universitesi-ifadeler","status":"publish","type":"product","link":"https:\/\/roveyayinevi.com.tr\/index.php\/urun\/cocuk-universitesi-ifadeler\/","title":{"rendered":"\u00c7ocuk \u00dcniversitesi-\u0130fadeler"},"content":{"rendered":"<p>Bilimin En Kolay Hali \u00c7ocuk \u00dcniversitesi \u201cBu kitab\u0131n, \u00fclkemin \u00e7ocuklar\u0131na \u2018bilimin \u0131\u015f\u0131\u011f\u0131nda bir hayat\u2019 ilham\u0131 vermesi dileklerimle.\u201dProf. Dr. Aziz SancarY\u00fcz ifadelerimizin evrensel oldu\u011fu yap\u0131lan \u00e7al\u0131\u015fmalar neticesinde kan\u0131tlanm\u0131\u015ft\u0131r. Bebeklerin de y\u00fcz ifadeleri ile olaylara tepki verebildi\u011fini biliyor muydun? Y\u00fcz ifadelerimiz duygular\u0131m\u0131z\u0131 d\u0131\u015fa vurmam\u0131zda, hislerimizi do\u011fru aktarmam\u0131zda bize yard\u0131mc\u0131 olur.<\/p>\n","protected":false},"excerpt":{"rendered":"<p>Bilimin En Kolay Hali \u00c7ocuk \u00dcniversitesi \u201cBu kitab\u0131n, \u00fclkemin \u00e7ocuklar\u0131na \u2018bilimin \u0131\u015f\u0131\u011f\u0131nda bir hayat\u2019 ilham\u0131 vermesi dileklerimle.\u201dProf. Dr. Aziz SancarY\u00fcz ifadelerimizin evrensel oldu\u011fu yap\u0131lan \u00e7al\u0131\u015fmalar neticesinde<span class=\"excerpt-hellip\"> [\u2026]<\/span><\/p>\n","protected":false},"featured_media":0,"template":"","meta":{"_monsterinsights_skip_tracking":false,"_monsterinsights_sitenote_active":false,"_monsterinsights_sitenote_note":"","_monsterinsights_sitenote_category":0},"product_brand":[],"product_cat":[12274,12284],"product_tag":[],"class_list":{"0":"post-780881","1":"product","2":"type-product","3":"status-publish","5":"product_cat-cocuk-ve-genclik-kitaplari","6":"product_cat-hikayeler","7":"pa_cilt-ciltsiz","8":"pa_tur-kitap","9":"pa_yayinevi-sincap-kitap","10":"pa_yazar-cagri-odabasi","12":"first","13":"instock","14":"sale","15":"shipping-taxable","16":"purchasable","17":"product-type-simple"},"_links":{"self":[{"href":"https:\/\/roveyayinevi.com.tr\/index.php\/wp-json\/wp\/v2\/product\/780881","targetHints":{"allow":["GET"]}}],"collection":[{"href":"https:\/\/roveyayinevi.com.tr\/index.php\/wp-json\/wp\/v2\/product"}],"about":[{"href":"https:\/\/roveyayinevi.com.tr\/index.php\/wp-json\/wp\/v2\/types\/product"}],"wp:attachment":[{"href":"https:\/\/roveyayinevi.com.tr\/index.php\/wp-json\/wp\/v2\/media?parent=780881"}],"wp:term":[{"taxonomy":"product_brand","embeddable":true,"href":"https:\/\/roveyayinevi.com.tr\/index.php\/wp-json\/wp\/v2\/product_brand?post=780881"},{"taxonomy":"product_cat","embeddable":true,"href":"https:\/\/roveyayinevi.com.tr\/index.php\/wp-json\/wp\/v2\/product_cat?post=780881"},{"taxonomy":"product_tag","embeddable":true,"href":"https:\/\/roveyayinevi.com.tr\/index.php\/wp-json\/wp\/v2\/product_tag?post=780881"}],"curies":[{"name":"wp","href":"https:\/\/api.w.org\/{rel}","templated":true}]}}