{"id":780880,"date":"2026-01-20T04:26:32","date_gmt":"2026-01-20T01:26:32","guid":{"rendered":"https:\/\/roveyayinevi.com.tr\/index.php\/urun\/cocuk-universitesi-kisilik-ozellikleri\/"},"modified":"2026-04-15T03:45:22","modified_gmt":"2026-04-15T00:45:22","slug":"cocuk-universitesi-kisilik-ozellikleri","status":"publish","type":"product","link":"https:\/\/roveyayinevi.com.tr\/index.php\/urun\/cocuk-universitesi-kisilik-ozellikleri\/","title":{"rendered":"\u00c7ocuk \u00dcniversitesi-Ki\u015filik \u00d6zellikleri"},"content":{"rendered":"<p>Bilimin En Kolay Hali \u00c7ocuk \u00dcniversitesi \u201cBu kitab\u0131n, \u00fclkemin \u00e7ocuklar\u0131na \u2018bilimin \u0131\u015f\u0131\u011f\u0131nda bir hayat\u2019 ilham\u0131 vermesi dileklerimle.\u201d                                                                                                           Prof. Dr. Aziz SancarKi\u015filik, senin do\u011fu\u015ftan gelen ve b\u00fcy\u00fcd\u00fc\u011f\u00fcn \u00e7evrenin etkisiyle kazand\u0131\u011f\u0131n \u00f6zelliklerinin toplam\u0131d\u0131r. Unutma, her duygun sana \u00f6zel.<\/p>\n","protected":false},"excerpt":{"rendered":"<p>Bilimin En Kolay Hali \u00c7ocuk \u00dcniversitesi \u201cBu kitab\u0131n, \u00fclkemin \u00e7ocuklar\u0131na \u2018bilimin \u0131\u015f\u0131\u011f\u0131nda bir hayat\u2019 ilham\u0131 vermesi dileklerimle.\u201d Prof. Dr. Aziz SancarKi\u015filik, senin do\u011fu\u015ftan gelen ve b\u00fcy\u00fcd\u00fc\u011f\u00fcn<span class=\"excerpt-hellip\"> [\u2026]<\/span><\/p>\n","protected":false},"featured_media":0,"template":"","meta":{"_monsterinsights_skip_tracking":false,"_monsterinsights_sitenote_active":false,"_monsterinsights_sitenote_note":"","_monsterinsights_sitenote_category":0},"product_brand":[],"product_cat":[12274,12284],"product_tag":[],"class_list":{"0":"post-780880","1":"product","2":"type-product","3":"status-publish","5":"product_cat-cocuk-ve-genclik-kitaplari","6":"product_cat-hikayeler","7":"pa_cilt-ciltsiz","8":"pa_tur-kitap","9":"pa_yayinevi-sincap-kitap","10":"pa_yazar-cagri-odabasi","12":"first","13":"instock","14":"sale","15":"shipping-taxable","16":"purchasable","17":"product-type-simple"},"_links":{"self":[{"href":"https:\/\/roveyayinevi.com.tr\/index.php\/wp-json\/wp\/v2\/product\/780880","targetHints":{"allow":["GET"]}}],"collection":[{"href":"https:\/\/roveyayinevi.com.tr\/index.php\/wp-json\/wp\/v2\/product"}],"about":[{"href":"https:\/\/roveyayinevi.com.tr\/index.php\/wp-json\/wp\/v2\/types\/product"}],"wp:attachment":[{"href":"https:\/\/roveyayinevi.com.tr\/index.php\/wp-json\/wp\/v2\/media?parent=780880"}],"wp:term":[{"taxonomy":"product_brand","embeddable":true,"href":"https:\/\/roveyayinevi.com.tr\/index.php\/wp-json\/wp\/v2\/product_brand?post=780880"},{"taxonomy":"product_cat","embeddable":true,"href":"https:\/\/roveyayinevi.com.tr\/index.php\/wp-json\/wp\/v2\/product_cat?post=780880"},{"taxonomy":"product_tag","embeddable":true,"href":"https:\/\/roveyayinevi.com.tr\/index.php\/wp-json\/wp\/v2\/product_tag?post=780880"}],"curies":[{"name":"wp","href":"https:\/\/api.w.org\/{rel}","templated":true}]}}