{"id":780878,"date":"2026-01-20T04:26:23","date_gmt":"2026-01-20T01:26:23","guid":{"rendered":"https:\/\/roveyayinevi.com.tr\/index.php\/urun\/beni-de-yanina-alir-misin\/"},"modified":"2026-04-15T03:45:22","modified_gmt":"2026-04-15T00:45:22","slug":"beni-de-yanina-alir-misin","status":"publish","type":"product","link":"https:\/\/roveyayinevi.com.tr\/index.php\/urun\/beni-de-yanina-alir-misin\/","title":{"rendered":"Beni De Yan\u0131na Al\u0131r M\u0131s\u0131n?"},"content":{"rendered":"<p>Yeni bir macerada sen de sevdiklerini yan\u0131na al\u0131r m\u0131s\u0131n? M\u00fczeyi bir rehberle dola\u015fmak pek keyifli! En iyi arkada\u015flar\u0131nla eserleri incelemek de \u00e7ok e\u011flenceli! Ama \u00f6nce atla arac\u0131na ve \u00e7\u0131k yola\u2026 Ke\u015fifler yolculuklarla ba\u015flar, unutma!<\/p>\n","protected":false},"excerpt":{"rendered":"<p>Yeni bir macerada sen de sevdiklerini yan\u0131na al\u0131r m\u0131s\u0131n? M\u00fczeyi bir rehberle dola\u015fmak pek keyifli! En iyi arkada\u015flar\u0131nla eserleri incelemek de \u00e7ok e\u011flenceli! Ama \u00f6nce atla<span class=\"excerpt-hellip\"> [\u2026]<\/span><\/p>\n","protected":false},"featured_media":0,"template":"","meta":{"_monsterinsights_skip_tracking":false,"_monsterinsights_sitenote_active":false,"_monsterinsights_sitenote_note":"","_monsterinsights_sitenote_category":0},"product_brand":[],"product_cat":[12274,12284],"product_tag":[],"class_list":{"0":"post-780878","1":"product","2":"type-product","3":"status-publish","5":"product_cat-cocuk-ve-genclik-kitaplari","6":"product_cat-hikayeler","7":"pa_cilt-ciltsiz","8":"pa_tur-kitap","9":"pa_yayinevi-sincap-kitap","10":"pa_yazar-kolektif","12":"first","13":"instock","14":"sale","15":"shipping-taxable","16":"purchasable","17":"product-type-simple"},"_links":{"self":[{"href":"https:\/\/roveyayinevi.com.tr\/index.php\/wp-json\/wp\/v2\/product\/780878","targetHints":{"allow":["GET"]}}],"collection":[{"href":"https:\/\/roveyayinevi.com.tr\/index.php\/wp-json\/wp\/v2\/product"}],"about":[{"href":"https:\/\/roveyayinevi.com.tr\/index.php\/wp-json\/wp\/v2\/types\/product"}],"wp:attachment":[{"href":"https:\/\/roveyayinevi.com.tr\/index.php\/wp-json\/wp\/v2\/media?parent=780878"}],"wp:term":[{"taxonomy":"product_brand","embeddable":true,"href":"https:\/\/roveyayinevi.com.tr\/index.php\/wp-json\/wp\/v2\/product_brand?post=780878"},{"taxonomy":"product_cat","embeddable":true,"href":"https:\/\/roveyayinevi.com.tr\/index.php\/wp-json\/wp\/v2\/product_cat?post=780878"},{"taxonomy":"product_tag","embeddable":true,"href":"https:\/\/roveyayinevi.com.tr\/index.php\/wp-json\/wp\/v2\/product_tag?post=780878"}],"curies":[{"name":"wp","href":"https:\/\/api.w.org\/{rel}","templated":true}]}}