{"id":780877,"date":"2026-01-20T04:26:20","date_gmt":"2026-01-20T01:26:20","guid":{"rendered":"https:\/\/roveyayinevi.com.tr\/index.php\/urun\/bebek-universitesi-hikayeli-ilk-kavramlarim-3\/"},"modified":"2026-04-15T03:45:22","modified_gmt":"2026-04-15T00:45:22","slug":"bebek-universitesi-hikayeli-ilk-kavramlarim-3","status":"publish","type":"product","link":"https:\/\/roveyayinevi.com.tr\/index.php\/urun\/bebek-universitesi-hikayeli-ilk-kavramlarim-3\/","title":{"rendered":"Bebek \u00dcniversitesi &#8211; Hikayeli \u0130lk Kavramlar\u0131m 3"},"content":{"rendered":"<p>\u0130lk Kavramlar\u0131 Tatl\u0131 Hik\u00e2yelerle Ke\u015ffetmeye Devam Ediyoruz!\u00d6z Bak\u0131m kitab\u0131 ile bazen d\u00fc\u011fmelerin yerini kar\u0131\u015ft\u0131rsan da kendin ilikleyebiliyorsun. \u00c7\u00fcnk\u00fc b\u00fcy\u00fcyorsun\u2026G\u00fcnl\u00fck Rutinim kitab\u0131yla g\u00fcn\u00fcm\u00fcz\u00fc oyuna \u00e7evirebiliyoruz.Duygular kitab\u0131 ile bebek bir pandan\u0131n duygular\u0131n\u0131 nas\u0131l ifade edebildi\u011fini \u00f6\u011freniyorsun.Oyun kitab\u0131 ile herkesin kahvalt\u0131s\u0131nda ne yedi\u011fini g\u00f6rebiliyorsun.Bebe\u011finiz hayat\u0131 ke\u015ffetmek i\u00e7in sab\u0131rs\u0131z, en iyi ileti\u015fim arac\u0131 olan kitaplar ise minik ka\u015fiflere e\u015flik etmek i\u00e7in hep haz\u0131r!<\/p>\n","protected":false},"excerpt":{"rendered":"<p>\u0130lk Kavramlar\u0131 Tatl\u0131 Hik\u00e2yelerle Ke\u015ffetmeye Devam Ediyoruz!\u00d6z Bak\u0131m kitab\u0131 ile bazen d\u00fc\u011fmelerin yerini kar\u0131\u015ft\u0131rsan da kendin ilikleyebiliyorsun. \u00c7\u00fcnk\u00fc b\u00fcy\u00fcyorsun\u2026G\u00fcnl\u00fck Rutinim kitab\u0131yla g\u00fcn\u00fcm\u00fcz\u00fc oyuna \u00e7evirebiliyoruz.Duygular kitab\u0131 ile<span class=\"excerpt-hellip\"> [\u2026]<\/span><\/p>\n","protected":false},"featured_media":0,"template":"","meta":{"_monsterinsights_skip_tracking":false,"_monsterinsights_sitenote_active":false,"_monsterinsights_sitenote_note":"","_monsterinsights_sitenote_category":0},"product_brand":[],"product_cat":[12274,12284],"product_tag":[],"class_list":{"0":"post-780877","1":"product","2":"type-product","3":"status-publish","5":"product_cat-cocuk-ve-genclik-kitaplari","6":"product_cat-hikayeler","7":"pa_cilt-ciltli","8":"pa_tur-kitap","9":"pa_yayinevi-sincap-kitap","10":"pa_yazar-cagri-odabasi","12":"first","13":"instock","14":"sale","15":"shipping-taxable","16":"purchasable","17":"product-type-simple"},"_links":{"self":[{"href":"https:\/\/roveyayinevi.com.tr\/index.php\/wp-json\/wp\/v2\/product\/780877","targetHints":{"allow":["GET"]}}],"collection":[{"href":"https:\/\/roveyayinevi.com.tr\/index.php\/wp-json\/wp\/v2\/product"}],"about":[{"href":"https:\/\/roveyayinevi.com.tr\/index.php\/wp-json\/wp\/v2\/types\/product"}],"wp:attachment":[{"href":"https:\/\/roveyayinevi.com.tr\/index.php\/wp-json\/wp\/v2\/media?parent=780877"}],"wp:term":[{"taxonomy":"product_brand","embeddable":true,"href":"https:\/\/roveyayinevi.com.tr\/index.php\/wp-json\/wp\/v2\/product_brand?post=780877"},{"taxonomy":"product_cat","embeddable":true,"href":"https:\/\/roveyayinevi.com.tr\/index.php\/wp-json\/wp\/v2\/product_cat?post=780877"},{"taxonomy":"product_tag","embeddable":true,"href":"https:\/\/roveyayinevi.com.tr\/index.php\/wp-json\/wp\/v2\/product_tag?post=780877"}],"curies":[{"name":"wp","href":"https:\/\/api.w.org\/{rel}","templated":true}]}}