{"id":780874,"date":"2026-01-20T04:26:10","date_gmt":"2026-01-20T01:26:10","guid":{"rendered":"https:\/\/roveyayinevi.com.tr\/index.php\/urun\/duygular-2\/"},"modified":"2026-04-15T03:45:21","modified_gmt":"2026-04-15T00:45:21","slug":"duygular-2","status":"publish","type":"product","link":"https:\/\/roveyayinevi.com.tr\/index.php\/urun\/duygular-2\/","title":{"rendered":"Duygular"},"content":{"rendered":"<p>Sevincin,\u00fcz\u00fcnt\u00fcn,heyecan\u0131n\u2026 T\u00fcm duygular\u0131 ya\u015fayarak ke\u015ffetmek \u00e7ok g\u00fczel,\u00f6yle de\u011fil mi?O halde duygular\u0131n\u0131 a\u011flayarak ifade eden bebek pandan\u0131n hik\u00e2yesini merak ediyorsan ba\u015fla sayfalar\u0131 \u00e7evirmeye!<\/p>\n","protected":false},"excerpt":{"rendered":"<p>Sevincin,\u00fcz\u00fcnt\u00fcn,heyecan\u0131n\u2026 T\u00fcm duygular\u0131 ya\u015fayarak ke\u015ffetmek \u00e7ok g\u00fczel,\u00f6yle de\u011fil mi?O halde duygular\u0131n\u0131 a\u011flayarak ifade eden bebek pandan\u0131n hik\u00e2yesini merak ediyorsan ba\u015fla sayfalar\u0131 \u00e7evirmeye!<\/p>\n","protected":false},"featured_media":0,"template":"","meta":{"_monsterinsights_skip_tracking":false,"_monsterinsights_sitenote_active":false,"_monsterinsights_sitenote_note":"","_monsterinsights_sitenote_category":0},"product_brand":[],"product_cat":[12274,12284],"product_tag":[],"class_list":{"0":"post-780874","1":"product","2":"type-product","3":"status-publish","5":"product_cat-cocuk-ve-genclik-kitaplari","6":"product_cat-hikayeler","7":"pa_cilt-ciltsiz","8":"pa_tur-kitap","9":"pa_yayinevi-sincap-kitap","10":"pa_yazar-cagri-odabasi","12":"first","13":"instock","14":"sale","15":"shipping-taxable","16":"purchasable","17":"product-type-simple"},"_links":{"self":[{"href":"https:\/\/roveyayinevi.com.tr\/index.php\/wp-json\/wp\/v2\/product\/780874","targetHints":{"allow":["GET"]}}],"collection":[{"href":"https:\/\/roveyayinevi.com.tr\/index.php\/wp-json\/wp\/v2\/product"}],"about":[{"href":"https:\/\/roveyayinevi.com.tr\/index.php\/wp-json\/wp\/v2\/types\/product"}],"wp:attachment":[{"href":"https:\/\/roveyayinevi.com.tr\/index.php\/wp-json\/wp\/v2\/media?parent=780874"}],"wp:term":[{"taxonomy":"product_brand","embeddable":true,"href":"https:\/\/roveyayinevi.com.tr\/index.php\/wp-json\/wp\/v2\/product_brand?post=780874"},{"taxonomy":"product_cat","embeddable":true,"href":"https:\/\/roveyayinevi.com.tr\/index.php\/wp-json\/wp\/v2\/product_cat?post=780874"},{"taxonomy":"product_tag","embeddable":true,"href":"https:\/\/roveyayinevi.com.tr\/index.php\/wp-json\/wp\/v2\/product_tag?post=780874"}],"curies":[{"name":"wp","href":"https:\/\/api.w.org\/{rel}","templated":true}]}}