{"id":780872,"date":"2026-01-20T04:26:03","date_gmt":"2026-01-20T01:26:03","guid":{"rendered":"https:\/\/roveyayinevi.com.tr\/index.php\/urun\/beni-de-yanina-alir-misin-uzay-yolculugu\/"},"modified":"2026-04-15T03:45:21","modified_gmt":"2026-04-15T00:45:21","slug":"beni-de-yanina-alir-misin-uzay-yolculugu","status":"publish","type":"product","link":"https:\/\/roveyayinevi.com.tr\/index.php\/urun\/beni-de-yanina-alir-misin-uzay-yolculugu\/","title":{"rendered":"Beni de Yan\u0131na Al\u0131r M\u0131s\u0131n? Uzay Yolculu\u011fu"},"content":{"rendered":"<p>Yeni bir macerada sen de sevdiklerini yan\u0131na al\u0131r m\u0131s\u0131n? Bir astronot gibi uzayda dola\u015fmak pek keyifli! En iyi arkada\u015flar\u0131nla g\u00f6ky\u00fcz\u00fcn\u00fc, y\u0131ld\u0131zlar\u0131 ve gezegenleri \u00f6\u011frenmek de \u00e7ok e\u011flenceli! Ama \u00f6nce atla arac\u0131na ve \u00e7\u0131k yola. Ke\u015fifler yolculuklarla ba\u015flar unutma!<\/p>\n","protected":false},"excerpt":{"rendered":"<p>Yeni bir macerada sen de sevdiklerini yan\u0131na al\u0131r m\u0131s\u0131n? Bir astronot gibi uzayda dola\u015fmak pek keyifli! En iyi arkada\u015flar\u0131nla g\u00f6ky\u00fcz\u00fcn\u00fc, y\u0131ld\u0131zlar\u0131 ve gezegenleri \u00f6\u011frenmek de \u00e7ok<span class=\"excerpt-hellip\"> [\u2026]<\/span><\/p>\n","protected":false},"featured_media":0,"template":"","meta":{"_monsterinsights_skip_tracking":false,"_monsterinsights_sitenote_active":false,"_monsterinsights_sitenote_note":"","_monsterinsights_sitenote_category":0},"product_brand":[],"product_cat":[12274,12284],"product_tag":[],"class_list":{"0":"post-780872","1":"product","2":"type-product","3":"status-publish","5":"product_cat-cocuk-ve-genclik-kitaplari","6":"product_cat-hikayeler","7":"pa_cilt-ciltli","8":"pa_tur-kitap","9":"pa_yayinevi-sincap-kitap","10":"pa_yazar-kolektif","12":"first","13":"instock","14":"sale","15":"shipping-taxable","16":"purchasable","17":"product-type-simple"},"_links":{"self":[{"href":"https:\/\/roveyayinevi.com.tr\/index.php\/wp-json\/wp\/v2\/product\/780872","targetHints":{"allow":["GET"]}}],"collection":[{"href":"https:\/\/roveyayinevi.com.tr\/index.php\/wp-json\/wp\/v2\/product"}],"about":[{"href":"https:\/\/roveyayinevi.com.tr\/index.php\/wp-json\/wp\/v2\/types\/product"}],"wp:attachment":[{"href":"https:\/\/roveyayinevi.com.tr\/index.php\/wp-json\/wp\/v2\/media?parent=780872"}],"wp:term":[{"taxonomy":"product_brand","embeddable":true,"href":"https:\/\/roveyayinevi.com.tr\/index.php\/wp-json\/wp\/v2\/product_brand?post=780872"},{"taxonomy":"product_cat","embeddable":true,"href":"https:\/\/roveyayinevi.com.tr\/index.php\/wp-json\/wp\/v2\/product_cat?post=780872"},{"taxonomy":"product_tag","embeddable":true,"href":"https:\/\/roveyayinevi.com.tr\/index.php\/wp-json\/wp\/v2\/product_tag?post=780872"}],"curies":[{"name":"wp","href":"https:\/\/api.w.org\/{rel}","templated":true}]}}