{"id":780870,"date":"2026-01-20T04:25:57","date_gmt":"2026-01-20T01:25:57","guid":{"rendered":"https:\/\/roveyayinevi.com.tr\/index.php\/urun\/benim-bir-gun-kitabim-yaparsam-olur\/"},"modified":"2026-04-15T03:45:21","modified_gmt":"2026-04-15T00:45:21","slug":"benim-bir-gun-kitabim-yaparsam-olur","status":"publish","type":"product","link":"https:\/\/roveyayinevi.com.tr\/index.php\/urun\/benim-bir-gun-kitabim-yaparsam-olur\/","title":{"rendered":"Benim Bir G\u00fcn Kitab\u0131m &#8211; Yaparsam Olur"},"content":{"rendered":"<p>Benim Bir G\u00fcn Kitab\u0131m-Yaparsam Olur \u015eimdi bir g\u00fcn\u00fcm\u00fcz\u00fc e\u011flenceye d\u00f6n\u00fc\u015ft\u00fcrme vakti! Sincap gibi lezzetli bir kek mi yapmak istersin? Yoksa fare gibi bir tohum ekip b\u00fcy\u00fcmesini mi beklersin? Penguenin sevdikleriyle ge\u00e7irdi\u011fi bir g\u00fcn\u00fcne e\u015flik etmek \u00e7ok keyifli, \u00f6yle de\u011fil mi? Yap-boz-ke\u015ffet par\u00e7alar\u0131 birle\u015ftir ve sen de bir g\u00fcn\u00fcn\u00fc payla\u015f.<\/p>\n","protected":false},"excerpt":{"rendered":"<p>Benim Bir G\u00fcn Kitab\u0131m-Yaparsam Olur \u015eimdi bir g\u00fcn\u00fcm\u00fcz\u00fc e\u011flenceye d\u00f6n\u00fc\u015ft\u00fcrme vakti! Sincap gibi lezzetli bir kek mi yapmak istersin? Yoksa fare gibi bir tohum ekip b\u00fcy\u00fcmesini<span class=\"excerpt-hellip\"> [\u2026]<\/span><\/p>\n","protected":false},"featured_media":0,"template":"","meta":{"_monsterinsights_skip_tracking":false,"_monsterinsights_sitenote_active":false,"_monsterinsights_sitenote_note":"","_monsterinsights_sitenote_category":0},"product_brand":[],"product_cat":[12274,12284],"product_tag":[],"class_list":{"0":"post-780870","1":"product","2":"type-product","3":"status-publish","5":"product_cat-cocuk-ve-genclik-kitaplari","6":"product_cat-hikayeler","7":"pa_cilt-ciltsiz","8":"pa_tur-kitap","9":"pa_yayinevi-sincap-kitap","10":"pa_yazar-kolektif","12":"first","13":"instock","14":"sale","15":"shipping-taxable","16":"purchasable","17":"product-type-simple"},"_links":{"self":[{"href":"https:\/\/roveyayinevi.com.tr\/index.php\/wp-json\/wp\/v2\/product\/780870","targetHints":{"allow":["GET"]}}],"collection":[{"href":"https:\/\/roveyayinevi.com.tr\/index.php\/wp-json\/wp\/v2\/product"}],"about":[{"href":"https:\/\/roveyayinevi.com.tr\/index.php\/wp-json\/wp\/v2\/types\/product"}],"wp:attachment":[{"href":"https:\/\/roveyayinevi.com.tr\/index.php\/wp-json\/wp\/v2\/media?parent=780870"}],"wp:term":[{"taxonomy":"product_brand","embeddable":true,"href":"https:\/\/roveyayinevi.com.tr\/index.php\/wp-json\/wp\/v2\/product_brand?post=780870"},{"taxonomy":"product_cat","embeddable":true,"href":"https:\/\/roveyayinevi.com.tr\/index.php\/wp-json\/wp\/v2\/product_cat?post=780870"},{"taxonomy":"product_tag","embeddable":true,"href":"https:\/\/roveyayinevi.com.tr\/index.php\/wp-json\/wp\/v2\/product_tag?post=780870"}],"curies":[{"name":"wp","href":"https:\/\/api.w.org\/{rel}","templated":true}]}}