{"id":780861,"date":"2026-01-20T04:25:06","date_gmt":"2026-01-20T01:25:06","guid":{"rendered":"https:\/\/roveyayinevi.com.tr\/index.php\/urun\/bebek-universitesi-hikayeli-ilk-kavramlarim-4\/"},"modified":"2026-04-15T03:45:21","modified_gmt":"2026-04-15T00:45:21","slug":"bebek-universitesi-hikayeli-ilk-kavramlarim-4","status":"publish","type":"product","link":"https:\/\/roveyayinevi.com.tr\/index.php\/urun\/bebek-universitesi-hikayeli-ilk-kavramlarim-4\/","title":{"rendered":"Bebek \u00dcniversitesi &#8211; Hikayeli \u0130lk Kavramlar\u0131m 4"},"content":{"rendered":"<p>\u0130lk Kavramlar\u0131 Tatl\u0131 Hik\u00e2yelerle Ke\u015ffetmeye Devam Ediyoruz! Kar kitab\u0131nda bir kar tanesinin nas\u0131l olu\u015ftu\u011funu \u00f6\u011frenerek heyecanla yery\u00fcz\u00fcnde nereye d\u00fc\u015fece\u011fini bekleme maceras\u0131n\u0131 onunla birlikte ya\u015farken Su kitab\u0131nda k\u00fc\u00e7\u00fcc\u00fck bir su damlas\u0131n\u0131n arkada\u015flar\u0131yla bir araya geldi\u011finde g\u00f6lleri, akarsular\u0131, denizleri a\u015farak kocaman okyanus olma maceras\u0131n\u0131 dinleyebilirsin. Tohum kitab\u0131nda a\u011fa\u00e7 olmak i\u00e7in ge\u00e7ti\u011fi yolculuklar\u0131 anlatan bir elma tohumunun hik\u00e2yesini kendisinden dinleyip G\u00fcne\u015f Sistemi kitab\u0131nda da D\u00fcnya\u2019n\u0131n G\u00fcne\u015f\u2019in etraf\u0131ndaki Ay\u2019\u0131n da G\u00fcne\u015f\u2019in etraf\u0131ndaki yolculu\u011fuyla olu\u015fturdu\u011fu sistemi merak ederek uzay meki\u011fine binip t\u00fcm bunlar\u0131 yak\u0131ndan inceleyebilirsin.<\/p>\n","protected":false},"excerpt":{"rendered":"<p>\u0130lk Kavramlar\u0131 Tatl\u0131 Hik\u00e2yelerle Ke\u015ffetmeye Devam Ediyoruz! Kar kitab\u0131nda bir kar tanesinin nas\u0131l olu\u015ftu\u011funu \u00f6\u011frenerek heyecanla yery\u00fcz\u00fcnde nereye d\u00fc\u015fece\u011fini bekleme maceras\u0131n\u0131 onunla birlikte ya\u015farken Su kitab\u0131nda<span class=\"excerpt-hellip\"> [\u2026]<\/span><\/p>\n","protected":false},"featured_media":0,"template":"","meta":{"_monsterinsights_skip_tracking":false,"_monsterinsights_sitenote_active":false,"_monsterinsights_sitenote_note":"","_monsterinsights_sitenote_category":0},"product_brand":[],"product_cat":[12274,12284],"product_tag":[],"class_list":{"0":"post-780861","1":"product","2":"type-product","3":"status-publish","5":"product_cat-cocuk-ve-genclik-kitaplari","6":"product_cat-hikayeler","7":"pa_cilt-ciltsiz","8":"pa_tur-kitap","9":"pa_yayinevi-sincap-kitap","10":"pa_yazar-cagri-odabasi","12":"first","13":"instock","14":"sale","15":"shipping-taxable","16":"purchasable","17":"product-type-simple"},"_links":{"self":[{"href":"https:\/\/roveyayinevi.com.tr\/index.php\/wp-json\/wp\/v2\/product\/780861","targetHints":{"allow":["GET"]}}],"collection":[{"href":"https:\/\/roveyayinevi.com.tr\/index.php\/wp-json\/wp\/v2\/product"}],"about":[{"href":"https:\/\/roveyayinevi.com.tr\/index.php\/wp-json\/wp\/v2\/types\/product"}],"wp:attachment":[{"href":"https:\/\/roveyayinevi.com.tr\/index.php\/wp-json\/wp\/v2\/media?parent=780861"}],"wp:term":[{"taxonomy":"product_brand","embeddable":true,"href":"https:\/\/roveyayinevi.com.tr\/index.php\/wp-json\/wp\/v2\/product_brand?post=780861"},{"taxonomy":"product_cat","embeddable":true,"href":"https:\/\/roveyayinevi.com.tr\/index.php\/wp-json\/wp\/v2\/product_cat?post=780861"},{"taxonomy":"product_tag","embeddable":true,"href":"https:\/\/roveyayinevi.com.tr\/index.php\/wp-json\/wp\/v2\/product_tag?post=780861"}],"curies":[{"name":"wp","href":"https:\/\/api.w.org\/{rel}","templated":true}]}}