{"id":780847,"date":"2026-01-20T04:24:08","date_gmt":"2026-01-20T01:24:08","guid":{"rendered":"https:\/\/roveyayinevi.com.tr\/index.php\/urun\/duygular-bir-kalbe-sigar-mi\/"},"modified":"2026-04-15T03:45:21","modified_gmt":"2026-04-15T00:45:21","slug":"duygular-bir-kalbe-sigar-mi","status":"publish","type":"product","link":"https:\/\/roveyayinevi.com.tr\/index.php\/urun\/duygular-bir-kalbe-sigar-mi\/","title":{"rendered":"Duygular Bir Kalbe S\u0131\u011far m\u0131?"},"content":{"rendered":"<p>Duygular Bir Kalbe S\u0131\u011far m\u0131? Duygular\u0131n\u0131 kucaklamak isteyen herkese\u2026 \u201cDuygular Bir Kalbe S\u0131\u011far M\u0131?\u201d kitab\u0131, sayfa altlar\u0131nda ve hik\u00e2yesinde \u00f6zenle sorulmu\u015f sorular\u0131yla \u00e7ocuklar\u0131 kal\u0131plar\u0131n \u00f6tesinde d\u00fc\u015f\u00fcnmeye te\u015fvik ediyor. \u00c7ocuklar \u0130\u00e7in Felsefe pedagojisi \u0131\u015f\u0131\u011f\u0131nda haz\u0131rlanan kitap, \u00e7ocuklarla felsefe etkinli\u011fi yapmaya y\u00f6nelik teknikleri incelikle okurlar\u0131yla payla\u015f\u0131yor. \u00d6zg\u00fcrce doya doya soraca\u011f\u0131n sorular ile yavru ay\u0131n\u0131n hik\u00e2yesinde d\u00fc\u015f\u00fcnmeye haz\u0131r m\u0131s\u0131n\u0131z?<\/p>\n","protected":false},"excerpt":{"rendered":"<p>Duygular Bir Kalbe S\u0131\u011far m\u0131? Duygular\u0131n\u0131 kucaklamak isteyen herkese\u2026 \u201cDuygular Bir Kalbe S\u0131\u011far M\u0131?\u201d kitab\u0131, sayfa altlar\u0131nda ve hik\u00e2yesinde \u00f6zenle sorulmu\u015f sorular\u0131yla \u00e7ocuklar\u0131 kal\u0131plar\u0131n \u00f6tesinde d\u00fc\u015f\u00fcnmeye<span class=\"excerpt-hellip\"> [\u2026]<\/span><\/p>\n","protected":false},"featured_media":0,"template":"","meta":{"_monsterinsights_skip_tracking":false,"_monsterinsights_sitenote_active":false,"_monsterinsights_sitenote_note":"","_monsterinsights_sitenote_category":0},"product_brand":[],"product_cat":[12274,12284],"product_tag":[],"class_list":{"0":"post-780847","1":"product","2":"type-product","3":"status-publish","5":"product_cat-cocuk-ve-genclik-kitaplari","6":"product_cat-hikayeler","7":"pa_cilt-ciltsiz","8":"pa_tur-kitap","9":"pa_yayinevi-sincap-kitap","10":"pa_yazar-deniz-alter","12":"first","13":"instock","14":"sale","15":"shipping-taxable","16":"purchasable","17":"product-type-simple"},"_links":{"self":[{"href":"https:\/\/roveyayinevi.com.tr\/index.php\/wp-json\/wp\/v2\/product\/780847","targetHints":{"allow":["GET"]}}],"collection":[{"href":"https:\/\/roveyayinevi.com.tr\/index.php\/wp-json\/wp\/v2\/product"}],"about":[{"href":"https:\/\/roveyayinevi.com.tr\/index.php\/wp-json\/wp\/v2\/types\/product"}],"wp:attachment":[{"href":"https:\/\/roveyayinevi.com.tr\/index.php\/wp-json\/wp\/v2\/media?parent=780847"}],"wp:term":[{"taxonomy":"product_brand","embeddable":true,"href":"https:\/\/roveyayinevi.com.tr\/index.php\/wp-json\/wp\/v2\/product_brand?post=780847"},{"taxonomy":"product_cat","embeddable":true,"href":"https:\/\/roveyayinevi.com.tr\/index.php\/wp-json\/wp\/v2\/product_cat?post=780847"},{"taxonomy":"product_tag","embeddable":true,"href":"https:\/\/roveyayinevi.com.tr\/index.php\/wp-json\/wp\/v2\/product_tag?post=780847"}],"curies":[{"name":"wp","href":"https:\/\/api.w.org\/{rel}","templated":true}]}}