{"id":780846,"date":"2026-01-20T04:24:05","date_gmt":"2026-01-20T01:24:05","guid":{"rendered":"https:\/\/roveyayinevi.com.tr\/index.php\/urun\/lemu-duygu-trenim\/"},"modified":"2026-04-15T03:45:21","modified_gmt":"2026-04-15T00:45:21","slug":"lemu-duygu-trenim","status":"publish","type":"product","link":"https:\/\/roveyayinevi.com.tr\/index.php\/urun\/lemu-duygu-trenim\/","title":{"rendered":"Lemu &#8211; Duygu Trenim"},"content":{"rendered":"<p>Duygular\u0131n ve sen bir b\u00fct\u00fcns\u00fcn.  Birlikte reng\u00e2renksiniz ve ya\u015fad\u0131\u011f\u0131n her duyguda farkl\u0131 bir renk sa\u00e7ars\u0131n etraf\u0131na. Ama biliyor musun, bazen duygular\u0131n\u0131 kontrol etmen gerekebilir. Duygular\u0131n\u0131 ke\u015ffetmek i\u00e7in de biraz zamana ihtiyac\u0131n olabilir. Nas\u0131l m\u0131? Lemu\u2019yla Duygu Treni\u2019ne binip t\u00fcm vagonlar\u0131 ziyaret edelim.  \u00d6nce arkada\u015f\u0131n Lemu\u2019nun hik\u00e2yesini okuyal\u0131m sonra puzzle\u2019\u0131m\u0131z\u0131 tamamlayal\u0131m!<\/p>\n","protected":false},"excerpt":{"rendered":"<p>Duygular\u0131n ve sen bir b\u00fct\u00fcns\u00fcn. Birlikte reng\u00e2renksiniz ve ya\u015fad\u0131\u011f\u0131n her duyguda farkl\u0131 bir renk sa\u00e7ars\u0131n etraf\u0131na. Ama biliyor musun, bazen duygular\u0131n\u0131 kontrol etmen gerekebilir. Duygular\u0131n\u0131 ke\u015ffetmek<span class=\"excerpt-hellip\"> [\u2026]<\/span><\/p>\n","protected":false},"featured_media":0,"template":"","meta":{"_monsterinsights_skip_tracking":false,"_monsterinsights_sitenote_active":false,"_monsterinsights_sitenote_note":"","_monsterinsights_sitenote_category":0},"product_brand":[],"product_cat":[12274,15842],"product_tag":[],"class_list":{"0":"post-780846","1":"product","2":"type-product","3":"status-publish","5":"product_cat-cocuk-ve-genclik-kitaplari","6":"product_cat-egitici-kitaplar","7":"pa_cilt-ciltsiz","8":"pa_tur-kitap","9":"pa_yayinevi-sincap-kitap","10":"pa_yazar-ayse-aydemir","12":"first","13":"instock","14":"sale","15":"shipping-taxable","16":"purchasable","17":"product-type-simple"},"_links":{"self":[{"href":"https:\/\/roveyayinevi.com.tr\/index.php\/wp-json\/wp\/v2\/product\/780846","targetHints":{"allow":["GET"]}}],"collection":[{"href":"https:\/\/roveyayinevi.com.tr\/index.php\/wp-json\/wp\/v2\/product"}],"about":[{"href":"https:\/\/roveyayinevi.com.tr\/index.php\/wp-json\/wp\/v2\/types\/product"}],"wp:attachment":[{"href":"https:\/\/roveyayinevi.com.tr\/index.php\/wp-json\/wp\/v2\/media?parent=780846"}],"wp:term":[{"taxonomy":"product_brand","embeddable":true,"href":"https:\/\/roveyayinevi.com.tr\/index.php\/wp-json\/wp\/v2\/product_brand?post=780846"},{"taxonomy":"product_cat","embeddable":true,"href":"https:\/\/roveyayinevi.com.tr\/index.php\/wp-json\/wp\/v2\/product_cat?post=780846"},{"taxonomy":"product_tag","embeddable":true,"href":"https:\/\/roveyayinevi.com.tr\/index.php\/wp-json\/wp\/v2\/product_tag?post=780846"}],"curies":[{"name":"wp","href":"https:\/\/api.w.org\/{rel}","templated":true}]}}