{"id":780845,"date":"2026-01-20T04:24:01","date_gmt":"2026-01-20T01:24:01","guid":{"rendered":"https:\/\/roveyayinevi.com.tr\/index.php\/urun\/genel-kultur-kitabim-taniyorum\/"},"modified":"2026-04-15T03:45:21","modified_gmt":"2026-04-15T00:45:21","slug":"genel-kultur-kitabim-taniyorum","status":"publish","type":"product","link":"https:\/\/roveyayinevi.com.tr\/index.php\/urun\/genel-kultur-kitabim-taniyorum\/","title":{"rendered":"Genel K\u00fclt\u00fcr Kitab\u0131m &#8211; Tan\u0131yorum"},"content":{"rendered":"<p>GENEL K\u00dcLT\u00dcR K\u0130TABIM-TANIYORUM Kendini ve \u00e7evreni tan\u0131maya haz\u0131r m\u0131s\u0131n? Zaman h\u0131zla akarken her g\u00fcn yeni beceriler kazanacak,ilk deneyimlerinin heyecan\u0131n\u0131 ya\u015fayacaks\u0131n.Bazen tek ba\u015f\u0131na ke\u015ffedecek bazen de sevdiklerinle payla\u015fman\u0131n keyfini \u00e7\u0131karacaks\u0131n. Unutma,her yeni g\u00fcn hayat\u0131n boyunca biriktirece\u011fin k\u00fc\u00e7\u00fck ve mutlu an\u0131larla dolu\u2026<\/p>\n","protected":false},"excerpt":{"rendered":"<p>GENEL K\u00dcLT\u00dcR K\u0130TABIM-TANIYORUM Kendini ve \u00e7evreni tan\u0131maya haz\u0131r m\u0131s\u0131n? Zaman h\u0131zla akarken her g\u00fcn yeni beceriler kazanacak,ilk deneyimlerinin heyecan\u0131n\u0131 ya\u015fayacaks\u0131n.Bazen tek ba\u015f\u0131na ke\u015ffedecek bazen de sevdiklerinle<span class=\"excerpt-hellip\"> [\u2026]<\/span><\/p>\n","protected":false},"featured_media":0,"template":"","meta":{"_monsterinsights_skip_tracking":false,"_monsterinsights_sitenote_active":false,"_monsterinsights_sitenote_note":"","_monsterinsights_sitenote_category":0},"product_brand":[],"product_cat":[12274,12284],"product_tag":[],"class_list":{"0":"post-780845","1":"product","2":"type-product","3":"status-publish","5":"product_cat-cocuk-ve-genclik-kitaplari","6":"product_cat-hikayeler","7":"pa_cilt-ciltsiz","8":"pa_tur-kitap","9":"pa_yayinevi-sincap-kitap","10":"pa_yazar-cagri-odabasi","12":"first","13":"instock","14":"sale","15":"shipping-taxable","16":"purchasable","17":"product-type-simple"},"_links":{"self":[{"href":"https:\/\/roveyayinevi.com.tr\/index.php\/wp-json\/wp\/v2\/product\/780845","targetHints":{"allow":["GET"]}}],"collection":[{"href":"https:\/\/roveyayinevi.com.tr\/index.php\/wp-json\/wp\/v2\/product"}],"about":[{"href":"https:\/\/roveyayinevi.com.tr\/index.php\/wp-json\/wp\/v2\/types\/product"}],"wp:attachment":[{"href":"https:\/\/roveyayinevi.com.tr\/index.php\/wp-json\/wp\/v2\/media?parent=780845"}],"wp:term":[{"taxonomy":"product_brand","embeddable":true,"href":"https:\/\/roveyayinevi.com.tr\/index.php\/wp-json\/wp\/v2\/product_brand?post=780845"},{"taxonomy":"product_cat","embeddable":true,"href":"https:\/\/roveyayinevi.com.tr\/index.php\/wp-json\/wp\/v2\/product_cat?post=780845"},{"taxonomy":"product_tag","embeddable":true,"href":"https:\/\/roveyayinevi.com.tr\/index.php\/wp-json\/wp\/v2\/product_tag?post=780845"}],"curies":[{"name":"wp","href":"https:\/\/api.w.org\/{rel}","templated":true}]}}