{"id":780843,"date":"2026-01-20T04:23:53","date_gmt":"2026-01-20T01:23:53","guid":{"rendered":"https:\/\/roveyayinevi.com.tr\/index.php\/urun\/azicik-aklim-karisti-set\/"},"modified":"2026-03-09T03:50:28","modified_gmt":"2026-03-09T00:50:28","slug":"azicik-aklim-karisti-set","status":"publish","type":"product","link":"https:\/\/roveyayinevi.com.tr\/index.php\/urun\/azicik-aklim-karisti-set\/","title":{"rendered":"Az\u0131c\u0131k Akl\u0131m Kar\u0131\u015ft\u0131 &#8211; Set"},"content":{"rendered":"<p>Bazen d\u00fc\u015f\u00fcnceler akl\u0131m\u0131z\u0131 kar\u0131\u015ft\u0131rabilir! \u201cD\u00fc\u015f\u00fcnce baloncuklar\u0131\u201d a\u00e7\u0131lsa akl\u0131m\u0131zdan ge\u00e7enleri birlikte yeniden okusak, ne dersin? Klinik Psikolog Mehmet Teber\u2019in kaleminden d\u00fc\u015f\u00fcnce metaforuyla birlikte  \u201cD\u00fc\u015f\u00fcncelere Y\u00f6n Verme\u201d hik\u00e2yeleri \u015fimdi kalemiyle birlikte \u00f6zel kutusunda<\/p>\n","protected":false},"excerpt":{"rendered":"<p>Bazen d\u00fc\u015f\u00fcnceler akl\u0131m\u0131z\u0131 kar\u0131\u015ft\u0131rabilir! \u201cD\u00fc\u015f\u00fcnce baloncuklar\u0131\u201d a\u00e7\u0131lsa akl\u0131m\u0131zdan ge\u00e7enleri birlikte yeniden okusak, ne dersin? Klinik Psikolog Mehmet Teber\u2019in kaleminden d\u00fc\u015f\u00fcnce metaforuyla birlikte \u201cD\u00fc\u015f\u00fcncelere Y\u00f6n Verme\u201d hik\u00e2yeleri<span class=\"excerpt-hellip\"> [\u2026]<\/span><\/p>\n","protected":false},"featured_media":0,"template":"","meta":{"_monsterinsights_skip_tracking":false,"_monsterinsights_sitenote_active":false,"_monsterinsights_sitenote_note":"","_monsterinsights_sitenote_category":0},"product_brand":[],"product_cat":[12274,12284],"product_tag":[],"class_list":{"0":"post-780843","1":"product","2":"type-product","3":"status-publish","5":"product_cat-cocuk-ve-genclik-kitaplari","6":"product_cat-hikayeler","7":"pa_cilt-ciltsiz","8":"pa_tur-kitap","9":"pa_yayinevi-sincap-kitap","10":"pa_yazar-mehmet-teber","12":"first","13":"instock","14":"sale","15":"shipping-taxable","16":"purchasable","17":"product-type-simple"},"_links":{"self":[{"href":"https:\/\/roveyayinevi.com.tr\/index.php\/wp-json\/wp\/v2\/product\/780843","targetHints":{"allow":["GET"]}}],"collection":[{"href":"https:\/\/roveyayinevi.com.tr\/index.php\/wp-json\/wp\/v2\/product"}],"about":[{"href":"https:\/\/roveyayinevi.com.tr\/index.php\/wp-json\/wp\/v2\/types\/product"}],"wp:attachment":[{"href":"https:\/\/roveyayinevi.com.tr\/index.php\/wp-json\/wp\/v2\/media?parent=780843"}],"wp:term":[{"taxonomy":"product_brand","embeddable":true,"href":"https:\/\/roveyayinevi.com.tr\/index.php\/wp-json\/wp\/v2\/product_brand?post=780843"},{"taxonomy":"product_cat","embeddable":true,"href":"https:\/\/roveyayinevi.com.tr\/index.php\/wp-json\/wp\/v2\/product_cat?post=780843"},{"taxonomy":"product_tag","embeddable":true,"href":"https:\/\/roveyayinevi.com.tr\/index.php\/wp-json\/wp\/v2\/product_tag?post=780843"}],"curies":[{"name":"wp","href":"https:\/\/api.w.org\/{rel}","templated":true}]}}