{"id":780838,"date":"2026-01-20T04:23:36","date_gmt":"2026-01-20T01:23:36","guid":{"rendered":"https:\/\/roveyayinevi.com.tr\/index.php\/urun\/bay-limoni\/"},"modified":"2026-04-15T03:45:20","modified_gmt":"2026-04-15T00:45:20","slug":"bay-limoni","status":"publish","type":"product","link":"https:\/\/roveyayinevi.com.tr\/index.php\/urun\/bay-limoni\/","title":{"rendered":"Bay Limoni"},"content":{"rendered":"<p>Aslen mu\u0308zisyen olan Bay Limoni\u2019nin hayat\u0131, mahallenin afacanlar\u0131ndan birinin balkondan f\u0131rlatt\u0131\u011f\u0131 limon \u00e7ekirde\u011fiyle de\u011fi\u015fir. Kafas\u0131nda yeti\u015fen limonlar nedeniyle bir tu\u0308rlu\u0308 mu\u0308zik yapamayan Bay Limoni en sonunda kafas\u0131ndaki limonlar\u0131 satarken bu i\u015fi mu\u0308zikle tatland\u0131rmaya karar verir ve sokaklar bir anda \u201cLimonataaaaa buz gibi limonataaa la la laaaa\u2026\u201d sesleriyle yank\u0131lan\u0131r.<\/p>\n","protected":false},"excerpt":{"rendered":"<p>Aslen mu\u0308zisyen olan Bay Limoni\u2019nin hayat\u0131, mahallenin afacanlar\u0131ndan birinin balkondan f\u0131rlatt\u0131\u011f\u0131 limon \u00e7ekirde\u011fiyle de\u011fi\u015fir. Kafas\u0131nda yeti\u015fen limonlar nedeniyle bir tu\u0308rlu\u0308 mu\u0308zik yapamayan Bay Limoni en sonunda<span class=\"excerpt-hellip\"> [\u2026]<\/span><\/p>\n","protected":false},"featured_media":0,"template":"","meta":{"_monsterinsights_skip_tracking":false,"_monsterinsights_sitenote_active":false,"_monsterinsights_sitenote_note":"","_monsterinsights_sitenote_category":0},"product_brand":[],"product_cat":[12274,12284],"product_tag":[],"class_list":{"0":"post-780838","1":"product","2":"type-product","3":"status-publish","5":"product_cat-cocuk-ve-genclik-kitaplari","6":"product_cat-hikayeler","7":"pa_cilt-ciltsiz","8":"pa_tur-kitap","9":"pa_yayinevi-dinozor-cocuk","10":"pa_yazar-gonca-mine-celik","12":"first","13":"instock","14":"sale","15":"shipping-taxable","16":"purchasable","17":"product-type-simple"},"_links":{"self":[{"href":"https:\/\/roveyayinevi.com.tr\/index.php\/wp-json\/wp\/v2\/product\/780838","targetHints":{"allow":["GET"]}}],"collection":[{"href":"https:\/\/roveyayinevi.com.tr\/index.php\/wp-json\/wp\/v2\/product"}],"about":[{"href":"https:\/\/roveyayinevi.com.tr\/index.php\/wp-json\/wp\/v2\/types\/product"}],"wp:attachment":[{"href":"https:\/\/roveyayinevi.com.tr\/index.php\/wp-json\/wp\/v2\/media?parent=780838"}],"wp:term":[{"taxonomy":"product_brand","embeddable":true,"href":"https:\/\/roveyayinevi.com.tr\/index.php\/wp-json\/wp\/v2\/product_brand?post=780838"},{"taxonomy":"product_cat","embeddable":true,"href":"https:\/\/roveyayinevi.com.tr\/index.php\/wp-json\/wp\/v2\/product_cat?post=780838"},{"taxonomy":"product_tag","embeddable":true,"href":"https:\/\/roveyayinevi.com.tr\/index.php\/wp-json\/wp\/v2\/product_tag?post=780838"}],"curies":[{"name":"wp","href":"https:\/\/api.w.org\/{rel}","templated":true}]}}