{"id":780837,"date":"2026-01-20T04:23:33","date_gmt":"2026-01-20T01:23:33","guid":{"rendered":"https:\/\/roveyayinevi.com.tr\/index.php\/urun\/babamin-defterleri-3\/"},"modified":"2026-04-15T03:45:20","modified_gmt":"2026-04-15T00:45:20","slug":"babamin-defterleri-3","status":"publish","type":"product","link":"https:\/\/roveyayinevi.com.tr\/index.php\/urun\/babamin-defterleri-3\/","title":{"rendered":"Babam\u0131n Defterleri 3"},"content":{"rendered":"<p>Gen\u00e7ler i\u00e7in felsefe tarihi 3   \u201cY\u0131lmaz Murat Bilican bu eserinde Ege karakterini art\u0131k modern filozoflarla diyalo\u011fa sokuyor ve onlara kendi \u00e7a\u011f\u0131ndan sorular sormay\u0131 da ihmal etmiyor. Edebi bir stille kaleme al\u0131nan bu felsefe tarihi kitab\u0131nda Bilican, modern felsefeyi ve modernli\u011fin getirdi\u011fi yeni paradigmay\u0131 son derece ak\u0131c\u0131, son derece yal\u0131n ve son derece yerinde sorularla her ya\u015ftan insana aktar\u0131yor.\u201d Prof. Dr. Hakan \u00c7\u00f6rek\u00e7io\u011flu   Ege\u2019nin Hollanda sokaklar\u0131nda bisiklet u\u0308zerindeki gezintilerinin filozoflar\u0131n zihinlerindeki gezintilerle paralel ilerledi\u011fi bir anlat\u0131\u2026 Modern felsefenin temelini atan filozoflar, Ege\u2019nin merak\u0131 ve sorular\u0131yla dile geliyor ve \u00e7a\u011f\u0131m\u0131zdan o gu\u0308ne olan bak\u0131\u015f\u0131m\u0131z\u0131 berrakla\u015ft\u0131r\u0131yor.<\/p>\n","protected":false},"excerpt":{"rendered":"<p>Gen\u00e7ler i\u00e7in felsefe tarihi 3 \u201cY\u0131lmaz Murat Bilican bu eserinde Ege karakterini art\u0131k modern filozoflarla diyalo\u011fa sokuyor ve onlara kendi \u00e7a\u011f\u0131ndan sorular sormay\u0131 da ihmal etmiyor.<span class=\"excerpt-hellip\"> [\u2026]<\/span><\/p>\n","protected":false},"featured_media":0,"template":"","meta":{"_monsterinsights_skip_tracking":false,"_monsterinsights_sitenote_active":false,"_monsterinsights_sitenote_note":"","_monsterinsights_sitenote_category":0},"product_brand":[],"product_cat":[12388,14717],"product_tag":[],"class_list":{"0":"post-780837","1":"product","2":"type-product","3":"status-publish","5":"product_cat-felsefe","6":"product_cat-felsefe-tarihi","7":"pa_cilt-ciltsiz","8":"pa_tur-kitap","9":"pa_yayinevi-dinozor-cocuk","10":"pa_yazar-yilmaz-murat-bilican","12":"first","13":"instock","14":"sale","15":"shipping-taxable","16":"purchasable","17":"product-type-simple"},"_links":{"self":[{"href":"https:\/\/roveyayinevi.com.tr\/index.php\/wp-json\/wp\/v2\/product\/780837","targetHints":{"allow":["GET"]}}],"collection":[{"href":"https:\/\/roveyayinevi.com.tr\/index.php\/wp-json\/wp\/v2\/product"}],"about":[{"href":"https:\/\/roveyayinevi.com.tr\/index.php\/wp-json\/wp\/v2\/types\/product"}],"wp:attachment":[{"href":"https:\/\/roveyayinevi.com.tr\/index.php\/wp-json\/wp\/v2\/media?parent=780837"}],"wp:term":[{"taxonomy":"product_brand","embeddable":true,"href":"https:\/\/roveyayinevi.com.tr\/index.php\/wp-json\/wp\/v2\/product_brand?post=780837"},{"taxonomy":"product_cat","embeddable":true,"href":"https:\/\/roveyayinevi.com.tr\/index.php\/wp-json\/wp\/v2\/product_cat?post=780837"},{"taxonomy":"product_tag","embeddable":true,"href":"https:\/\/roveyayinevi.com.tr\/index.php\/wp-json\/wp\/v2\/product_tag?post=780837"}],"curies":[{"name":"wp","href":"https:\/\/api.w.org\/{rel}","templated":true}]}}