{"id":780833,"date":"2026-01-20T04:23:21","date_gmt":"2026-01-20T01:23:21","guid":{"rendered":"https:\/\/roveyayinevi.com.tr\/index.php\/urun\/19-21-yuzyil-kuresel-sosyalizm-tarihi\/"},"modified":"2026-04-15T03:45:20","modified_gmt":"2026-04-15T00:45:20","slug":"19-21-yuzyil-kuresel-sosyalizm-tarihi","status":"publish","type":"product","link":"https:\/\/roveyayinevi.com.tr\/index.php\/urun\/19-21-yuzyil-kuresel-sosyalizm-tarihi\/","title":{"rendered":"19. &#8211; 21. Yu\u0308zy\u0131l Ku\u0308resel Sosyalizm Tarihi"},"content":{"rendered":"<p>Ku\u0308resel sosyalizm tarihi, tek bir \u00e7izgide okunabilecek bir ideolojiden \u00f6te, iki yu\u0308zy\u0131l\u0131 a\u015fk\u0131n bir su\u0308redir du\u0308nyay\u0131 d\u00f6nu\u0308\u015ftu\u0308rmeye \u00e7al\u0131\u015fan, her co\u011frafyada farkl\u0131 bi\u00e7imler al\u0131p farkl\u0131 sorular u\u0308retmi\u015f \u00e7oklu du\u0308\u015fu\u0308nce ve eylem bi\u00e7imlerinin tarihidir. 19. yu\u0308zy\u0131ldan 21. yu\u0308zy\u0131la uzanan bu geni\u015f panoramay\u0131 ele alan, 80\u2019i a\u015fk\u0131n ara\u015ft\u0131rmac\u0131n\u0131n katk\u0131s\u0131yla olu\u015fturulmu\u015f bu ba\u015fvuru kitab\u0131, sosyalizmin farkl\u0131 co\u011frafyalarda nas\u0131l do\u011fdu\u011funu, hangi evrimleri ge\u00e7irdi\u011fini ve bugu\u0308n ne anlama geldi\u011fini kolektif bir a\u00e7\u0131dan inceler. Kolektif yakla\u015f\u0131m\u0131n amac\u0131, bu tarihi bir merkeze ba\u011fl\u0131 bir anlat\u0131da hapsolmadan, fikirler, insanlar ve olaylar aras\u0131nda etkile\u015fimli bir a\u011f olarak sunmaktad\u0131r. Peki, s\u0131n\u0131rlar\u0131 mu\u011flak olan \u201csosyalizm\u201d kavram\u0131 21. yu\u0308zy\u0131l\u0131n ba\u015f\u0131nda neyi ifade eder? Zaman i\u00e7erisinde nas\u0131l d\u00f6nu\u0308\u015fmu\u0308\u015ftu\u0308r? Ku\u0308resel sosyalizmin h\u00e2l\u00e2 bir gelece\u011fi var m\u0131d\u0131r? Varsa, hangi bi\u00e7imlerde vard\u0131r? Jean-Numa Ducange, Razmig Keucheyan ve St\u00e9phanie Roza edit\u00f6rlu\u0308\u011fu\u0308ndeki yazarlar bu sorulara yan\u0131t ararken, sosyalizmin yaln\u0131zca ekonomik de\u011fil, ayn\u0131 zamanda politik ve ekolojik boyutlar\u0131yla ve sosyal ekoloji, ye\u015fil-sosyalist yakla\u015f\u0131mlar gibi farkl\u0131 ak\u0131mlarla da gu\u0308nu\u0308mu\u0308z du\u0308nyas\u0131nda nas\u0131l yeniden du\u0308\u015fu\u0308nu\u0308lebilece\u011fini tart\u0131\u015f\u0131r. Eser, belirli bir sosyalizm anlay\u0131\u015f\u0131n\u0131 yu\u0308celtmez; fikirlerin ve pratiklerin \u00e7e\u015fitlili\u011fini bu\u0308tu\u0308nlu\u0308klu\u0308 bir bak\u0131\u015fla sunmak i\u00e7in tasarlanm\u0131\u015ft\u0131r. Teorik kavramlardan tarihsel d\u00f6nu\u0308m noktalar\u0131na ve \u00f6nemli figu\u0308rlere uzanan u\u0308\u00e7 b\u00f6lu\u0308mlu\u0308 bir \u201cku\u0308resel s\u00f6zlu\u0308k\u201d niteli\u011findedir. Bu kitap, hem siyaset bilimi ve tarih alan\u0131nda \u00e7al\u0131\u015fan ara\u015ft\u0131rmac\u0131lara hem de \u00e7a\u011fda\u015f du\u0308nyan\u0131n d\u00f6nu\u0308\u015fu\u0308m dinamiklerini anlamak isteyen geni\u015f bir okur kitlesine hitap eden disiplinleraras\u0131 bir ba\u015fvuru kayna\u011f\u0131.<\/p>\n","protected":false},"excerpt":{"rendered":"<p>Ku\u0308resel sosyalizm tarihi, tek bir \u00e7izgide okunabilecek bir ideolojiden \u00f6te, iki yu\u0308zy\u0131l\u0131 a\u015fk\u0131n bir su\u0308redir du\u0308nyay\u0131 d\u00f6nu\u0308\u015ftu\u0308rmeye \u00e7al\u0131\u015fan, her co\u011frafyada farkl\u0131 bi\u00e7imler al\u0131p farkl\u0131 sorular u\u0308retmi\u015f<span class=\"excerpt-hellip\"> [\u2026]<\/span><\/p>\n","protected":false},"featured_media":0,"template":"","meta":{"_monsterinsights_skip_tracking":false,"_monsterinsights_sitenote_active":false,"_monsterinsights_sitenote_note":"","_monsterinsights_sitenote_category":0},"product_brand":[],"product_cat":[141304],"product_tag":[],"class_list":{"0":"post-780833","1":"product","2":"type-product","3":"status-publish","5":"product_cat-yeni-cikanlar","6":"pa_cilt-ciltsiz","7":"pa_tur-kitap","8":"pa_yayinevi-ayrinti-yayinlari","9":"pa_yazar-jean-numa-ducange-razmig-keucheyan-stephanie-roza","11":"first","12":"instock","13":"sale","14":"shipping-taxable","15":"purchasable","16":"product-type-simple"},"_links":{"self":[{"href":"https:\/\/roveyayinevi.com.tr\/index.php\/wp-json\/wp\/v2\/product\/780833","targetHints":{"allow":["GET"]}}],"collection":[{"href":"https:\/\/roveyayinevi.com.tr\/index.php\/wp-json\/wp\/v2\/product"}],"about":[{"href":"https:\/\/roveyayinevi.com.tr\/index.php\/wp-json\/wp\/v2\/types\/product"}],"wp:attachment":[{"href":"https:\/\/roveyayinevi.com.tr\/index.php\/wp-json\/wp\/v2\/media?parent=780833"}],"wp:term":[{"taxonomy":"product_brand","embeddable":true,"href":"https:\/\/roveyayinevi.com.tr\/index.php\/wp-json\/wp\/v2\/product_brand?post=780833"},{"taxonomy":"product_cat","embeddable":true,"href":"https:\/\/roveyayinevi.com.tr\/index.php\/wp-json\/wp\/v2\/product_cat?post=780833"},{"taxonomy":"product_tag","embeddable":true,"href":"https:\/\/roveyayinevi.com.tr\/index.php\/wp-json\/wp\/v2\/product_tag?post=780833"}],"curies":[{"name":"wp","href":"https:\/\/api.w.org\/{rel}","templated":true}]}}