{"id":780828,"date":"2026-01-20T04:23:00","date_gmt":"2026-01-20T01:23:00","guid":{"rendered":"https:\/\/roveyayinevi.com.tr\/index.php\/urun\/agladigimda\/"},"modified":"2026-04-15T03:45:20","modified_gmt":"2026-04-15T00:45:20","slug":"agladigimda","status":"publish","type":"product","link":"https:\/\/roveyayinevi.com.tr\/index.php\/urun\/agladigimda\/","title":{"rendered":"A\u011flad\u0131\u011f\u0131mda"},"content":{"rendered":"<p>G\u00f6z\u00fcmden d\u00f6k\u00fclen her damla ya\u015fla birlikte duygular\u0131m da akmakta d\u0131\u015far\u0131ya. Bazen \u00fcz\u00fcnt\u00fc, bazen \u00f6zlem, bazen de mutlulukla\u2026 B\u0131rak\u0131yor yerini bir g\u00fcl\u00fcmseye sonra da. Art\u0131k biliyorum ki g\u00f6zya\u015flar\u0131m, duygular\u0131m\u0131 anlatma \u015feklim asl\u0131nda.<\/p>\n","protected":false},"excerpt":{"rendered":"<p>G\u00f6z\u00fcmden d\u00f6k\u00fclen her damla ya\u015fla birlikte duygular\u0131m da akmakta d\u0131\u015far\u0131ya. Bazen \u00fcz\u00fcnt\u00fc, bazen \u00f6zlem, bazen de mutlulukla\u2026 B\u0131rak\u0131yor yerini bir g\u00fcl\u00fcmseye sonra da. Art\u0131k biliyorum ki<span class=\"excerpt-hellip\"> [\u2026]<\/span><\/p>\n","protected":false},"featured_media":0,"template":"","meta":{"_monsterinsights_skip_tracking":false,"_monsterinsights_sitenote_active":false,"_monsterinsights_sitenote_note":"","_monsterinsights_sitenote_category":0},"product_brand":[],"product_cat":[12274,12284],"product_tag":[],"class_list":{"0":"post-780828","1":"product","2":"type-product","3":"status-publish","5":"product_cat-cocuk-ve-genclik-kitaplari","6":"product_cat-hikayeler","7":"pa_cilt-ciltsiz","8":"pa_tur-kitap","9":"pa_yayinevi-sincap-kitap","10":"pa_yazar-canan-kuloglu","12":"first","13":"instock","14":"sale","15":"shipping-taxable","16":"purchasable","17":"product-type-simple"},"_links":{"self":[{"href":"https:\/\/roveyayinevi.com.tr\/index.php\/wp-json\/wp\/v2\/product\/780828","targetHints":{"allow":["GET"]}}],"collection":[{"href":"https:\/\/roveyayinevi.com.tr\/index.php\/wp-json\/wp\/v2\/product"}],"about":[{"href":"https:\/\/roveyayinevi.com.tr\/index.php\/wp-json\/wp\/v2\/types\/product"}],"wp:attachment":[{"href":"https:\/\/roveyayinevi.com.tr\/index.php\/wp-json\/wp\/v2\/media?parent=780828"}],"wp:term":[{"taxonomy":"product_brand","embeddable":true,"href":"https:\/\/roveyayinevi.com.tr\/index.php\/wp-json\/wp\/v2\/product_brand?post=780828"},{"taxonomy":"product_cat","embeddable":true,"href":"https:\/\/roveyayinevi.com.tr\/index.php\/wp-json\/wp\/v2\/product_cat?post=780828"},{"taxonomy":"product_tag","embeddable":true,"href":"https:\/\/roveyayinevi.com.tr\/index.php\/wp-json\/wp\/v2\/product_tag?post=780828"}],"curies":[{"name":"wp","href":"https:\/\/api.w.org\/{rel}","templated":true}]}}