{"id":780823,"date":"2026-01-20T04:22:39","date_gmt":"2026-01-20T01:22:39","guid":{"rendered":"https:\/\/roveyayinevi.com.tr\/index.php\/urun\/yarim-birakma-ipli-kitap-2\/"},"modified":"2026-04-15T03:45:20","modified_gmt":"2026-04-15T00:45:20","slug":"yarim-birakma-ipli-kitap-2","status":"publish","type":"product","link":"https:\/\/roveyayinevi.com.tr\/index.php\/urun\/yarim-birakma-ipli-kitap-2\/","title":{"rendered":"Yar\u0131m B\u0131rakma- \u0130pli Kitap 2"},"content":{"rendered":"<p>Yar\u0131m B\u0131rakma- \u0130pli Kitap 2Her g\u00fcn yeni \u015feyler tasarlamak ve \u201cmaceral\u0131 oyunlara\u201d ba\u015flamak i\u00e7in buradas\u0131n!Bu yolculukta yuvarlak bir g\u00fcne\u015fin ilk \u0131\u015f\u0131klar\u0131ndan y\u0131ld\u0131zlar\u0131n par\u0131lt\u0131s\u0131na kadar, sevdiklerinle payla\u015faca\u011f\u0131n an\u0131larda seni bekleyen \u015fekiller var.G\u00fczel bir g\u00fcn\u00fcn ard\u0131ndan da k\u00fc\u00e7\u00fck bir ipucu: \u201cBa\u015flad\u0131\u011f\u0131n hi\u00e7bir \u015feyi Yar\u0131m B\u0131rakma!\u201d<\/p>\n","protected":false},"excerpt":{"rendered":"<p>Yar\u0131m B\u0131rakma- \u0130pli Kitap 2Her g\u00fcn yeni \u015feyler tasarlamak ve \u201cmaceral\u0131 oyunlara\u201d ba\u015flamak i\u00e7in buradas\u0131n!Bu yolculukta yuvarlak bir g\u00fcne\u015fin ilk \u0131\u015f\u0131klar\u0131ndan y\u0131ld\u0131zlar\u0131n par\u0131lt\u0131s\u0131na kadar, sevdiklerinle payla\u015faca\u011f\u0131n<span class=\"excerpt-hellip\"> [\u2026]<\/span><\/p>\n","protected":false},"featured_media":0,"template":"","meta":{"_monsterinsights_skip_tracking":false,"_monsterinsights_sitenote_active":false,"_monsterinsights_sitenote_note":"","_monsterinsights_sitenote_category":0},"product_brand":[],"product_cat":[12274,12518],"product_tag":[],"class_list":{"0":"post-780823","1":"product","2":"type-product","3":"status-publish","5":"product_cat-cocuk-ve-genclik-kitaplari","6":"product_cat-okul-oncesi-kitaplar","7":"pa_cilt-ciltsiz","8":"pa_tur-kitap","9":"pa_yayinevi-sincap-kitap","10":"pa_yazar-kolektif","12":"first","13":"instock","14":"sale","15":"shipping-taxable","16":"purchasable","17":"product-type-simple"},"_links":{"self":[{"href":"https:\/\/roveyayinevi.com.tr\/index.php\/wp-json\/wp\/v2\/product\/780823","targetHints":{"allow":["GET"]}}],"collection":[{"href":"https:\/\/roveyayinevi.com.tr\/index.php\/wp-json\/wp\/v2\/product"}],"about":[{"href":"https:\/\/roveyayinevi.com.tr\/index.php\/wp-json\/wp\/v2\/types\/product"}],"wp:attachment":[{"href":"https:\/\/roveyayinevi.com.tr\/index.php\/wp-json\/wp\/v2\/media?parent=780823"}],"wp:term":[{"taxonomy":"product_brand","embeddable":true,"href":"https:\/\/roveyayinevi.com.tr\/index.php\/wp-json\/wp\/v2\/product_brand?post=780823"},{"taxonomy":"product_cat","embeddable":true,"href":"https:\/\/roveyayinevi.com.tr\/index.php\/wp-json\/wp\/v2\/product_cat?post=780823"},{"taxonomy":"product_tag","embeddable":true,"href":"https:\/\/roveyayinevi.com.tr\/index.php\/wp-json\/wp\/v2\/product_tag?post=780823"}],"curies":[{"name":"wp","href":"https:\/\/api.w.org\/{rel}","templated":true}]}}